{"id":444,"date":"2018-10-16T09:06:57","date_gmt":"2018-10-16T09:06:57","guid":{"rendered":"http:\/\/black-jack.com.test\/?page_id=444"},"modified":"2019-01-21T15:51:51","modified_gmt":"2019-01-21T15:51:51","slug":"tipos","status":"publish","type":"page","link":"https:\/\/black-jack.com\/es\/tipos\/","title":{"rendered":"Variantes"},"content":{"rendered":"","protected":false},"excerpt":{"rendered":"","protected":false},"author":1,"featured_media":0,"parent":0,"menu_order":0,"comment_status":"closed","ping_status":"closed","template":"","meta":{"_acf_changed":false,"footnotes":""},"categories":[],"tags":[],"class_list":["post-444","page","type-page","status-publish","hentry"],"acf":{"amp":"no","menu_type":"full","page_builder":[{"acf_fc_layout":"section_full_width","section_full_width":[{"acf_fc_layout":"hero_text","label_choices":"","label_align":"left","label":"","title_choices":"h1","title_align":"left","title":"Todas las Variantes de Blackjack - Las Modalidades M\u00e1s Populares","subtitle_choices":"h4","subtitle_align":"left","subtitle":"","paragraph_choices":"p","paragraph_align":"left","text":"<p><span style=\"font-weight: 400;\">El del 21 es un juego tan conocido y extendido que no es de extra\u00f1ar que tenga muchas versiones diferentes. Dado que no hay ning\u00fan casino online que ofrezca la misma variedad de modalidades de este juego, vamos a explicarte cu\u00e1les son todas las variantes de Blackjack para que sepas lo que te espera cuando salgas ah\u00ed fuera a jugar.<\/span><\/p>\n<p><span style=\"font-weight: 400;\">Adem\u00e1s de presentarte los Tipos de blackjack que hay actualmente, nos vamos a centrar sobre todo en las modalidades m\u00e1s populares para que las conozcas de antemano.<\/span><\/p>\n","read_more_group":{"option":"yes","max_chars":"214","label_choices":"p","read_more":"Read More","show_less":"Show Less"},"text_field_size":"6","text_field_position":"left","buttons":{"button_check":false,"button_type":false,"text":"","target_type":"","link_type":"","link":"","operators":{"operator":"","operator_type_top":false,"operator_type_single":false,"operator_name_casino":false,"operator_name_sport":false,"operator_name_poker":false,"operator_name_bingo":false,"operator_name_lotto":false},"internal":null,"external":"","select_border":"none","arrow":false},"show_rich_snippet":false,"text_color":"light","box_shadow_select":"none","bg_type":"image","bg_image":"https:\/\/black-jack.com\/es\/wp-content\/uploads\/sites\/5\/2018\/12\/Blackjack-Variantes.jpg","bg_color_type":"","background_color_versions":false,"gradient_versions":false},{"acf_fc_layout":"inner_menu","select_type":"sub","select_menu":false,"operator_main_page":false,"current_element_title":false,"current_custom_title":"All Variants","show_third_level_elements":false,"show_parent_as_first_element":true,"parent_element_title":true,"parent_custom_title":"Todas las Variantes","left_arrow":false,"static_elements":false,"first_element":"none","last_element":"none","slider_for_desktop":true},{"acf_fc_layout":"breadcrumbs","paragraph_choices":"p","breadcrumb_align":"center","breadcrumb_separator":"\/","current_element_color":"#e71546","remove_spacing_after":true,"text_color":"dark","box_shadow_select":"none","bg_type":"color","bg_image":false,"bg_color_type":"solid","background_color_versions":"bg-c1","gradient_versions":false},{"acf_fc_layout":"inner_menu_boxes","label_choices":"","label_align":"left","label":"","title_choices":"h2","title_align":"center","title":"Elige tu Tipo de Blackjack Favorito","subtitle_choices":"h4","subtitle_align":"left","subtitle":"","paragraph_choices":"p","paragraph_align":"center","text":"<p><span style=\"font-weight: 400;\">Hay muchas variedades de blackjack circulando por todo el mundo, pero los principales tipos de blackjack existentes son un espectro mucho m\u00e1s reducido. Aqu\u00ed te vamos a traer los nombres m\u00e1s destacados para que los conozcas y te vayas familiarizando.<\/span><\/p>\n","read_more_group":{"option":"no","max_chars":300,"label_choices":"rm","read_more":"Read More","show_less":"Show Less"},"boxes":{"sub_pages_level":"1","box_background":"#ffffff","show_page_title":true,"title_choices":"h5","title_align":"center","show_page_description":true,"paragraph_choices":"p","paragraph_align":"center","show_read_more_button":true,"button_type":"btn-v6","button_border_bottom":true,"button_text":"Lee M\u00e1s","show_page_likes":true,"vote_up_image":{"ID":2042,"id":2042,"title":"Pulgar-Arriba","filename":"Pulgar-Arriba.png","filesize":1741,"url":"https:\/\/black-jack.com\/es\/wp-content\/uploads\/sites\/5\/2018\/12\/Pulgar-Arriba.png","link":"https:\/\/black-jack.com\/es\/bonos\/attachment\/pulgar-arriba\/","alt":"Pulgar-Arriba","author":"1","description":"","caption":"","name":"pulgar-arriba","status":"inherit","uploaded_to":1185,"date":"2018-12-12 09:17:05","modified":"2018-12-13 08:30:26","menu_order":0,"mime_type":"image\/png","type":"image","subtype":"png","icon":"https:\/\/black-jack.com\/es\/wp-includes\/images\/media\/default.png","width":100,"height":100,"sizes":{"thumbnail":"https:\/\/black-jack.com\/es\/wp-content\/uploads\/sites\/5\/2018\/12\/Pulgar-Arriba.png","thumbnail-width":100,"thumbnail-height":100,"medium":"https:\/\/black-jack.com\/es\/wp-content\/uploads\/sites\/5\/2018\/12\/Pulgar-Arriba.png","medium-width":100,"medium-height":100,"medium_large":"https:\/\/black-jack.com\/es\/wp-content\/uploads\/sites\/5\/2018\/12\/Pulgar-Arriba.png","medium_large-width":100,"medium_large-height":100,"large":"https:\/\/black-jack.com\/es\/wp-content\/uploads\/sites\/5\/2018\/12\/Pulgar-Arriba.png","large-width":100,"large-height":100,"1536x1536":"https:\/\/black-jack.com\/es\/wp-content\/uploads\/sites\/5\/2018\/12\/Pulgar-Arriba.png","1536x1536-width":100,"1536x1536-height":100,"2048x2048":"https:\/\/black-jack.com\/es\/wp-content\/uploads\/sites\/5\/2018\/12\/Pulgar-Arriba.png","2048x2048-width":100,"2048x2048-height":100}},"vote_down_image":{"ID":2041,"id":2041,"title":"Pulgar-Abajo","filename":"Pulgar-Abajo.png","filesize":1752,"url":"https:\/\/black-jack.com\/es\/wp-content\/uploads\/sites\/5\/2018\/12\/Pulgar-Abajo.png","link":"https:\/\/black-jack.com\/es\/bonos\/attachment\/pulgar-abajo\/","alt":"Pulgar-Abajo","author":"1","description":"","caption":"","name":"pulgar-abajo","status":"inherit","uploaded_to":1185,"date":"2018-12-12 09:17:04","modified":"2018-12-13 08:30:26","menu_order":0,"mime_type":"image\/png","type":"image","subtype":"png","icon":"https:\/\/black-jack.com\/es\/wp-includes\/images\/media\/default.png","width":100,"height":100,"sizes":{"thumbnail":"https:\/\/black-jack.com\/es\/wp-content\/uploads\/sites\/5\/2018\/12\/Pulgar-Abajo.png","thumbnail-width":100,"thumbnail-height":100,"medium":"https:\/\/black-jack.com\/es\/wp-content\/uploads\/sites\/5\/2018\/12\/Pulgar-Abajo.png","medium-width":100,"medium-height":100,"medium_large":"https:\/\/black-jack.com\/es\/wp-content\/uploads\/sites\/5\/2018\/12\/Pulgar-Abajo.png","medium_large-width":100,"medium_large-height":100,"large":"https:\/\/black-jack.com\/es\/wp-content\/uploads\/sites\/5\/2018\/12\/Pulgar-Abajo.png","large-width":100,"large-height":100,"1536x1536":"https:\/\/black-jack.com\/es\/wp-content\/uploads\/sites\/5\/2018\/12\/Pulgar-Abajo.png","1536x1536-width":100,"1536x1536-height":100,"2048x2048":"https:\/\/black-jack.com\/es\/wp-content\/uploads\/sites\/5\/2018\/12\/Pulgar-Abajo.png","2048x2048-width":100,"2048x2048-height":100}},"show_page_comments":true,"comments_image":{"ID":2027,"id":2027,"title":"Blackjack-informacion","filename":"Blackjack-informacion.png","filesize":2008,"url":"https:\/\/black-jack.com\/es\/wp-content\/uploads\/sites\/5\/2018\/12\/Blackjack-informacion.png","link":"https:\/\/black-jack.com\/es\/estrategia\/sistemas\/attachment\/blackjack-informacion\/","alt":"","author":"1","description":"","caption":"","name":"blackjack-informacion","status":"inherit","uploaded_to":1273,"date":"2018-12-12 09:16:54","modified":"2019-01-11 08:42:31","menu_order":0,"mime_type":"image\/png","type":"image","subtype":"png","icon":"https:\/\/black-jack.com\/es\/wp-includes\/images\/media\/default.png","width":100,"height":100,"sizes":{"thumbnail":"https:\/\/black-jack.com\/es\/wp-content\/uploads\/sites\/5\/2018\/12\/Blackjack-informacion.png","thumbnail-width":100,"thumbnail-height":100,"medium":"https:\/\/black-jack.com\/es\/wp-content\/uploads\/sites\/5\/2018\/12\/Blackjack-informacion.png","medium-width":100,"medium-height":100,"medium_large":"https:\/\/black-jack.com\/es\/wp-content\/uploads\/sites\/5\/2018\/12\/Blackjack-informacion.png","medium_large-width":100,"medium_large-height":100,"large":"https:\/\/black-jack.com\/es\/wp-content\/uploads\/sites\/5\/2018\/12\/Blackjack-informacion.png","large-width":100,"large-height":100,"1536x1536":"https:\/\/black-jack.com\/es\/wp-content\/uploads\/sites\/5\/2018\/12\/Blackjack-informacion.png","1536x1536-width":100,"1536x1536-height":100,"2048x2048":"https:\/\/black-jack.com\/es\/wp-content\/uploads\/sites\/5\/2018\/12\/Blackjack-informacion.png","2048x2048-width":100,"2048x2048-height":100}},"comments_text":"Comentarios"},"text_color":"dark","box_shadow_select":"none","bg_type":"color","bg_image":false,"bg_color_type":"solid","background_color_versions":"bg-c1","gradient_versions":false},{"acf_fc_layout":"cta_operator","label_choices":"","label_align":"left","label":"","title_choices":"h2","title_align":"center","title":"Casino del Mes","subtitle_choices":"h4","subtitle_align":"left","subtitle":"","paragraph_choices":"p","paragraph_align":"left","text":"","read_more_group":{"option":"no","max_chars":300,"label_choices":"rm","read_more":"Read More","show_less":"Show Less"},"box_names":"Main Dark","show_rich_snippet":false,"operator":"page","operator_type_top":false,"operator_type_single":false,"operator_name_casino":false,"operator_name_sport":false,"operator_name_poker":false,"operator_name_bingo":false,"operator_name_lotto":false,"text_color":"light","box_shadow_select":"none","bg_type":"color","bg_image":false,"bg_color_type":"gradient","background_color_versions":false,"gradient_versions":"bg-gr1"},{"acf_fc_layout":"text_box_accordion","label_choices":"","label_align":"left","label":"","title_choices":"h2","title_align":"center","title":"FAQs sobre Tipos de Blackjack","subtitle_choices":"h4","subtitle_align":"left","subtitle":"","paragraph_choices":"p","paragraph_align":"left","text":"","read_more_group":{"option":"no","max_chars":300,"label_choices":"rm","read_more":"Read More","show_less":"Show Less"},"accordion":[{"icon":{"ID":2034,"id":2034,"title":"Blackjack-Variantes","filename":"Blackjack-Variantes.png","filesize":3145,"url":"https:\/\/black-jack.com\/es\/wp-content\/uploads\/sites\/5\/2018\/12\/Blackjack-Variantes.png","link":"https:\/\/black-jack.com\/es\/casinos-online\/attachment\/blackjack-variantes-2\/","alt":"Blackjack-Variantes","author":"1","description":"","caption":"","name":"blackjack-variantes-2","status":"inherit","uploaded_to":435,"date":"2018-12-12 09:17:00","modified":"2018-12-13 09:06:45","menu_order":0,"mime_type":"image\/png","type":"image","subtype":"png","icon":"https:\/\/black-jack.com\/es\/wp-includes\/images\/media\/default.png","width":100,"height":100,"sizes":{"thumbnail":"https:\/\/black-jack.com\/es\/wp-content\/uploads\/sites\/5\/2018\/12\/Blackjack-Variantes.png","thumbnail-width":100,"thumbnail-height":100,"medium":"https:\/\/black-jack.com\/es\/wp-content\/uploads\/sites\/5\/2018\/12\/Blackjack-Variantes.png","medium-width":100,"medium-height":100,"medium_large":"https:\/\/black-jack.com\/es\/wp-content\/uploads\/sites\/5\/2018\/12\/Blackjack-Variantes.png","medium_large-width":100,"medium_large-height":100,"large":"https:\/\/black-jack.com\/es\/wp-content\/uploads\/sites\/5\/2018\/12\/Blackjack-Variantes.png","large-width":100,"large-height":100,"1536x1536":"https:\/\/black-jack.com\/es\/wp-content\/uploads\/sites\/5\/2018\/12\/Blackjack-Variantes.png","1536x1536-width":100,"1536x1536-height":100,"2048x2048":"https:\/\/black-jack.com\/es\/wp-content\/uploads\/sites\/5\/2018\/12\/Blackjack-Variantes.png","2048x2048-width":100,"2048x2048-height":100}},"title":"\u00bfCu\u00e1ntos tipos de blackjack existen?","text":"<p><span style=\"font-weight: 400;\">Con tan solo echar un vistazo a todo lo que hemos explicado aqu\u00ed, podemos responder f\u00e1cilmente a la pregunta de cu\u00e1ntos tipos de blackjack existen afirmando que hay 11. No obstante, dado que existen muchas m\u00e1s opciones que son, simplemente, peque\u00f1as variaciones de otras ya existentes, la cifra se multiplica de forma m\u00e1s que notable. Pueden haber, perfectamente, m\u00e1s de 20 variantes distintas de este juego de cartas repartidas por casinos de todo el mundo.<\/span><\/p>\n"},{"icon":{"ID":2025,"id":2025,"title":"Blackjack-Ganancias-Prohibidas","filename":"Blackjack-Ganancias-Prohibidas.png","filesize":3268,"url":"https:\/\/black-jack.com\/es\/wp-content\/uploads\/sites\/5\/2018\/12\/Blackjack-Ganancias-Prohibidas.png","link":"https:\/\/black-jack.com\/es\/home\/attachment\/blackjack-ganancias-prohibidas\/","alt":"Blackjack-Ganancias-Prohibidas","author":"1","description":"","caption":"","name":"blackjack-ganancias-prohibidas","status":"inherit","uploaded_to":432,"date":"2018-12-12 09:16:53","modified":"2018-12-12 09:30:47","menu_order":0,"mime_type":"image\/png","type":"image","subtype":"png","icon":"https:\/\/black-jack.com\/es\/wp-includes\/images\/media\/default.png","width":100,"height":100,"sizes":{"thumbnail":"https:\/\/black-jack.com\/es\/wp-content\/uploads\/sites\/5\/2018\/12\/Blackjack-Ganancias-Prohibidas.png","thumbnail-width":100,"thumbnail-height":100,"medium":"https:\/\/black-jack.com\/es\/wp-content\/uploads\/sites\/5\/2018\/12\/Blackjack-Ganancias-Prohibidas.png","medium-width":100,"medium-height":100,"medium_large":"https:\/\/black-jack.com\/es\/wp-content\/uploads\/sites\/5\/2018\/12\/Blackjack-Ganancias-Prohibidas.png","medium_large-width":100,"medium_large-height":100,"large":"https:\/\/black-jack.com\/es\/wp-content\/uploads\/sites\/5\/2018\/12\/Blackjack-Ganancias-Prohibidas.png","large-width":100,"large-height":100,"1536x1536":"https:\/\/black-jack.com\/es\/wp-content\/uploads\/sites\/5\/2018\/12\/Blackjack-Ganancias-Prohibidas.png","1536x1536-width":100,"1536x1536-height":100,"2048x2048":"https:\/\/black-jack.com\/es\/wp-content\/uploads\/sites\/5\/2018\/12\/Blackjack-Ganancias-Prohibidas.png","2048x2048-width":100,"2048x2048-height":100}},"title":"\u00bfCu\u00e1l es el mejor tipo de blackjack?","text":"<p><span style=\"font-weight: 400;\">El mejor tipo de blackjack que hay, por antig\u00fcedad y por popularidad es el cl\u00e1sico. El problema aqu\u00ed es que estamos hablando de algo bastante subjetivo, ya que por normas y facilidades, cada jugador puede encontrar en una modalidad diferente la que mejor encaje con sus gustos. Si nos ce\u00f1imos a la popularidad y a los m\u00e1s jugados, sin duda debemos se\u00f1alar el europeo y el americano, pero hay tanto entre lo que elegir que recomendamos experimentar con todos para encontrar el que m\u00e1s divierta a cada uno.<\/span><\/p>\n"},{"icon":{"ID":2032,"id":2032,"title":"Blackjack-Sin-Registro","filename":"Blackjack-Sin-Registro.png","filesize":3026,"url":"https:\/\/black-jack.com\/es\/wp-content\/uploads\/sites\/5\/2018\/12\/Blackjack-Sin-Registro.png","link":"https:\/\/black-jack.com\/es\/gratis\/attachment\/blackjack-sin-registro\/","alt":"","author":"1","description":"","caption":"","name":"blackjack-sin-registro","status":"inherit","uploaded_to":439,"date":"2018-12-12 09:16:59","modified":"2018-12-13 09:25:30","menu_order":0,"mime_type":"image\/png","type":"image","subtype":"png","icon":"https:\/\/black-jack.com\/es\/wp-includes\/images\/media\/default.png","width":100,"height":100,"sizes":{"thumbnail":"https:\/\/black-jack.com\/es\/wp-content\/uploads\/sites\/5\/2018\/12\/Blackjack-Sin-Registro.png","thumbnail-width":100,"thumbnail-height":100,"medium":"https:\/\/black-jack.com\/es\/wp-content\/uploads\/sites\/5\/2018\/12\/Blackjack-Sin-Registro.png","medium-width":100,"medium-height":100,"medium_large":"https:\/\/black-jack.com\/es\/wp-content\/uploads\/sites\/5\/2018\/12\/Blackjack-Sin-Registro.png","medium_large-width":100,"medium_large-height":100,"large":"https:\/\/black-jack.com\/es\/wp-content\/uploads\/sites\/5\/2018\/12\/Blackjack-Sin-Registro.png","large-width":100,"large-height":100,"1536x1536":"https:\/\/black-jack.com\/es\/wp-content\/uploads\/sites\/5\/2018\/12\/Blackjack-Sin-Registro.png","1536x1536-width":100,"1536x1536-height":100,"2048x2048":"https:\/\/black-jack.com\/es\/wp-content\/uploads\/sites\/5\/2018\/12\/Blackjack-Sin-Registro.png","2048x2048-width":100,"2048x2048-height":100}},"title":"\u00bfQu\u00e9 variedad de blackjack es la m\u00e1s f\u00e1cil de aprender?","text":"<p><span style=\"font-weight: 400;\">En caso de preguntarte qu\u00e9 variedad de blackjack es la m\u00e1s f\u00e1cil de aprender, lo primero que debemos responder es que, a tenor de lo explicado, todas las modalidades tienen un reglamento que se entiende con facilidad y sin problemas. No obstante, dada su popularidad y extensi\u00f3n, los m\u00e1s recomendables son el Blackjack Cl\u00e1sico, el Europeo y el Americano. Dominar este tr\u00edo de juegos es dominar los fundamentos esenciales, los mejores.<\/span><\/p>\n"}],"text_color":"dark","box_shadow_select":"none","bg_type":"color","bg_image":false,"bg_color_type":"solid","background_color_versions":"bg-c1","gradient_versions":false},{"acf_fc_layout":"cta1","label_choices":"","label_align":"left","label":"","title_choices":"h2","title_align":"left","title":"","operator":"page","operator_type_top":false,"operator_type_single":false,"operator_name_casino":false,"operator_name_sport":false,"operator_name_poker":false,"operator_name_bingo":false,"operator_name_lotto":false,"bonus_description":true,"buttons":{"button_check":true,"button_type":"btn-v1","text":"Reg\u00edstrate Ahora","target_type":"operator","link_type":"direct","link":"","operators":{"operator":"page","operator_type_top":false,"operator_type_single":false,"operator_name_casino":false,"operator_name_sport":false,"operator_name_poker":false,"operator_name_bingo":false,"operator_name_lotto":false},"internal":null,"external":"","select_border":"none","arrow":false},"disclaimer":false,"text_color":"dark","box_shadow_select":"none","bg_type":"color","bg_image":false,"bg_color_type":"solid","background_color_versions":"bg-c1","gradient_versions":"bg-gr1"}]}],"title":"Todos los Tipos de Blackjack \u00bb La Comparativa Completa","breadcrumbs":"","description":"El del 21 es un juego tan conocido y extendido que no es de extra\u00f1ar que tenga muchas versiones diferentes. Dado que no hay ning\u00fan casino online que ofrezca la misma variedad de modalidades de este juego, vamos a explicarte cu\u00e1les son todas las variantes de Blackjack para que sepas lo que te espera cuando salgas ah\u00ed fuera a jugar.\r\n\r\nAdem\u00e1s de presentarte los tipos de blackjack que hay actualmente, nos vamos a centrar sobre todo en las modalidades m\u00e1s populares para que las conozcas de antemano.","seo":{"title":"Todos los Tipos de Blackjack \u00bb La Comparativa Completa","breadcrumbs":"","description":"El del 21 es un juego tan conocido y extendido que no es de extra\u00f1ar que tenga muchas versiones diferentes. Dado que no hay ning\u00fan casino online que ofrezca la misma variedad de modalidades de este juego, vamos a explicarte cu\u00e1les son todas las variantes de Blackjack para que sepas lo que te espera cuando salgas ah\u00ed fuera a jugar.\r\n\r\nAdem\u00e1s de presentarte los tipos de blackjack que hay actualmente, nos vamos a centrar sobre todo en las modalidades m\u00e1s populares para que las conozcas de antemano."},"custom_page_description":"","custom_page_order":"0"},"yoast_head":"<!-- This site is optimized with the Yoast SEO plugin v26.7 - https:\/\/yoast.com\/wordpress\/plugins\/seo\/ -->\n<title>Todos los Tipos de Blackjack \u00bb La Comparativa Completa<\/title>\n<meta name=\"robots\" content=\"index, follow, max-snippet:-1, max-image-preview:large, max-video-preview:-1\" \/>\n<link rel=\"canonical\" href=\"https:\/\/black-jack.com\/es\/tipos\/\" \/>\n<meta property=\"og:locale\" content=\"es_ES\" \/>\n<meta property=\"og:type\" content=\"article\" \/>\n<meta property=\"og:title\" content=\"Todos los Tipos de Blackjack \u00bb La Comparativa Completa\" \/>\n<meta property=\"og:url\" content=\"https:\/\/black-jack.com\/es\/tipos\/\" \/>\n<meta property=\"og:site_name\" content=\"Black-Jack.com Espa\u00f1a\" \/>\n<meta property=\"article:modified_time\" content=\"2019-01-21T15:51:51+00:00\" \/>\n<meta name=\"twitter:card\" content=\"summary_large_image\" \/>\n<script type=\"application\/ld+json\" class=\"yoast-schema-graph\">{\"@context\":\"https:\/\/schema.org\",\"@graph\":[{\"@type\":\"WebPage\",\"@id\":\"https:\/\/black-jack.com\/es\/tipos\/\",\"url\":\"https:\/\/black-jack.com\/es\/tipos\/\",\"name\":\"Todos los Tipos de Blackjack \u00bb La Comparativa Completa\",\"isPartOf\":{\"@id\":\"https:\/\/black-jack.com\/es\/#website\"},\"datePublished\":\"2018-10-16T09:06:57+00:00\",\"dateModified\":\"2019-01-21T15:51:51+00:00\",\"breadcrumb\":{\"@id\":\"https:\/\/black-jack.com\/es\/tipos\/#breadcrumb\"},\"inLanguage\":\"es\",\"potentialAction\":[{\"@type\":\"ReadAction\",\"target\":[\"https:\/\/black-jack.com\/es\/tipos\/\"]}]},{\"@type\":\"BreadcrumbList\",\"@id\":\"https:\/\/black-jack.com\/es\/tipos\/#breadcrumb\",\"itemListElement\":[{\"@type\":\"ListItem\",\"position\":1,\"name\":\"Home\",\"item\":\"https:\/\/black-jack.com\/es\/\"},{\"@type\":\"ListItem\",\"position\":2,\"name\":\"Variantes\"}]},{\"@type\":\"WebSite\",\"@id\":\"https:\/\/black-jack.com\/es\/#website\",\"url\":\"https:\/\/black-jack.com\/es\/\",\"name\":\"Black-Jack.com Espa\u00f1a\",\"description\":\"\",\"potentialAction\":[{\"@type\":\"SearchAction\",\"target\":{\"@type\":\"EntryPoint\",\"urlTemplate\":\"https:\/\/black-jack.com\/es\/?s={search_term_string}\"},\"query-input\":{\"@type\":\"PropertyValueSpecification\",\"valueRequired\":true,\"valueName\":\"search_term_string\"}}],\"inLanguage\":\"es\"}]}<\/script>\n<!-- \/ Yoast SEO plugin. -->","yoast_head_json":{"title":"Todos los Tipos de Blackjack \u00bb La Comparativa Completa","robots":{"index":"index","follow":"follow","max-snippet":"max-snippet:-1","max-image-preview":"max-image-preview:large","max-video-preview":"max-video-preview:-1"},"canonical":"https:\/\/black-jack.com\/es\/tipos\/","og_locale":"es_ES","og_type":"article","og_title":"Todos los Tipos de Blackjack \u00bb La Comparativa Completa","og_url":"https:\/\/black-jack.com\/es\/tipos\/","og_site_name":"Black-Jack.com Espa\u00f1a","article_modified_time":"2019-01-21T15:51:51+00:00","twitter_card":"summary_large_image","schema":{"@context":"https:\/\/schema.org","@graph":[{"@type":"WebPage","@id":"https:\/\/black-jack.com\/es\/tipos\/","url":"https:\/\/black-jack.com\/es\/tipos\/","name":"Todos los Tipos de Blackjack \u00bb La Comparativa Completa","isPartOf":{"@id":"https:\/\/black-jack.com\/es\/#website"},"datePublished":"2018-10-16T09:06:57+00:00","dateModified":"2019-01-21T15:51:51+00:00","breadcrumb":{"@id":"https:\/\/black-jack.com\/es\/tipos\/#breadcrumb"},"inLanguage":"es","potentialAction":[{"@type":"ReadAction","target":["https:\/\/black-jack.com\/es\/tipos\/"]}]},{"@type":"BreadcrumbList","@id":"https:\/\/black-jack.com\/es\/tipos\/#breadcrumb","itemListElement":[{"@type":"ListItem","position":1,"name":"Home","item":"https:\/\/black-jack.com\/es\/"},{"@type":"ListItem","position":2,"name":"Variantes"}]},{"@type":"WebSite","@id":"https:\/\/black-jack.com\/es\/#website","url":"https:\/\/black-jack.com\/es\/","name":"Black-Jack.com Espa\u00f1a","description":"","potentialAction":[{"@type":"SearchAction","target":{"@type":"EntryPoint","urlTemplate":"https:\/\/black-jack.com\/es\/?s={search_term_string}"},"query-input":{"@type":"PropertyValueSpecification","valueRequired":true,"valueName":"search_term_string"}}],"inLanguage":"es"}]}},"_links":{"self":[{"href":"https:\/\/black-jack.com\/es\/wp-json\/wp\/v2\/pages\/444","targetHints":{"allow":["GET"]}}],"collection":[{"href":"https:\/\/black-jack.com\/es\/wp-json\/wp\/v2\/pages"}],"about":[{"href":"https:\/\/black-jack.com\/es\/wp-json\/wp\/v2\/types\/page"}],"author":[{"embeddable":true,"href":"https:\/\/black-jack.com\/es\/wp-json\/wp\/v2\/users\/1"}],"replies":[{"embeddable":true,"href":"https:\/\/black-jack.com\/es\/wp-json\/wp\/v2\/comments?post=444"}],"version-history":[{"count":0,"href":"https:\/\/black-jack.com\/es\/wp-json\/wp\/v2\/pages\/444\/revisions"}],"wp:attachment":[{"href":"https:\/\/black-jack.com\/es\/wp-json\/wp\/v2\/media?parent=444"}],"wp:term":[{"taxonomy":"category","embeddable":true,"href":"https:\/\/black-jack.com\/es\/wp-json\/wp\/v2\/categories?post=444"},{"taxonomy":"post_tag","embeddable":true,"href":"https:\/\/black-jack.com\/es\/wp-json\/wp\/v2\/tags?post=444"}],"curies":[{"name":"wp","href":"https:\/\/api.w.org\/{rel}","templated":true}]}}