{"id":2908,"date":"2018-12-19T16:41:11","date_gmt":"2018-12-19T16:41:11","guid":{"rendered":"http:\/\/black-jack.com.test\/es\/?page_id=2908"},"modified":"2019-02-07T11:32:56","modified_gmt":"2019-02-07T11:32:56","slug":"dalembert","status":"publish","type":"page","link":"https:\/\/black-jack.com\/es\/estrategia\/sistemas\/dalembert\/","title":{"rendered":"D'Alembert"},"content":{"rendered":"","protected":false},"excerpt":{"rendered":"","protected":false},"author":1,"featured_media":0,"parent":1273,"menu_order":1,"comment_status":"closed","ping_status":"closed","template":"","meta":{"_acf_changed":false,"footnotes":""},"categories":[],"tags":[],"class_list":["post-2908","page","type-page","status-publish","hentry"],"acf":{"amp":"no","menu_type":"full","page_builder":[{"acf_fc_layout":"section_full_width","section_full_width":[{"acf_fc_layout":"hero_text","label_choices":"","label_align":"left","label":"","title_choices":"h1","title_align":"center","title":"Aplica el Sistema D'Alembert al Blackjack <span>Todo sobre este M\u00e9todo para Apostar<\/span>","subtitle_choices":"h4","subtitle_align":"left","subtitle":"","paragraph_choices":"p","paragraph_align":"center","text":"<p><span style=\"font-weight: 400;\">Las matem\u00e1ticas tienen numerosas aplicaciones, y una de las m\u00e1s llamativas, y que m\u00e1s nos incumbe, es la relacionada con los juegos de azar. Gracias a esta rama del conocimiento, hoy podemos hablarte de aplicar el Sistema D\u2019Alembert al Blackjack, una estrategia que le debe su existencia a un matem\u00e1tico.<\/span><\/p>\n<p><span style=\"font-weight: 400;\">Pero no solo vamos a quedarnos en eso, vamos a repasar ventajas, inconvenientes, dar ejemplos y, en definitiva, explicarlo todo sobre el m\u00e9todo para apostar que te acabamos de presentar.<\/span><\/p>\n","read_more_group":{"option":"yes","max_chars":"214","label_choices":"p","read_more":"Read More","show_less":"Show Less"},"text_field_size":"6","text_field_position":"center","buttons":{"button_check":false,"button_type":false,"text":"","target_type":"","link_type":"","link":"","operators":{"operator":"","operator_type_top":false,"operator_type_single":false,"operator_name_casino":false,"operator_name_sport":false,"operator_name_poker":false,"operator_name_bingo":false,"operator_name_lotto":false},"internal":null,"external":"","select_border":"none","arrow":false},"show_rich_snippet":false,"text_color":"light","box_shadow_select":"none","bg_type":"image","bg_image":"https:\/\/black-jack.com\/es\/wp-content\/uploads\/sites\/5\/2018\/12\/Cabecera-Ilustracion-Estrategia-Defecto.jpg","bg_color_type":"","background_color_versions":false,"gradient_versions":false},{"acf_fc_layout":"inner_menu","select_type":"sub","select_menu":false,"operator_main_page":false,"current_element_title":false,"current_custom_title":"","show_third_level_elements":true,"show_parent_as_first_element":true,"parent_element_title":true,"parent_custom_title":"Atr\u00e1s","left_arrow":true,"static_elements":false,"first_element":"none","last_element":"none","slider_for_desktop":false},{"acf_fc_layout":"breadcrumbs","paragraph_choices":"p","breadcrumb_align":"center","breadcrumb_separator":"\/","current_element_color":"#e71546","remove_spacing_after":true,"text_color":"dark","box_shadow_select":"none","bg_type":"color","bg_image":false,"bg_color_type":"solid","background_color_versions":"bg-c1","gradient_versions":false},{"acf_fc_layout":"text_box_accordion","label_choices":"","label_align":"left","label":"","title_choices":"h2","title_align":"center","title":"As\u00ed funciona el Sistema D'Alembert","subtitle_choices":"h4","subtitle_align":"left","subtitle":"","paragraph_choices":"p","paragraph_align":"center","text":"<p><span style=\"font-weight: 400;\">Si te preguntas c\u00f3mo funciona el Sistema D\u2019Alembert, la respuesta es muy sencilla: solo tienes que sumar y restar. Especificando un poco m\u00e1s su planteamiento, debemos decir que es uno de los m\u00e9todos m\u00e1s sencillos para apostar, ya que se basa en la operaci\u00f3n con unidades sencillas al tratar con los importes de las apuestas.<\/span><\/p>\n<p><span style=\"font-weight: 400;\">Los Sistemas D\u2019Alembert de apuestas se caracterizan por tener como punto de partida una cantidad que se toma como unidad b\u00e1sica. El jugador que vaya a apostar debe establecer una cifra que tomar\u00e1 como referencia. As\u00ed, cada vez que pierda una apuesta deber\u00e1 sumar dicha cantidad y, cada vez que gane, restarla. Se produce una progresi\u00f3n tanto ascendente como descendente que trata de mantener siempre un buen margen de beneficios.<\/span><\/p>\n<p><span style=\"font-weight: 400;\">Si ganas, restas; si pierdes, sumas. Es una regla muy sencilla a tener en cuenta si se quiere poner en pr\u00e1ctica esta estrategia para blackjack o para cualquier otro juego como la ruleta. A diferencia de otros <a href=\"https:\/\/black-jack.com\/es\/estrategia\/sistemas\/\">m\u00e9todos de apuestas<\/a>, que requieren llevar un control m\u00e1s exhaustivo para establecer unas secuencias num\u00e9ricas m\u00e1s complejas, aqu\u00ed tan solo hay que memorizar un n\u00famero que se convierte en el recurso constante para las sumas y las restas durante toda la partida.<\/span><\/p>\n","read_more_group":{"option":"yes","max_chars":"214","label_choices":"p","read_more":"Read More","show_less":"Show Less"},"accordion":[{"icon":{"ID":2020,"id":2020,"title":"Blackjack-Entrenamiento","filename":"Blackjack-Entrenamiento.png","filesize":2887,"url":"https:\/\/black-jack.com\/es\/wp-content\/uploads\/sites\/5\/2018\/12\/Blackjack-Entrenamiento.png","link":"https:\/\/black-jack.com\/es\/casinos-online\/attachment\/blackjack-entrenamiento\/","alt":"Blackjack-Entrenamiento","author":"1","description":"","caption":"","name":"blackjack-entrenamiento","status":"inherit","uploaded_to":435,"date":"2018-12-12 09:16:50","modified":"2018-12-13 09:06:45","menu_order":0,"mime_type":"image\/png","type":"image","subtype":"png","icon":"https:\/\/black-jack.com\/es\/wp-includes\/images\/media\/default.png","width":100,"height":100,"sizes":{"thumbnail":"https:\/\/black-jack.com\/es\/wp-content\/uploads\/sites\/5\/2018\/12\/Blackjack-Entrenamiento.png","thumbnail-width":100,"thumbnail-height":100,"medium":"https:\/\/black-jack.com\/es\/wp-content\/uploads\/sites\/5\/2018\/12\/Blackjack-Entrenamiento.png","medium-width":100,"medium-height":100,"medium_large":"https:\/\/black-jack.com\/es\/wp-content\/uploads\/sites\/5\/2018\/12\/Blackjack-Entrenamiento.png","medium_large-width":100,"medium_large-height":100,"large":"https:\/\/black-jack.com\/es\/wp-content\/uploads\/sites\/5\/2018\/12\/Blackjack-Entrenamiento.png","large-width":100,"large-height":100,"1536x1536":"https:\/\/black-jack.com\/es\/wp-content\/uploads\/sites\/5\/2018\/12\/Blackjack-Entrenamiento.png","1536x1536-width":100,"1536x1536-height":100,"2048x2048":"https:\/\/black-jack.com\/es\/wp-content\/uploads\/sites\/5\/2018\/12\/Blackjack-Entrenamiento.png","2048x2048-width":100,"2048x2048-height":100}},"title":"Ejemplo de C\u00f3mo Usar la Estrategia D'Alembert","text":"<p><span style=\"font-weight: 400;\">Ya que lo hemos explicado, ahora vamos a poner un caso pr\u00e1ctico para entenderlo mejor. Con este ejemplo de c\u00f3mo usar la Estrategia D\u2019Alembert pillar\u00e1s r\u00e1pidamente el concepto y ver\u00e1s que, en efecto, su aplicaci\u00f3n es algo totalmente sencillo y v\u00e1lido para jugadores de cualquier nivel.<\/span><\/p>\n<p><span style=\"font-weight: 400;\">Vamos a plantear una partida en la que el jugador parte con 5\u20ac como apuesta primera, que a su vez se convierten en la unidad a sumar o restar. Si la primera ronda va bien, permanece con los 5\u20ac como importe de apuesta; en caso de perder, tendr\u00e1 que sumar 5\u20ac m\u00e1s. A partir de ah\u00ed, comienza a hacer de las suyas el m\u00e9todo D\u2019Alembert.<\/span><\/p>\n<p><span style=\"font-weight: 400;\">Desplaz\u00e1ndonos ya a la tercera mano, si se pierde de nuevo se vuelven a sumar esos 5\u20ac de la apuesta inicial; pero, si se gana, esta vez se restan los 5\u20ac. Este mecanismo se convierte en algo recurrente y que se debe mantener durante toda la partida. Cada derrota es sumar, cada victoria es restar, y siempre una unidad de referencia, que es la apuesta inicial.<\/span><\/p>\n<p><span style=\"font-weight: 400;\">Con n\u00fameros reales, estamos seguros de que es algo mucho m\u00e1s f\u00e1cil de entender. Ahora, puedes ponerte manos a la obra y poner en pr\u00e1ctica este m\u00e9todo en cualquier <a href=\"https:\/\/black-jack.com\/es\/estrategia\/calculadora-probabilidades\/\">simulador de blackjack<\/a> o en partidas reales.<\/span><\/p>\n"},{"icon":{"ID":2073,"id":2073,"title":"Seguro","filename":"Seguro.png","filesize":6651,"url":"https:\/\/black-jack.com\/es\/wp-content\/uploads\/sites\/5\/2018\/12\/Seguro.png","link":"https:\/\/black-jack.com\/es\/estrategia\/sistemas\/martingala\/attachment\/seguro\/","alt":"","author":"1","description":"","caption":"","name":"seguro","status":"inherit","uploaded_to":1277,"date":"2018-12-12 09:17:51","modified":"2018-12-19 15:52:57","menu_order":0,"mime_type":"image\/png","type":"image","subtype":"png","icon":"https:\/\/black-jack.com\/es\/wp-includes\/images\/media\/default.png","width":384,"height":310,"sizes":{"thumbnail":"https:\/\/black-jack.com\/es\/wp-content\/uploads\/sites\/5\/2018\/12\/Seguro-150x150.png","thumbnail-width":150,"thumbnail-height":150,"medium":"https:\/\/black-jack.com\/es\/wp-content\/uploads\/sites\/5\/2018\/12\/Seguro-300x242.png","medium-width":300,"medium-height":242,"medium_large":"https:\/\/black-jack.com\/es\/wp-content\/uploads\/sites\/5\/2018\/12\/Seguro.png","medium_large-width":384,"medium_large-height":310,"large":"https:\/\/black-jack.com\/es\/wp-content\/uploads\/sites\/5\/2018\/12\/Seguro.png","large-width":384,"large-height":310,"1536x1536":"https:\/\/black-jack.com\/es\/wp-content\/uploads\/sites\/5\/2018\/12\/Seguro.png","1536x1536-width":384,"1536x1536-height":310,"2048x2048":"https:\/\/black-jack.com\/es\/wp-content\/uploads\/sites\/5\/2018\/12\/Seguro.png","2048x2048-width":384,"2048x2048-height":310}},"title":"Aplicar el Sistema D'Alembert al Blackjack","text":"<p><span style=\"font-weight: 400;\">Aunque esta estrategia se concibi\u00f3 como algo perfecto para jugar a la ruleta, lo cierto es que tambi\u00e9n se puede aplicar el Sistema D\u2019Alembert al <a href=\"https:\/\/black-jack.com\/es\/\">Blackjack<\/a>, como tambi\u00e9n a otros juegos disponibles en cualquier casino online. Las reglas de este juego de cartas no impiden que se pueda probar a aplicar este concepto para determinar las apuestas.<\/span><\/p>\n<p><span style=\"font-weight: 400;\">En este caso, tan solo hay que tener en cuenta cu\u00e1l es la cifra inicial y empezar a operar de una forma o de otra en funci\u00f3n de lo que suceda mientras se juega. El proceso, como ya hemos explicado anteriormente, es sumamente sencillo y se lleva a cabo en pocos pasos. De hecho, dominarlo apenas requiere pr\u00e1ctica.<\/span><\/p>\n"},{"icon":{"ID":2042,"id":2042,"title":"Pulgar-Arriba","filename":"Pulgar-Arriba.png","filesize":1741,"url":"https:\/\/black-jack.com\/es\/wp-content\/uploads\/sites\/5\/2018\/12\/Pulgar-Arriba.png","link":"https:\/\/black-jack.com\/es\/bonos\/attachment\/pulgar-arriba\/","alt":"Pulgar-Arriba","author":"1","description":"","caption":"","name":"pulgar-arriba","status":"inherit","uploaded_to":1185,"date":"2018-12-12 09:17:05","modified":"2018-12-13 08:30:26","menu_order":0,"mime_type":"image\/png","type":"image","subtype":"png","icon":"https:\/\/black-jack.com\/es\/wp-includes\/images\/media\/default.png","width":100,"height":100,"sizes":{"thumbnail":"https:\/\/black-jack.com\/es\/wp-content\/uploads\/sites\/5\/2018\/12\/Pulgar-Arriba.png","thumbnail-width":100,"thumbnail-height":100,"medium":"https:\/\/black-jack.com\/es\/wp-content\/uploads\/sites\/5\/2018\/12\/Pulgar-Arriba.png","medium-width":100,"medium-height":100,"medium_large":"https:\/\/black-jack.com\/es\/wp-content\/uploads\/sites\/5\/2018\/12\/Pulgar-Arriba.png","medium_large-width":100,"medium_large-height":100,"large":"https:\/\/black-jack.com\/es\/wp-content\/uploads\/sites\/5\/2018\/12\/Pulgar-Arriba.png","large-width":100,"large-height":100,"1536x1536":"https:\/\/black-jack.com\/es\/wp-content\/uploads\/sites\/5\/2018\/12\/Pulgar-Arriba.png","1536x1536-width":100,"1536x1536-height":100,"2048x2048":"https:\/\/black-jack.com\/es\/wp-content\/uploads\/sites\/5\/2018\/12\/Pulgar-Arriba.png","2048x2048-width":100,"2048x2048-height":100}},"title":"Ventajas e inconvenientes del Sistema D'Alembert","text":"<p><span style=\"font-weight: 400;\">Es considerado como uno de los sistemas m\u00e1s robustos, pero a pesar de ello, no se libra de tener ciertos contratiempos a tener en cuenta. Vamos a repasar las ventajas e inconvenientes del Sistema D\u2019Alembert para que veas tanto lo bueno como lo malo de este m\u00e9todo.<\/span><\/p>\n<p><span style=\"font-weight: 400;\">Ventajas<\/span><\/p>\n<ul>\n<li><span style=\"font-weight: 400;\">En caso de acumular p\u00e9rdidas, la tasa de crecimiento de la apuesta no es muy elevada y puede recuperarse con facilidad.<\/span><\/li>\n<li><span style=\"font-weight: 400;\">El m\u00e9todo es tremendamente f\u00e1cil de llevar a cabo, solo hay que hacer una operaci\u00f3n sencilla.<\/span><\/li>\n<\/ul>\n<p><span style=\"font-weight: 400;\">Inconvenientes<\/span><\/p>\n<ul>\n<li><span style=\"font-weight: 400;\">El crecimiento de las apuestas en caso de racha positiva es nulo.<\/span><\/li>\n<li><span style=\"font-weight: 400;\">Si se acumulan muchas p\u00e9rdidas, se puede llegar al tope de apuesta de la mesa y ser imposible proseguir.<\/span><\/li>\n<\/ul>\n"}],"text_color":"dark","box_shadow_select":"none","bg_type":"color","bg_image":false,"bg_color_type":"solid","background_color_versions":"bg-c1","gradient_versions":"bg-gr1"},{"acf_fc_layout":"text_box_accordion","label_choices":"","label_align":"left","label":"","title_choices":"h2","title_align":"center","title":"FAQs Sistema D'Alembert","subtitle_choices":"h4","subtitle_align":"left","subtitle":"","paragraph_choices":"p","paragraph_align":"left","text":"","read_more_group":{"option":"no","max_chars":300,"label_choices":"rm","read_more":"Read More","show_less":"Show Less"},"accordion":[{"icon":false,"title":"\u00bfEs legal usar el Sistema D'Alembert?","text":"<p><span style=\"font-weight: 400;\">Usar el Sistema D\u2019Alembert es tan legal como usar cualquier otro sistema para determinar las apuestas a realizar. No hay atisbo alguno de ilegalidad con esta <a href=\"https:\/\/black-jack.com\/es\/estrategia\/\">estrategia de blackjack<\/a>, por lo que ning\u00fan casino puede impedir que se lleve a cabo, de hecho es algo que apenas se puede comprobar, ya que es el jugador el que debe determinar c\u00f3mo hacerlo.<\/span><\/p>\n"},{"icon":false,"title":"\u00bfQui\u00e9n invent\u00f3 el Sistema D'Alembert?","text":"<p><span style=\"font-weight: 400;\">Fue el matem\u00e1tico franc\u00e9s Jean le Rond D\u2019Alembert quien invent\u00f3 el Sistema D\u2019Alembert, aunque lo que cre\u00f3 originalmente fue la ley del equilibrio, que dicta que las fuerzas externas que act\u00faan sobre un cuerpo, sumadas a las de la inercia, dan lugar a un sistema en equilibrio. A partir de ese principio, se llev\u00f3 la idea al terreno de los casinos para dar forma a este planteamiento de juego.<\/span><\/p>\n"},{"icon":false,"title":"\u00bfEs para principiantes o para avanzados el M\u00e9todo D'Alembert?","text":"<p><span style=\"font-weight: 400;\">El M\u00e9todo D\u2019Alembert es para todo tipo de jugadores, aunque puede ser algo escaso para los <a href=\"https:\/\/black-jack.com\/es\/tipos\/high-roller\/\">high rollers<\/a>. Entre estos, hacer grandes apuestas es una de las grandes prioridades y, salvo que se tenga como punto de partida una cifra alta, no van a encontrarse con las apuestas que buscan si siguen esta estrategia.<\/span><\/p>\n"},{"icon":false,"title":"\u00bfEn qu\u00e9 casino online puedo jugar al Sistema D'Alembert?","text":"<p><span style=\"font-weight: 400;\">Puedes jugar al Sistema D\u2019Alembert en cualquier <a href=\"https:\/\/black-jack.com\/es\/casinos-online\/\">casino online<\/a> que te encuentres. No hay ninguno que impida usar este m\u00e9todo, dando total libertad para ponerlo en pr\u00e1ctica a la hora de jugar al Blackjack, a la ruleta o a cualquier otro juego que tengan a disposici\u00f3n de los usuarios. No vas a tener problemas de ning\u00fan tipo con ninguna normativa.<\/span><\/p>\n"}],"text_color":"light","box_shadow_select":"none","bg_type":"color","bg_image":false,"bg_color_type":"gradient","background_color_versions":"bg-c1","gradient_versions":"bg-gr1"},{"acf_fc_layout":"comments","label_choices":"","label_align":"left","label":"","title_choices":"h2","title_align":"center","title":"Lo que dicen nuestros lectores","subtitle_choices":"h4","subtitle_align":"left","subtitle":"","paragraph_choices":"p","paragraph_align":"left","text":"","read_more_group":{"option":"no","max_chars":300,"label_choices":"rm","read_more":"Read More","show_less":"Show Less"},"text_color":"dark","box_shadow_select":"none","bg_type":"color","bg_image":false,"bg_color_type":"solid","background_color_versions":"bg-c1","gradient_versions":false},{"acf_fc_layout":"cta1","label_choices":"l1","label_align":"center","label":"Platin Casino BlackJack Bonus","title_choices":"h2","title_align":"left","title":"","operator":"top","operator_type_top":"casino","operator_type_single":false,"operator_name_casino":false,"operator_name_sport":false,"operator_name_poker":false,"operator_name_bingo":false,"operator_name_lotto":false,"bonus_description":true,"buttons":{"button_check":true,"button_type":"btn-v1","text":"Reg\u00edstrate Ahora","target_type":"operator","link_type":"direct","link":"","operators":{"operator":"top","operator_type_top":"casino","operator_type_single":false,"operator_name_casino":false,"operator_name_sport":false,"operator_name_poker":false,"operator_name_bingo":false,"operator_name_lotto":false},"internal":null,"external":"","select_border":"none","arrow":false},"disclaimer":false,"text_color":"light","box_shadow_select":"none","bg_type":"color","bg_image":false,"bg_color_type":"gradient","background_color_versions":false,"gradient_versions":"bg-gr1"}]}],"title":"Sistema D'Alembert para Blackjack \u00bb Qu\u00e9 es & C\u00f3mo Aplicarlo","breadcrumbs":"","description":"Las matem\u00e1ticas tienen numerosas aplicaciones, y una de las m\u00e1s llamativas, y que m\u00e1s nos incumbe, es la relacionada con los juegos de azar. Gracias a esta rama del conocimiento, hoy podemos hablarte de aplicar el Sistema D\u2019Alembert al Blackjack, una estrategia que le debe su existencia a un matem\u00e1tico.\r\n\r\nPero no solo vamos a quedarnos en eso, vamos a repasar ventajas, inconvenientes, dar ejemplos y, en definitiva, explicarlo todo sobre el m\u00e9todo para apostar que te acabamos de presentar.\r\n","seo":{"title":"Sistema D'Alembert para Blackjack \u00bb Qu\u00e9 es & C\u00f3mo Aplicarlo","breadcrumbs":"","description":"Las matem\u00e1ticas tienen numerosas aplicaciones, y una de las m\u00e1s llamativas, y que m\u00e1s nos incumbe, es la relacionada con los juegos de azar. Gracias a esta rama del conocimiento, hoy podemos hablarte de aplicar el Sistema D\u2019Alembert al Blackjack, una estrategia que le debe su existencia a un matem\u00e1tico.\r\n\r\nPero no solo vamos a quedarnos en eso, vamos a repasar ventajas, inconvenientes, dar ejemplos y, en definitiva, explicarlo todo sobre el m\u00e9todo para apostar que te acabamos de presentar.\r\n"},"custom_page_description":"Al contrario de lo que ocurr\u00eda con Paroli, el Sistema D\u2019Alembert est\u00e1 clasificado como un sistema de progresi\u00f3n negativa, por lo que encaja mejor con los jugadores que prefieren ir poco a poco en cuanto a beneficios con las apuestas.<br \/>\r\n<br \/>\r\nEste m\u00e9todo tiene como base el establecimiento de una unidad, pongamos por ejemplo 3 \u20ac. El jugador parte de esa cifra y, si pierde, aumentar\u00e1 siempre con sumas consecutivas de esa cifra base. Es decir, si se pierde una vez, la apuesta pasa a ser de 6 \u20ac; si se pierde de nuevo, 9 \u20ac, y sucesivamente. En caso de ganar, se resta la unidad al total que se lleve acumulado.<br \/>\r\n","custom_page_order":"175"},"yoast_head":"<!-- This site is optimized with the Yoast SEO plugin v26.7 - https:\/\/yoast.com\/wordpress\/plugins\/seo\/ -->\n<title>Sistema D&#039;Alembert para Blackjack \u00bb Qu\u00e9 es &amp; C\u00f3mo Aplicarlo<\/title>\n<meta name=\"robots\" content=\"index, follow, max-snippet:-1, max-image-preview:large, max-video-preview:-1\" \/>\n<link rel=\"canonical\" href=\"https:\/\/black-jack.com\/es\/estrategia\/sistemas\/dalembert\/\" \/>\n<meta property=\"og:locale\" content=\"es_ES\" \/>\n<meta property=\"og:type\" content=\"article\" \/>\n<meta property=\"og:title\" content=\"Sistema D&#039;Alembert para Blackjack \u00bb Qu\u00e9 es &amp; C\u00f3mo Aplicarlo\" \/>\n<meta property=\"og:url\" content=\"https:\/\/black-jack.com\/es\/estrategia\/sistemas\/dalembert\/\" \/>\n<meta property=\"og:site_name\" content=\"Black-Jack.com Espa\u00f1a\" \/>\n<meta property=\"article:modified_time\" content=\"2019-02-07T11:32:56+00:00\" \/>\n<meta name=\"twitter:card\" content=\"summary_large_image\" \/>\n<script type=\"application\/ld+json\" class=\"yoast-schema-graph\">{\"@context\":\"https:\/\/schema.org\",\"@graph\":[{\"@type\":\"WebPage\",\"@id\":\"https:\/\/black-jack.com\/es\/estrategia\/sistemas\/dalembert\/\",\"url\":\"https:\/\/black-jack.com\/es\/estrategia\/sistemas\/dalembert\/\",\"name\":\"Sistema D'Alembert para Blackjack \u00bb Qu\u00e9 es & C\u00f3mo Aplicarlo\",\"isPartOf\":{\"@id\":\"https:\/\/black-jack.com\/es\/#website\"},\"datePublished\":\"2018-12-19T16:41:11+00:00\",\"dateModified\":\"2019-02-07T11:32:56+00:00\",\"breadcrumb\":{\"@id\":\"https:\/\/black-jack.com\/es\/estrategia\/sistemas\/dalembert\/#breadcrumb\"},\"inLanguage\":\"es\",\"potentialAction\":[{\"@type\":\"ReadAction\",\"target\":[\"https:\/\/black-jack.com\/es\/estrategia\/sistemas\/dalembert\/\"]}]},{\"@type\":\"BreadcrumbList\",\"@id\":\"https:\/\/black-jack.com\/es\/estrategia\/sistemas\/dalembert\/#breadcrumb\",\"itemListElement\":[{\"@type\":\"ListItem\",\"position\":1,\"name\":\"Home\",\"item\":\"https:\/\/black-jack.com\/es\/\"},{\"@type\":\"ListItem\",\"position\":2,\"name\":\"Estrategia\",\"item\":\"https:\/\/black-jack.com\/es\/estrategia\/\"},{\"@type\":\"ListItem\",\"position\":3,\"name\":\"Sistemas\",\"item\":\"https:\/\/black-jack.com\/es\/estrategia\/sistemas\/\"},{\"@type\":\"ListItem\",\"position\":4,\"name\":\"D'Alembert\"}]},{\"@type\":\"WebSite\",\"@id\":\"https:\/\/black-jack.com\/es\/#website\",\"url\":\"https:\/\/black-jack.com\/es\/\",\"name\":\"Black-Jack.com Espa\u00f1a\",\"description\":\"\",\"potentialAction\":[{\"@type\":\"SearchAction\",\"target\":{\"@type\":\"EntryPoint\",\"urlTemplate\":\"https:\/\/black-jack.com\/es\/?s={search_term_string}\"},\"query-input\":{\"@type\":\"PropertyValueSpecification\",\"valueRequired\":true,\"valueName\":\"search_term_string\"}}],\"inLanguage\":\"es\"}]}<\/script>\n<!-- \/ Yoast SEO plugin. -->","yoast_head_json":{"title":"Sistema D'Alembert para Blackjack \u00bb Qu\u00e9 es & C\u00f3mo Aplicarlo","robots":{"index":"index","follow":"follow","max-snippet":"max-snippet:-1","max-image-preview":"max-image-preview:large","max-video-preview":"max-video-preview:-1"},"canonical":"https:\/\/black-jack.com\/es\/estrategia\/sistemas\/dalembert\/","og_locale":"es_ES","og_type":"article","og_title":"Sistema D'Alembert para Blackjack \u00bb Qu\u00e9 es & C\u00f3mo Aplicarlo","og_url":"https:\/\/black-jack.com\/es\/estrategia\/sistemas\/dalembert\/","og_site_name":"Black-Jack.com Espa\u00f1a","article_modified_time":"2019-02-07T11:32:56+00:00","twitter_card":"summary_large_image","schema":{"@context":"https:\/\/schema.org","@graph":[{"@type":"WebPage","@id":"https:\/\/black-jack.com\/es\/estrategia\/sistemas\/dalembert\/","url":"https:\/\/black-jack.com\/es\/estrategia\/sistemas\/dalembert\/","name":"Sistema D'Alembert para Blackjack \u00bb Qu\u00e9 es & C\u00f3mo Aplicarlo","isPartOf":{"@id":"https:\/\/black-jack.com\/es\/#website"},"datePublished":"2018-12-19T16:41:11+00:00","dateModified":"2019-02-07T11:32:56+00:00","breadcrumb":{"@id":"https:\/\/black-jack.com\/es\/estrategia\/sistemas\/dalembert\/#breadcrumb"},"inLanguage":"es","potentialAction":[{"@type":"ReadAction","target":["https:\/\/black-jack.com\/es\/estrategia\/sistemas\/dalembert\/"]}]},{"@type":"BreadcrumbList","@id":"https:\/\/black-jack.com\/es\/estrategia\/sistemas\/dalembert\/#breadcrumb","itemListElement":[{"@type":"ListItem","position":1,"name":"Home","item":"https:\/\/black-jack.com\/es\/"},{"@type":"ListItem","position":2,"name":"Estrategia","item":"https:\/\/black-jack.com\/es\/estrategia\/"},{"@type":"ListItem","position":3,"name":"Sistemas","item":"https:\/\/black-jack.com\/es\/estrategia\/sistemas\/"},{"@type":"ListItem","position":4,"name":"D'Alembert"}]},{"@type":"WebSite","@id":"https:\/\/black-jack.com\/es\/#website","url":"https:\/\/black-jack.com\/es\/","name":"Black-Jack.com Espa\u00f1a","description":"","potentialAction":[{"@type":"SearchAction","target":{"@type":"EntryPoint","urlTemplate":"https:\/\/black-jack.com\/es\/?s={search_term_string}"},"query-input":{"@type":"PropertyValueSpecification","valueRequired":true,"valueName":"search_term_string"}}],"inLanguage":"es"}]}},"_links":{"self":[{"href":"https:\/\/black-jack.com\/es\/wp-json\/wp\/v2\/pages\/2908","targetHints":{"allow":["GET"]}}],"collection":[{"href":"https:\/\/black-jack.com\/es\/wp-json\/wp\/v2\/pages"}],"about":[{"href":"https:\/\/black-jack.com\/es\/wp-json\/wp\/v2\/types\/page"}],"author":[{"embeddable":true,"href":"https:\/\/black-jack.com\/es\/wp-json\/wp\/v2\/users\/1"}],"replies":[{"embeddable":true,"href":"https:\/\/black-jack.com\/es\/wp-json\/wp\/v2\/comments?post=2908"}],"version-history":[{"count":1,"href":"https:\/\/black-jack.com\/es\/wp-json\/wp\/v2\/pages\/2908\/revisions"}],"predecessor-version":[{"id":3956,"href":"https:\/\/black-jack.com\/es\/wp-json\/wp\/v2\/pages\/2908\/revisions\/3956"}],"up":[{"embeddable":true,"href":"https:\/\/black-jack.com\/es\/wp-json\/wp\/v2\/pages\/1273"}],"wp:attachment":[{"href":"https:\/\/black-jack.com\/es\/wp-json\/wp\/v2\/media?parent=2908"}],"wp:term":[{"taxonomy":"category","embeddable":true,"href":"https:\/\/black-jack.com\/es\/wp-json\/wp\/v2\/categories?post=2908"},{"taxonomy":"post_tag","embeddable":true,"href":"https:\/\/black-jack.com\/es\/wp-json\/wp\/v2\/tags?post=2908"}],"curies":[{"name":"wp","href":"https:\/\/api.w.org\/{rel}","templated":true}]}}