{"id":2902,"date":"2018-12-19T16:27:54","date_gmt":"2018-12-19T16:27:54","guid":{"rendered":"http:\/\/black-jack.com.test\/es\/?page_id=2902"},"modified":"2019-02-07T11:37:25","modified_gmt":"2019-02-07T11:37:25","slug":"paroli","status":"publish","type":"page","link":"https:\/\/black-jack.com\/es\/estrategia\/sistemas\/paroli\/","title":{"rendered":"Paroli"},"content":{"rendered":"","protected":false},"excerpt":{"rendered":"","protected":false},"author":1,"featured_media":0,"parent":1273,"menu_order":1,"comment_status":"closed","ping_status":"closed","template":"","meta":{"_acf_changed":false,"footnotes":""},"categories":[],"tags":[],"class_list":["post-2902","page","type-page","status-publish","hentry"],"acf":{"amp":"no","menu_type":"full","page_builder":[{"acf_fc_layout":"section_full_width","section_full_width":[{"acf_fc_layout":"hero_text","label_choices":"","label_align":"left","label":"","title_choices":"h1","title_align":"center","title":"Aplica el Sistema Paroli al Blackjack <span>Todo sobre este M\u00e9todo para Apostar<\/span>","subtitle_choices":"h4","subtitle_align":"left","subtitle":"","paragraph_choices":"p","paragraph_align":"center","text":"<p><span style=\"font-weight: 400;\">Tambi\u00e9n conocido como el Sistema Anti-Martingala, aplicar el Sistema Paroli al Blackjack es una de las estrategias m\u00e1s agresivas, perfecta para los jugadores que quieren ver grandes cifras moverse por la mesa con rapidez.<\/span><\/p>\n<p><span style=\"font-weight: 400;\">Para que entiendas mejor de lo que hablamos y comprendas bien hasta qu\u00e9 punto puede darte beneficios en tus partidas, vamos a explic\u00e1rtelo todo sobre el m\u00e9todo para apostar. As\u00ed no tendr\u00e1s dudas de ning\u00fan tipo y podr\u00e1s ponerlo en pr\u00e1ctica.<\/span><\/p>\n","read_more_group":{"option":"yes","max_chars":"214","label_choices":"p","read_more":"Read More","show_less":"Show Less"},"text_field_size":"6","text_field_position":"center","buttons":{"button_check":false,"button_type":false,"text":"","target_type":"","link_type":"","link":"","operators":{"operator":"","operator_type_top":false,"operator_type_single":false,"operator_name_casino":false,"operator_name_sport":false,"operator_name_poker":false,"operator_name_bingo":false,"operator_name_lotto":false},"internal":null,"external":"","select_border":"none","arrow":false},"show_rich_snippet":false,"text_color":"light","box_shadow_select":"none","bg_type":"image","bg_image":"https:\/\/black-jack.com\/es\/wp-content\/uploads\/sites\/5\/2018\/12\/Cabecera-Ilustracion-Estrategia-Defecto.jpg","bg_color_type":"","background_color_versions":false,"gradient_versions":false},{"acf_fc_layout":"inner_menu","select_type":"sub","select_menu":false,"operator_main_page":false,"current_element_title":false,"current_custom_title":"","show_third_level_elements":true,"show_parent_as_first_element":true,"parent_element_title":true,"parent_custom_title":"Atr\u00e1s","left_arrow":true,"static_elements":false,"first_element":"none","last_element":"none","slider_for_desktop":false},{"acf_fc_layout":"breadcrumbs","paragraph_choices":"p","breadcrumb_align":"center","breadcrumb_separator":"\/","current_element_color":"#e71546","remove_spacing_after":true,"text_color":"dark","box_shadow_select":"none","bg_type":"color","bg_image":false,"bg_color_type":"solid","background_color_versions":"bg-c1","gradient_versions":false},{"acf_fc_layout":"text_box_accordion","label_choices":"","label_align":"left","label":"","title_choices":"h2","title_align":"center","title":"As\u00ed funciona el Sistema Paroli","subtitle_choices":"h4","subtitle_align":"left","subtitle":"","paragraph_choices":"p","paragraph_align":"center","text":"<p><span style=\"font-weight: 400;\">Ya lo adelant\u00e1bamos al comienzo, pero ahora lo vamos a remarcar de nuevo, el funcionamiento del Sistema Paroli deja muy claro porqu\u00e9 se le considera como la Antimartingala. Su planteamiento es muy parecido al <a href=\"https:\/\/black-jack.com\/es\/estrategia\/sistemas\/martingala\/\">m\u00e9todo Martingala<\/a>, con la diferencia de que da la vuelta por completo a la situaci\u00f3n y revierte el mecanismo clave de la estrategia. Te lo explicamos.<\/span><\/p>\n<p><span style=\"font-weight: 400;\">Seg\u00fan los Sistemas Paroli, lo que se debe hacer es aumentar la apuesta a realizar cuando se gana, en lugar de cuando se pierde. El jugador debe establecer una cifra inicial de apuesta y duplicar en caso de victoria, aumentando considerablemente las ganancias que se obtienen. Si se pierde, se debe volver a la cifra establecida como punto de partida y repetir de nuevo para ir manteniendo siempre un margen positivo de ganancias.<\/span><\/p>\n<p><span style=\"font-weight: 400;\">Huelga decir que, por su planteamiento, tambi\u00e9n es una estrategia que tiene mucho peso en el campo de la ruleta, aunque puede aplicarse tambi\u00e9n a otros juegos de azar para seguir demostrando su eficacia. Depende mucho de las probabilidades que haya de victoria, como todas, pero su car\u00e1cter m\u00e1s agresivo la hace mucho m\u00e1s atractiva para los jugadores que prefieren ir a por n\u00fameros altos cuando juegan.<\/span><\/p>\n","read_more_group":{"option":"yes","max_chars":"214","label_choices":"p","read_more":"Read More","show_less":"Show Less"},"accordion":[{"icon":{"ID":2020,"id":2020,"title":"Blackjack-Entrenamiento","filename":"Blackjack-Entrenamiento.png","filesize":2887,"url":"https:\/\/black-jack.com\/es\/wp-content\/uploads\/sites\/5\/2018\/12\/Blackjack-Entrenamiento.png","link":"https:\/\/black-jack.com\/es\/casinos-online\/attachment\/blackjack-entrenamiento\/","alt":"Blackjack-Entrenamiento","author":"1","description":"","caption":"","name":"blackjack-entrenamiento","status":"inherit","uploaded_to":435,"date":"2018-12-12 09:16:50","modified":"2018-12-13 09:06:45","menu_order":0,"mime_type":"image\/png","type":"image","subtype":"png","icon":"https:\/\/black-jack.com\/es\/wp-includes\/images\/media\/default.png","width":100,"height":100,"sizes":{"thumbnail":"https:\/\/black-jack.com\/es\/wp-content\/uploads\/sites\/5\/2018\/12\/Blackjack-Entrenamiento.png","thumbnail-width":100,"thumbnail-height":100,"medium":"https:\/\/black-jack.com\/es\/wp-content\/uploads\/sites\/5\/2018\/12\/Blackjack-Entrenamiento.png","medium-width":100,"medium-height":100,"medium_large":"https:\/\/black-jack.com\/es\/wp-content\/uploads\/sites\/5\/2018\/12\/Blackjack-Entrenamiento.png","medium_large-width":100,"medium_large-height":100,"large":"https:\/\/black-jack.com\/es\/wp-content\/uploads\/sites\/5\/2018\/12\/Blackjack-Entrenamiento.png","large-width":100,"large-height":100,"1536x1536":"https:\/\/black-jack.com\/es\/wp-content\/uploads\/sites\/5\/2018\/12\/Blackjack-Entrenamiento.png","1536x1536-width":100,"1536x1536-height":100,"2048x2048":"https:\/\/black-jack.com\/es\/wp-content\/uploads\/sites\/5\/2018\/12\/Blackjack-Entrenamiento.png","2048x2048-width":100,"2048x2048-height":100}},"title":"Ejemplo de C\u00f3mo Usar la Estrategia Paroli","text":"<p><span style=\"font-weight: 400;\">Aunque su concepto es bastante sencillo de entender, la mejor forma de asimilarlo es con un caso pr\u00e1ctico. Por eso, para ayudarte un poco m\u00e1s al respecto, vamos a ofrecerte un ejemplo de c\u00f3mo usar la Estrategia Paroli a la hora de desarrollar una partida en un casino, sea online o no.<\/span><\/p>\n<p><span style=\"font-weight: 400;\">Lo primero, como dec\u00edamos, es recurrir a una cifra base que se debe tener como referencia. En nuestro caso vamos a partir de los 5 \u20ac como apuesta principal. Con este n\u00famero, comenzamos una primera mano y vemos c\u00f3mo transcurre. \u00bfGanamos? Si es as\u00ed, multiplicamos la cifra por dos y seguimos. Ahora vamos a apostar 10 \u20ac y vamos a tentar a la suerte de nuevo.<\/span><\/p>\n<p><span style=\"font-weight: 400;\">Lo que ocurra ahora dictar\u00e1 de nuevo c\u00f3mo seguir. Si se vuelve a ganar, se puede duplicar la apuesta e ir a la siguiente tanda jugando con 20 \u20ac. Si se pierde, lo que se debe hacer es volver a partir desde la salida, es decir, desde los 5 \u20ac b\u00e1sicos.<\/span><\/p>\n<p><span style=\"font-weight: 400;\">Tambi\u00e9n hay que mencionar que hay modificaciones de este sistema que se basan en multiplicar el importe teniendo en cuenta las probabilidades de victoria y los m\u00e1rgenes extra del casino. En ese caso, en lugar de duplicar, se debe hacer una cuenta algo m\u00e1s compleja para ir con m\u00e1s seguridad.<\/span><\/p>\n"},{"icon":{"ID":2073,"id":2073,"title":"Seguro","filename":"Seguro.png","filesize":6651,"url":"https:\/\/black-jack.com\/es\/wp-content\/uploads\/sites\/5\/2018\/12\/Seguro.png","link":"https:\/\/black-jack.com\/es\/estrategia\/sistemas\/martingala\/attachment\/seguro\/","alt":"","author":"1","description":"","caption":"","name":"seguro","status":"inherit","uploaded_to":1277,"date":"2018-12-12 09:17:51","modified":"2018-12-19 15:52:57","menu_order":0,"mime_type":"image\/png","type":"image","subtype":"png","icon":"https:\/\/black-jack.com\/es\/wp-includes\/images\/media\/default.png","width":384,"height":310,"sizes":{"thumbnail":"https:\/\/black-jack.com\/es\/wp-content\/uploads\/sites\/5\/2018\/12\/Seguro-150x150.png","thumbnail-width":150,"thumbnail-height":150,"medium":"https:\/\/black-jack.com\/es\/wp-content\/uploads\/sites\/5\/2018\/12\/Seguro-300x242.png","medium-width":300,"medium-height":242,"medium_large":"https:\/\/black-jack.com\/es\/wp-content\/uploads\/sites\/5\/2018\/12\/Seguro.png","medium_large-width":384,"medium_large-height":310,"large":"https:\/\/black-jack.com\/es\/wp-content\/uploads\/sites\/5\/2018\/12\/Seguro.png","large-width":384,"large-height":310,"1536x1536":"https:\/\/black-jack.com\/es\/wp-content\/uploads\/sites\/5\/2018\/12\/Seguro.png","1536x1536-width":384,"1536x1536-height":310,"2048x2048":"https:\/\/black-jack.com\/es\/wp-content\/uploads\/sites\/5\/2018\/12\/Seguro.png","2048x2048-width":384,"2048x2048-height":310}},"title":"Aplicar el Sistema Paroli al Blackjack","text":"<p><span style=\"font-weight: 400;\">Para aplicar el Sistema Paroli al Blackjack no hay que seguir ning\u00fan m\u00e9todo especial ni diferente a lo que hemos explicado ya en los apartados anteriores. Aunque no es el juego para el que esa <a href=\"https:\/\/black-jack.com\/es\/estrategia\/\">estrategia de blackjack<\/a> fue concebida, s\u00ed es compatible con ella y, de hecho, puede traer consigo importantes beneficios si se tiene una buena racha.<\/span><\/p>\n<p><span style=\"font-weight: 400;\">En este caso, tan solo debes basarte en lo que te ocurra con cada ronda. Si ganas, ya sabes que debes duplicar la apuesta anterior para ir a m\u00e1s, incluso si has conseguido <a href=\"https:\/\/black-jack.com\/es\/\">blackjack<\/a> y te has llevado una mayor recompensa. Debes mantenerte fiel a los principios de esta estrategia para aprovechar su eficacia, ya que cualquier variaci\u00f3n puede traducirse en unas importantes p\u00e9rdidas.<\/span><\/p>\n"},{"icon":{"ID":2042,"id":2042,"title":"Pulgar-Arriba","filename":"Pulgar-Arriba.png","filesize":1741,"url":"https:\/\/black-jack.com\/es\/wp-content\/uploads\/sites\/5\/2018\/12\/Pulgar-Arriba.png","link":"https:\/\/black-jack.com\/es\/bonos\/attachment\/pulgar-arriba\/","alt":"Pulgar-Arriba","author":"1","description":"","caption":"","name":"pulgar-arriba","status":"inherit","uploaded_to":1185,"date":"2018-12-12 09:17:05","modified":"2018-12-13 08:30:26","menu_order":0,"mime_type":"image\/png","type":"image","subtype":"png","icon":"https:\/\/black-jack.com\/es\/wp-includes\/images\/media\/default.png","width":100,"height":100,"sizes":{"thumbnail":"https:\/\/black-jack.com\/es\/wp-content\/uploads\/sites\/5\/2018\/12\/Pulgar-Arriba.png","thumbnail-width":100,"thumbnail-height":100,"medium":"https:\/\/black-jack.com\/es\/wp-content\/uploads\/sites\/5\/2018\/12\/Pulgar-Arriba.png","medium-width":100,"medium-height":100,"medium_large":"https:\/\/black-jack.com\/es\/wp-content\/uploads\/sites\/5\/2018\/12\/Pulgar-Arriba.png","medium_large-width":100,"medium_large-height":100,"large":"https:\/\/black-jack.com\/es\/wp-content\/uploads\/sites\/5\/2018\/12\/Pulgar-Arriba.png","large-width":100,"large-height":100,"1536x1536":"https:\/\/black-jack.com\/es\/wp-content\/uploads\/sites\/5\/2018\/12\/Pulgar-Arriba.png","1536x1536-width":100,"1536x1536-height":100,"2048x2048":"https:\/\/black-jack.com\/es\/wp-content\/uploads\/sites\/5\/2018\/12\/Pulgar-Arriba.png","2048x2048-width":100,"2048x2048-height":100}},"title":"Ventajas e inconvenientes del Sistema Paroli","text":"<p><span style=\"font-weight: 400;\">Como ya hemos dicho, estamos ante una estrategia que tiene una sencillez total gracias, tambi\u00e9n, a la idea principal de la que parte, que no es m\u00e1s que \u201cllevar la contraria\u201d a la Martingala. A pesar de esto, es imposible pasar por alto que hay ventajas e inconvenientes del Sistema Paroli. No todo es bueno, y hay que tenerlo en cuenta.<\/span><\/p>\n<p><b>Ventajas<\/b><\/p>\n<ul>\n<li style=\"font-weight: 400;\"><span style=\"font-weight: 400;\">M\u00e9todo f\u00e1cil y directo. Solo requiere multiplicar por dos los importes y, en caso de perder, recurrir a una cifra inicial bastante sencilla.<\/span><\/li>\n<li style=\"font-weight: 400;\"><span style=\"font-weight: 400;\">Puede dar grandes ganancias con mucha rapidez, de ah\u00ed su atractivo para los jugadores agresivos.<\/span><\/li>\n<li style=\"font-weight: 400;\"><span style=\"font-weight: 400;\">Totalmente v\u00e1lido tanto para el Blackjack como para cualquier otro juego de casino.<\/span><\/li>\n<\/ul>\n<p><b>Inconvenientes<\/b><\/p>\n<ul>\n<li style=\"font-weight: 400;\"><span style=\"font-weight: 400;\">El juego donde mejor funciona es en la Ruleta por el concepto de probabilidad que hay en esta. En los dem\u00e1s pierde algo de eficacia.<\/span><\/li>\n<li style=\"font-weight: 400;\"><span style=\"font-weight: 400;\">Si se tiene una racha positiva, es posible llegar a los l\u00edmites de mesa y no poder seguir avanzando. En ese caso, se llega a un tope molesto para el jugador.<\/span><\/li>\n<li style=\"font-weight: 400;\"><span style=\"font-weight: 400;\">Algunos <a href=\"https:\/\/black-jack.com\/es\/casinos-online\/\">casinos online<\/a> aplican porcentajes adicionales que pueden modificar las ganancias y obligar a hacer cuentas algo m\u00e1s complicadas.<\/span><\/li>\n<\/ul>\n"}],"text_color":"dark","box_shadow_select":"none","bg_type":"color","bg_image":false,"bg_color_type":"solid","background_color_versions":"bg-c1","gradient_versions":"bg-gr1"},{"acf_fc_layout":"text_box_accordion","label_choices":"","label_align":"left","label":"","title_choices":"h2","title_align":"center","title":"FAQs Sistema Paroli","subtitle_choices":"h4","subtitle_align":"left","subtitle":"","paragraph_choices":"p","paragraph_align":"left","text":"","read_more_group":{"option":"no","max_chars":300,"label_choices":"rm","read_more":"Read More","show_less":"Show Less"},"accordion":[{"icon":false,"title":"\u00bfEs legal usar el Sistema Paroli?","text":"<p><span style=\"font-weight: 400;\">El Sistema Paroli es completamente legal en cualquier casino en el que juegues. No hay regla alguna que impida usar estrategias de este tipo, ya que no suponen modificar ning\u00fan reglamento ni alterar el ritmo de las partidas. La \u00fanica variable afectada es el importe de apuesta, y ah\u00ed los casinos no tienen problemas.<\/span><\/p>\n"},{"icon":false,"title":"\u00bfQui\u00e9n invent\u00f3 el Sistema Martingala?","text":"<p><span style=\"font-weight: 400;\">El inventor del Sistema Paroli es alguien cuyo nombre no se sabe a ciencia cierta. Aunque se dice que esta estrategia naci\u00f3 en Italia, hay teor\u00edas que apuntan a Francia y al matem\u00e1tico Blaise Pascal como su autor real. Al parecer, una persona de confianza le pidi\u00f3 resolver un problema relacionado con el juego, y este ide\u00f3 una estrategia que con el tiempo tomar\u00eda forma para ser esta que os explicamos.<\/span><\/p>\n"},{"icon":false,"title":"\u00bfEs para principiantes o para avanzados el M\u00e9todo Paroli?","text":"<p><span style=\"font-weight: 400;\">El M\u00e9todo Paroli es para principiantes sobre todo, ya que apenas requiere realizar unas cuentas sencillas para manejar el importe de apuestas. No obstante, dado que, en caso de racha positiva, puede alcanzar grandes cifras con suma rapidez, es algo bastante atractivo para los high rollers, que tienen la ocasi\u00f3n de hacer apuestas realmente grandes.<\/span><\/p>\n"},{"icon":false,"title":"\u00bfEn qu\u00e9 casino online puedo jugar al Sistema Paroli?","text":"<p><span style=\"font-weight: 400;\">Puedes jugar al Sistema Paroli en cualquier casino online que tenga juegos de azar compatibles, es decir, cualquiera. No hay ning\u00fan portal que ponga trabas al uso de esta estrategia, por lo que podr\u00e1s sacarle partido donde quieras. A pesar de esto, es importante se\u00f1alar que tiene especial relevancia y eficacia en la ruleta, por lo que conviene decantarse por casinos que tengan m\u00e1s variedad de este juego.<\/span><\/p>\n"}],"text_color":"light","box_shadow_select":"none","bg_type":"color","bg_image":false,"bg_color_type":"gradient","background_color_versions":"bg-c1","gradient_versions":"bg-gr1"},{"acf_fc_layout":"comments","label_choices":"","label_align":"left","label":"","title_choices":"h2","title_align":"center","title":"Lo que dicen nuestros lectores","subtitle_choices":"h4","subtitle_align":"left","subtitle":"","paragraph_choices":"p","paragraph_align":"left","text":"","read_more_group":{"option":"no","max_chars":300,"label_choices":"rm","read_more":"Read More","show_less":"Show Less"},"text_color":"dark","box_shadow_select":"none","bg_type":"color","bg_image":false,"bg_color_type":"solid","background_color_versions":"bg-c1","gradient_versions":false},{"acf_fc_layout":"cta1","label_choices":"l1","label_align":"center","label":"Platin Casino BlackJack Bonus","title_choices":"h2","title_align":"left","title":"","operator":"top","operator_type_top":"casino","operator_type_single":false,"operator_name_casino":false,"operator_name_sport":false,"operator_name_poker":false,"operator_name_bingo":false,"operator_name_lotto":false,"bonus_description":true,"buttons":{"button_check":true,"button_type":"btn-v1","text":"Reg\u00edstrate Ahora","target_type":"operator","link_type":"direct","link":"","operators":{"operator":"top","operator_type_top":"casino","operator_type_single":false,"operator_name_casino":false,"operator_name_sport":false,"operator_name_poker":false,"operator_name_bingo":false,"operator_name_lotto":false},"internal":null,"external":"","select_border":"none","arrow":false},"disclaimer":false,"text_color":"light","box_shadow_select":"none","bg_type":"color","bg_image":false,"bg_color_type":"gradient","background_color_versions":false,"gradient_versions":"bg-gr1"}]}],"title":"Sistema Paroli para Blackjack \u00bb Qu\u00e9 es & C\u00f3mo Aplicarlo","breadcrumbs":"","description":"Tambi\u00e9n conocido como el Sistema Anti-Martingala, aplicar el Sistema Paroli al Blackjack es una de las estrategias m\u00e1s agresivas, perfecta para los jugadores que quieren ver grandes cifras moverse por la mesa con rapidez.\r\n\r\nPara que entiendas mejor de lo que hablamos y comprendas bien hasta qu\u00e9 punto puede darte beneficios en tus partidas, vamos a explic\u00e1rtelo todo sobre el m\u00e9todo para apostar. As\u00ed no tendr\u00e1s dudas de ning\u00fan tipo y podr\u00e1s ponerlo en pr\u00e1ctica.\r\n","seo":{"title":"Sistema Paroli para Blackjack \u00bb Qu\u00e9 es & C\u00f3mo Aplicarlo","breadcrumbs":"","description":"Tambi\u00e9n conocido como el Sistema Anti-Martingala, aplicar el Sistema Paroli al Blackjack es una de las estrategias m\u00e1s agresivas, perfecta para los jugadores que quieren ver grandes cifras moverse por la mesa con rapidez.\r\n\r\nPara que entiendas mejor de lo que hablamos y comprendas bien hasta qu\u00e9 punto puede darte beneficios en tus partidas, vamos a explic\u00e1rtelo todo sobre el m\u00e9todo para apostar. As\u00ed no tendr\u00e1s dudas de ning\u00fan tipo y podr\u00e1s ponerlo en pr\u00e1ctica.\r\n"},"custom_page_description":"El Sistema Paroli tiene la peculiaridad de ser conocido como el Sistema Martingala invertido. Su concepto parte de la misma idea que este, pero con un planteamiento totalmente opuesto.<br \/>\r\n<br \/>\r\nClasificado como un sistema de progresi\u00f3n positiva, el n\u00facleo de esta estrategia es aumentar las apuestas a medida que se va ganando y reducirlas en caso de p\u00e9rdidas, totalmente al rev\u00e9s que el primero que hemos explicado. Se debe partir de una apuesta base y duplicar cuando se gana, aunque dejando de aumentar una vez se acumular 3 victoras seguidas. Si se pierde, se vuelve a la base. F\u00e1cil, sencillo y con unos resultados que son bastante positivos para los jugadores.<br \/>\r\n","custom_page_order":"217"},"yoast_head":"<!-- This site is optimized with the Yoast SEO plugin v26.7 - https:\/\/yoast.com\/wordpress\/plugins\/seo\/ -->\n<title>Sistema Paroli para Blackjack \u00bb Qu\u00e9 es &amp; C\u00f3mo Aplicarlo<\/title>\n<meta name=\"robots\" content=\"index, follow, max-snippet:-1, max-image-preview:large, max-video-preview:-1\" \/>\n<link rel=\"canonical\" href=\"https:\/\/black-jack.com\/es\/estrategia\/sistemas\/paroli\/\" \/>\n<meta property=\"og:locale\" content=\"es_ES\" \/>\n<meta property=\"og:type\" content=\"article\" \/>\n<meta property=\"og:title\" content=\"Sistema Paroli para Blackjack \u00bb Qu\u00e9 es &amp; C\u00f3mo Aplicarlo\" \/>\n<meta property=\"og:url\" content=\"https:\/\/black-jack.com\/es\/estrategia\/sistemas\/paroli\/\" \/>\n<meta property=\"og:site_name\" content=\"Black-Jack.com Espa\u00f1a\" \/>\n<meta property=\"article:modified_time\" content=\"2019-02-07T11:37:25+00:00\" \/>\n<meta name=\"twitter:card\" content=\"summary_large_image\" \/>\n<script type=\"application\/ld+json\" class=\"yoast-schema-graph\">{\"@context\":\"https:\/\/schema.org\",\"@graph\":[{\"@type\":\"WebPage\",\"@id\":\"https:\/\/black-jack.com\/es\/estrategia\/sistemas\/paroli\/\",\"url\":\"https:\/\/black-jack.com\/es\/estrategia\/sistemas\/paroli\/\",\"name\":\"Sistema Paroli para Blackjack \u00bb Qu\u00e9 es & C\u00f3mo Aplicarlo\",\"isPartOf\":{\"@id\":\"https:\/\/black-jack.com\/es\/#website\"},\"datePublished\":\"2018-12-19T16:27:54+00:00\",\"dateModified\":\"2019-02-07T11:37:25+00:00\",\"breadcrumb\":{\"@id\":\"https:\/\/black-jack.com\/es\/estrategia\/sistemas\/paroli\/#breadcrumb\"},\"inLanguage\":\"es\",\"potentialAction\":[{\"@type\":\"ReadAction\",\"target\":[\"https:\/\/black-jack.com\/es\/estrategia\/sistemas\/paroli\/\"]}]},{\"@type\":\"BreadcrumbList\",\"@id\":\"https:\/\/black-jack.com\/es\/estrategia\/sistemas\/paroli\/#breadcrumb\",\"itemListElement\":[{\"@type\":\"ListItem\",\"position\":1,\"name\":\"Home\",\"item\":\"https:\/\/black-jack.com\/es\/\"},{\"@type\":\"ListItem\",\"position\":2,\"name\":\"Estrategia\",\"item\":\"https:\/\/black-jack.com\/es\/estrategia\/\"},{\"@type\":\"ListItem\",\"position\":3,\"name\":\"Sistemas\",\"item\":\"https:\/\/black-jack.com\/es\/estrategia\/sistemas\/\"},{\"@type\":\"ListItem\",\"position\":4,\"name\":\"Paroli\"}]},{\"@type\":\"WebSite\",\"@id\":\"https:\/\/black-jack.com\/es\/#website\",\"url\":\"https:\/\/black-jack.com\/es\/\",\"name\":\"Black-Jack.com Espa\u00f1a\",\"description\":\"\",\"potentialAction\":[{\"@type\":\"SearchAction\",\"target\":{\"@type\":\"EntryPoint\",\"urlTemplate\":\"https:\/\/black-jack.com\/es\/?s={search_term_string}\"},\"query-input\":{\"@type\":\"PropertyValueSpecification\",\"valueRequired\":true,\"valueName\":\"search_term_string\"}}],\"inLanguage\":\"es\"}]}<\/script>\n<!-- \/ Yoast SEO plugin. -->","yoast_head_json":{"title":"Sistema Paroli para Blackjack \u00bb Qu\u00e9 es & C\u00f3mo Aplicarlo","robots":{"index":"index","follow":"follow","max-snippet":"max-snippet:-1","max-image-preview":"max-image-preview:large","max-video-preview":"max-video-preview:-1"},"canonical":"https:\/\/black-jack.com\/es\/estrategia\/sistemas\/paroli\/","og_locale":"es_ES","og_type":"article","og_title":"Sistema Paroli para Blackjack \u00bb Qu\u00e9 es & C\u00f3mo Aplicarlo","og_url":"https:\/\/black-jack.com\/es\/estrategia\/sistemas\/paroli\/","og_site_name":"Black-Jack.com Espa\u00f1a","article_modified_time":"2019-02-07T11:37:25+00:00","twitter_card":"summary_large_image","schema":{"@context":"https:\/\/schema.org","@graph":[{"@type":"WebPage","@id":"https:\/\/black-jack.com\/es\/estrategia\/sistemas\/paroli\/","url":"https:\/\/black-jack.com\/es\/estrategia\/sistemas\/paroli\/","name":"Sistema Paroli para Blackjack \u00bb Qu\u00e9 es & C\u00f3mo Aplicarlo","isPartOf":{"@id":"https:\/\/black-jack.com\/es\/#website"},"datePublished":"2018-12-19T16:27:54+00:00","dateModified":"2019-02-07T11:37:25+00:00","breadcrumb":{"@id":"https:\/\/black-jack.com\/es\/estrategia\/sistemas\/paroli\/#breadcrumb"},"inLanguage":"es","potentialAction":[{"@type":"ReadAction","target":["https:\/\/black-jack.com\/es\/estrategia\/sistemas\/paroli\/"]}]},{"@type":"BreadcrumbList","@id":"https:\/\/black-jack.com\/es\/estrategia\/sistemas\/paroli\/#breadcrumb","itemListElement":[{"@type":"ListItem","position":1,"name":"Home","item":"https:\/\/black-jack.com\/es\/"},{"@type":"ListItem","position":2,"name":"Estrategia","item":"https:\/\/black-jack.com\/es\/estrategia\/"},{"@type":"ListItem","position":3,"name":"Sistemas","item":"https:\/\/black-jack.com\/es\/estrategia\/sistemas\/"},{"@type":"ListItem","position":4,"name":"Paroli"}]},{"@type":"WebSite","@id":"https:\/\/black-jack.com\/es\/#website","url":"https:\/\/black-jack.com\/es\/","name":"Black-Jack.com Espa\u00f1a","description":"","potentialAction":[{"@type":"SearchAction","target":{"@type":"EntryPoint","urlTemplate":"https:\/\/black-jack.com\/es\/?s={search_term_string}"},"query-input":{"@type":"PropertyValueSpecification","valueRequired":true,"valueName":"search_term_string"}}],"inLanguage":"es"}]}},"_links":{"self":[{"href":"https:\/\/black-jack.com\/es\/wp-json\/wp\/v2\/pages\/2902","targetHints":{"allow":["GET"]}}],"collection":[{"href":"https:\/\/black-jack.com\/es\/wp-json\/wp\/v2\/pages"}],"about":[{"href":"https:\/\/black-jack.com\/es\/wp-json\/wp\/v2\/types\/page"}],"author":[{"embeddable":true,"href":"https:\/\/black-jack.com\/es\/wp-json\/wp\/v2\/users\/1"}],"replies":[{"embeddable":true,"href":"https:\/\/black-jack.com\/es\/wp-json\/wp\/v2\/comments?post=2902"}],"version-history":[{"count":1,"href":"https:\/\/black-jack.com\/es\/wp-json\/wp\/v2\/pages\/2902\/revisions"}],"predecessor-version":[{"id":3960,"href":"https:\/\/black-jack.com\/es\/wp-json\/wp\/v2\/pages\/2902\/revisions\/3960"}],"up":[{"embeddable":true,"href":"https:\/\/black-jack.com\/es\/wp-json\/wp\/v2\/pages\/1273"}],"wp:attachment":[{"href":"https:\/\/black-jack.com\/es\/wp-json\/wp\/v2\/media?parent=2902"}],"wp:term":[{"taxonomy":"category","embeddable":true,"href":"https:\/\/black-jack.com\/es\/wp-json\/wp\/v2\/categories?post=2902"},{"taxonomy":"post_tag","embeddable":true,"href":"https:\/\/black-jack.com\/es\/wp-json\/wp\/v2\/tags?post=2902"}],"curies":[{"name":"wp","href":"https:\/\/api.w.org\/{rel}","templated":true}]}}