{"id":1277,"date":"2018-11-19T10:01:09","date_gmt":"2018-11-19T10:01:09","guid":{"rendered":"http:\/\/black-jack.com.test\/?page_id=1277"},"modified":"2019-02-07T11:31:24","modified_gmt":"2019-02-07T11:31:24","slug":"martingala","status":"publish","type":"page","link":"https:\/\/black-jack.com\/es\/estrategia\/sistemas\/martingala\/","title":{"rendered":"Martingala"},"content":{"rendered":"","protected":false},"excerpt":{"rendered":"","protected":false},"author":1,"featured_media":0,"parent":1273,"menu_order":1,"comment_status":"closed","ping_status":"closed","template":"","meta":{"_acf_changed":false,"footnotes":""},"categories":[],"tags":[],"class_list":["post-1277","page","type-page","status-publish","hentry"],"acf":{"amp":"no","menu_type":"full","page_builder":[{"acf_fc_layout":"section_full_width","section_full_width":[{"acf_fc_layout":"hero_text","label_choices":"","label_align":"left","label":"","title_choices":"h1","title_align":"center","title":"Aplica el Sistema Martingala al Blackjack <span>Todo sobre este M\u00e9todo para Apostar<\/span>","subtitle_choices":"h4","subtitle_align":"left","subtitle":"","paragraph_choices":"p","paragraph_align":"center","text":"<p><span style=\"font-weight: 400;\">Seguramente alguna vez te lo hayan recomendado, sobre todo si llevas tiempo jugando, pero si no lo has escuchado nunca, te lo diremos nosotros: aplica el Sistema Martingala al Blackjack.<\/span><\/p>\n<p><span style=\"font-weight: 400;\">Este m\u00e9todo se basa en un fundamento matem\u00e1tico y ha demostrado ser uno de los m\u00e1s eficientes para ganar en este juego de cartas. Por eso, te lo vamos a explicar todo sobre el M\u00e9todo para Apostar. As\u00ed podr\u00e1s entenderlo, dominarlo y aprovecharlo.<\/span><\/p>\n","read_more_group":{"option":"yes","max_chars":"214","label_choices":"p","read_more":"Read More","show_less":"Show Less"},"text_field_size":"6","text_field_position":"center","buttons":{"button_check":false,"button_type":false,"text":"","target_type":"","link_type":"","link":"","operators":{"operator":"","operator_type_top":false,"operator_type_single":false,"operator_name_casino":false,"operator_name_sport":false,"operator_name_poker":false,"operator_name_bingo":false,"operator_name_lotto":false},"internal":null,"external":"","select_border":"none","arrow":false},"show_rich_snippet":false,"text_color":"light","box_shadow_select":"none","bg_type":"image","bg_image":"https:\/\/black-jack.com\/es\/wp-content\/uploads\/sites\/5\/2018\/12\/Cabecera-Ilustracion-Estrategia-Defecto.jpg","bg_color_type":"","background_color_versions":false,"gradient_versions":false},{"acf_fc_layout":"inner_menu","select_type":"sub","select_menu":false,"operator_main_page":false,"current_element_title":false,"current_custom_title":"","show_third_level_elements":true,"show_parent_as_first_element":true,"parent_element_title":true,"parent_custom_title":"Atr\u00e1s","left_arrow":true,"static_elements":false,"first_element":"none","last_element":"none","slider_for_desktop":false},{"acf_fc_layout":"breadcrumbs","paragraph_choices":"p","breadcrumb_align":"center","breadcrumb_separator":"\/","current_element_color":"#e71546","remove_spacing_after":true,"text_color":"dark","box_shadow_select":"none","bg_type":"color","bg_image":false,"bg_color_type":"solid","background_color_versions":"bg-c1","gradient_versions":false},{"acf_fc_layout":"text_box_accordion","label_choices":"","label_align":"left","label":"","title_choices":"h2","title_align":"center","title":"As\u00ed funciona el Sistema Martingala","subtitle_choices":"h4","subtitle_align":"left","subtitle":"","paragraph_choices":"p","paragraph_align":"center","text":"<p><span style=\"font-weight: 400;\">El funcionamiento de los Sistemas Martingala es sumamente sencillo. Su idea principal es la de duplicar importe en el caso de perder y, si se gana, establecer una unidad b\u00e1sica para que las ganancias no sean tan elevadas, pero s\u00ed m\u00e1s seguras.<\/span><\/p>\n<p><span style=\"font-weight: 400;\">Lo primero que el jugador debe hacer es establecer una cifra b\u00e1sica a tomar como referencia. Una vez se tiene, lo siguiente es ver c\u00f3mo transcurre la partida. Si se pierde, esa unidad debe multiplicarse por dos y volver a intentar. \u00bfSe vuelve a perder?, se vuelve a duplicar para probar de nuevo. As\u00ed hasta que se gane, momento en el que se debe volver a la cifra establecida como base para apostar de nuevo. Si se acumulan victorias consecutivas, la cifra no debe alterarse.<\/span><\/p>\n<p><span style=\"font-weight: 400;\">Es un m\u00e9todo tan sencillo que lo puede memorizar y aplicar cualquiera, incluso sin tener conocimientos sobre el <a href=\"https:\/\/black-jack.com\/es\/reglas\/\">reglamento del Blackjack<\/a>. Adem\u00e1s, dado el sistema del que parte, asegura recuperar lo perdido en el momento en el que se gana para, a partir de ah\u00ed, comenzar a acumular y mantener un margen positivo.<\/span><\/p>\n<p><span style=\"font-weight: 400;\">Una de las<a href=\"https:\/\/black-jack.com\/es\/estrategia\/\"> estrategias de blackjack<\/a> m\u00e1s sencillas y, a la vez m\u00e1s efectivas. Ideal para quienes est\u00e1n comenzando, ya que no necesita memorizar demasiado y es sumamente eficaz. Aunque, por supuesto, no es infalible.<\/span><\/p>\n","read_more_group":{"option":"yes","max_chars":"214","label_choices":"p","read_more":"Read More","show_less":"Show Less"},"accordion":[{"icon":{"ID":2020,"id":2020,"title":"Blackjack-Entrenamiento","filename":"Blackjack-Entrenamiento.png","filesize":2887,"url":"https:\/\/black-jack.com\/es\/wp-content\/uploads\/sites\/5\/2018\/12\/Blackjack-Entrenamiento.png","link":"https:\/\/black-jack.com\/es\/casinos-online\/attachment\/blackjack-entrenamiento\/","alt":"Blackjack-Entrenamiento","author":"1","description":"","caption":"","name":"blackjack-entrenamiento","status":"inherit","uploaded_to":435,"date":"2018-12-12 09:16:50","modified":"2018-12-13 09:06:45","menu_order":0,"mime_type":"image\/png","type":"image","subtype":"png","icon":"https:\/\/black-jack.com\/es\/wp-includes\/images\/media\/default.png","width":100,"height":100,"sizes":{"thumbnail":"https:\/\/black-jack.com\/es\/wp-content\/uploads\/sites\/5\/2018\/12\/Blackjack-Entrenamiento.png","thumbnail-width":100,"thumbnail-height":100,"medium":"https:\/\/black-jack.com\/es\/wp-content\/uploads\/sites\/5\/2018\/12\/Blackjack-Entrenamiento.png","medium-width":100,"medium-height":100,"medium_large":"https:\/\/black-jack.com\/es\/wp-content\/uploads\/sites\/5\/2018\/12\/Blackjack-Entrenamiento.png","medium_large-width":100,"medium_large-height":100,"large":"https:\/\/black-jack.com\/es\/wp-content\/uploads\/sites\/5\/2018\/12\/Blackjack-Entrenamiento.png","large-width":100,"large-height":100,"1536x1536":"https:\/\/black-jack.com\/es\/wp-content\/uploads\/sites\/5\/2018\/12\/Blackjack-Entrenamiento.png","1536x1536-width":100,"1536x1536-height":100,"2048x2048":"https:\/\/black-jack.com\/es\/wp-content\/uploads\/sites\/5\/2018\/12\/Blackjack-Entrenamiento.png","2048x2048-width":100,"2048x2048-height":100}},"title":"Ejemplo de C\u00f3mo Usar la Estrategia Martingala","text":"<p><span style=\"font-weight: 400;\">Para ilustrar mejor todo lo explicado en el apartado anterior, vamos a poner un ejemplo de c\u00f3mo usar la Estrategia Martingala en una <a href=\"https:\/\/black-jack.com\/es\/\">partida de Blackjack<\/a>. Imaginemos que comenzamos una partida y decidimos establecer como apuesta base 3 \u20ac, comenzamos la ronda y ganamos.<\/span><\/p>\n<p><span style=\"font-weight: 400;\">\u00bfQu\u00e9 hacer a continuaci\u00f3n? Mantener esos 3 \u20ac como cifra est\u00e1ndar de apuesta. Si en la siguiente ronda perdemos, debemos duplicar nuestra apuesta y subir a los 6 \u20ac. Probamos de nuevo y vemos qu\u00e9 ocurre con esta nueva tanda. \u00bfSe pierde otra vez?, se duplica esa cifra otra vez y llegamos a los 12 \u20ac.<\/span><\/p>\n<p><span style=\"font-weight: 400;\">Si, tras este momento, se gana. Recuperamos una buena porci\u00f3n de dinero y volvemos a la cifra b\u00e1sica, la de 3 \u20ac. Ahora, en caso de perder seguimos el mismo patr\u00f3n que hemos explicado y, si se gana, se vuelve siempre a este n\u00famero b\u00e1sico. As\u00ed, poco a poco, se va sumando dinero en el fondo para poder acumular unas buenas cifras de ganancias.<\/span><\/p>\n<p><span style=\"font-weight: 400;\">Puede resultar algo lento para los jugadores que buscan ganancias r\u00e1pidas, pero lo cierto es que funciona bastante bien y no tarda en traducirse en resultados. Eso s\u00ed, hay que ser constante y no cesar en ning\u00fan momento, sobre todo si se lleva una racha de p\u00e9rdidas seguidas importante.<\/span><\/p>\n"},{"icon":{"ID":2073,"id":2073,"title":"Seguro","filename":"Seguro.png","filesize":6651,"url":"https:\/\/black-jack.com\/es\/wp-content\/uploads\/sites\/5\/2018\/12\/Seguro.png","link":"https:\/\/black-jack.com\/es\/estrategia\/sistemas\/martingala\/attachment\/seguro\/","alt":"","author":"1","description":"","caption":"","name":"seguro","status":"inherit","uploaded_to":1277,"date":"2018-12-12 09:17:51","modified":"2018-12-19 15:52:57","menu_order":0,"mime_type":"image\/png","type":"image","subtype":"png","icon":"https:\/\/black-jack.com\/es\/wp-includes\/images\/media\/default.png","width":384,"height":310,"sizes":{"thumbnail":"https:\/\/black-jack.com\/es\/wp-content\/uploads\/sites\/5\/2018\/12\/Seguro-150x150.png","thumbnail-width":150,"thumbnail-height":150,"medium":"https:\/\/black-jack.com\/es\/wp-content\/uploads\/sites\/5\/2018\/12\/Seguro-300x242.png","medium-width":300,"medium-height":242,"medium_large":"https:\/\/black-jack.com\/es\/wp-content\/uploads\/sites\/5\/2018\/12\/Seguro.png","medium_large-width":384,"medium_large-height":310,"large":"https:\/\/black-jack.com\/es\/wp-content\/uploads\/sites\/5\/2018\/12\/Seguro.png","large-width":384,"large-height":310,"1536x1536":"https:\/\/black-jack.com\/es\/wp-content\/uploads\/sites\/5\/2018\/12\/Seguro.png","1536x1536-width":384,"1536x1536-height":310,"2048x2048":"https:\/\/black-jack.com\/es\/wp-content\/uploads\/sites\/5\/2018\/12\/Seguro.png","2048x2048-width":384,"2048x2048-height":310}},"title":"Aplicar el Sistema Martingala al Blackjack","text":"<p><span style=\"font-weight: 400;\">Dado el concepto en el que se basa y el procedimiento que se debe seguir, aplicar el Sistema Martingala al Blackjack es algo tan sencillo como lo que has podido leer en el ejemplo del apartado anterior. Es una estrategia que apenas requiere hacer unas cuentas sencillas a la hora de apostar, que no depende ni de cartas ni de manos. Se rige solo por cifras y el binomio victoria\/derrota.<\/span><\/p>\n<p><span style=\"font-weight: 400;\">Aunque es un sistema que naci\u00f3 para ser usado en la ruleta, es igualmente v\u00e1lido en el campo del Blackjack, ya que se limita a decir qu\u00e9 hacer con las apuestas en funci\u00f3n del resultado de la ronda. Apenas presenta complicaciones y es, de hecho, bastante sencillo de asimilar. Ponerlo en pr\u00e1ctica es algo que solo requiere de unos segundos.<\/span><\/p>\n"},{"icon":{"ID":2042,"id":2042,"title":"Pulgar-Arriba","filename":"Pulgar-Arriba.png","filesize":1741,"url":"https:\/\/black-jack.com\/es\/wp-content\/uploads\/sites\/5\/2018\/12\/Pulgar-Arriba.png","link":"https:\/\/black-jack.com\/es\/bonos\/attachment\/pulgar-arriba\/","alt":"Pulgar-Arriba","author":"1","description":"","caption":"","name":"pulgar-arriba","status":"inherit","uploaded_to":1185,"date":"2018-12-12 09:17:05","modified":"2018-12-13 08:30:26","menu_order":0,"mime_type":"image\/png","type":"image","subtype":"png","icon":"https:\/\/black-jack.com\/es\/wp-includes\/images\/media\/default.png","width":100,"height":100,"sizes":{"thumbnail":"https:\/\/black-jack.com\/es\/wp-content\/uploads\/sites\/5\/2018\/12\/Pulgar-Arriba.png","thumbnail-width":100,"thumbnail-height":100,"medium":"https:\/\/black-jack.com\/es\/wp-content\/uploads\/sites\/5\/2018\/12\/Pulgar-Arriba.png","medium-width":100,"medium-height":100,"medium_large":"https:\/\/black-jack.com\/es\/wp-content\/uploads\/sites\/5\/2018\/12\/Pulgar-Arriba.png","medium_large-width":100,"medium_large-height":100,"large":"https:\/\/black-jack.com\/es\/wp-content\/uploads\/sites\/5\/2018\/12\/Pulgar-Arriba.png","large-width":100,"large-height":100,"1536x1536":"https:\/\/black-jack.com\/es\/wp-content\/uploads\/sites\/5\/2018\/12\/Pulgar-Arriba.png","1536x1536-width":100,"1536x1536-height":100,"2048x2048":"https:\/\/black-jack.com\/es\/wp-content\/uploads\/sites\/5\/2018\/12\/Pulgar-Arriba.png","2048x2048-width":100,"2048x2048-height":100}},"title":"Ventajas e inconvenientes del Sistema Martingala","text":"<p><span style=\"font-weight: 400;\">Ya hemos explicado c\u00f3mo funciona, hemos dado ejemplos y hasta hemos explicado si puede aplicarse o no dentro del Blackjack. Ahora, es el momento de repasar lo bueno y lo malo de este <a href=\"https:\/\/black-jack.com\/es\/estrategia\/sistemas\/\">m\u00e9todo de apuestas<\/a>, de repasar las ventajas e inconvenientes del Sistema Martingala. Es bueno, pero no todo son bondades.<\/span><\/p>\n<p><b>Ventajas<\/b><\/p>\n<ul>\n<li style=\"font-weight: 400;\"><span style=\"font-weight: 400;\">Sistema muy f\u00e1cil de aprender y mucho m\u00e1s f\u00e1cil de poner en pr\u00e1ctica. No requiere tener profundos conocimientos del juego.<\/span><\/li>\n<li style=\"font-weight: 400;\"><span style=\"font-weight: 400;\">Recupera el dinero perdido y a\u00f1ade un extra en caso de acumular varias p\u00e9rdidas. Siempre apunta a un margen positivo.<\/span><\/li>\n<li style=\"font-weight: 400;\"><span style=\"font-weight: 400;\">Puede aplicarse en una gran cantidad de juegos de casino tanto online como normal.<\/span><\/li>\n<\/ul>\n<p><b>Inconvenientes<\/b><\/p>\n<ul>\n<li style=\"font-weight: 400;\"><span style=\"font-weight: 400;\">Si no paras a tiempo, puedes acumular tanto dinero perdido que te costar\u00e1 mucho recuperarte.<\/span><\/li>\n<li style=\"font-weight: 400;\"><span style=\"font-weight: 400;\">El importe a apostar en caso de ganar puede ser realmente peque\u00f1o y propiciar un margen de beneficio reducido.<\/span><\/li>\n<li style=\"font-weight: 400;\"><span style=\"font-weight: 400;\">Si se alcanza el m\u00e1ximo de apuesta, se entra en una zona peligrosa en cuanto a p\u00e9rdidas de dinero.<\/span><\/li>\n<\/ul>\n"}],"text_color":"dark","box_shadow_select":"none","bg_type":"color","bg_image":false,"bg_color_type":"solid","background_color_versions":"bg-c1","gradient_versions":"bg-gr1"},{"acf_fc_layout":"text_box_accordion","label_choices":"","label_align":"left","label":"","title_choices":"h2","title_align":"center","title":"FAQs Sistema Martingala","subtitle_choices":"h4","subtitle_align":"left","subtitle":"","paragraph_choices":"p","paragraph_align":"left","text":"","read_more_group":{"option":"no","max_chars":300,"label_choices":"rm","read_more":"Read More","show_less":"Show Less"},"accordion":[{"icon":false,"title":"\u00bfEs legal usar el Sistema Martingala?","text":"<p><span style=\"font-weight: 400;\">Usar el Sistema Martingala es totalmente legal, como tambi\u00e9n lo es usar cualquier otro sistema. Siempre que no se modifique el comportamiento de las cartas a la hora de repartir, el jugador tiene total libertad para apostar como prefiera, y eso incluye tambi\u00e9n la opci\u00f3n de recurrir a esta estrategia.<\/span><\/p>\n"},{"icon":false,"title":"\u00bfQui\u00e9n invent\u00f3 el Sistema Martingala?","text":"<p><span style=\"font-weight: 400;\">El autor del Sistema Martingala fue alguien conocido como John Henry Martingale, de ah\u00ed el nombre de la estrategia. \u00c9l fue el art\u00edfice de este m\u00e9todo que tanto se sigue usando a d\u00eda de hoy, aunque hay que se\u00f1alar que es el responsable de lo que se conoce como Martingala Cl\u00e1sica, ya que hay otras variantes que pueden traer resultados mucho m\u00e1s atractivos para los jugadores, y provienen de otras personas.<\/span><\/p>\n"},{"icon":false,"title":"\u00bfEs para principiantes o para avanzados el M\u00e9todo Martingala?","text":"<p><span style=\"font-weight: 400;\">Por su planteamiento, el M\u00e9todo Martingala es totalmente apto para principiantes y tambi\u00e9n para jugadores avanzados. Si bien es cierto que, de cara a los<a href=\"https:\/\/black-jack.com\/es\/tipos\/high-roller\/\"> high rollers<\/a>, cuenta con el riesgo de acercarse r\u00e1pidamente al m\u00e1ximo de apuesta en la mesa; siempre tiene como contrapartida positiva que asegura la recuperaci\u00f3n r\u00e1pida del dinero en cuanto se gana por primera vez.<\/span><\/p>\n"},{"icon":false,"title":"\u00bfEn qu\u00e9 casino online puedo jugar al Sistema Martingala?","text":"<p><span style=\"font-weight: 400;\">Puedes jugar con el Sistema Martingala en cualquier <a href=\"https:\/\/black-jack.com\/es\/casinos-online\/casinos-blackjack\/\">casino online\u00a0con blackjack<\/a>\u00a0Lo que s\u00ed debes tener muy en cuenta es que hay que ser totalmente consciente de los l\u00edmites a apostar para saber c\u00f3mo maniobrar, pero no hay casino que impida recurrir a este m\u00e9todo ni que ponga trabas. Se basa en las cantidades de apuesta, no en la modalidad de juego.<\/span><\/p>\n"}],"text_color":"light","box_shadow_select":"none","bg_type":"color","bg_image":false,"bg_color_type":"gradient","background_color_versions":"bg-c1","gradient_versions":"bg-gr1"},{"acf_fc_layout":"comments","label_choices":"","label_align":"left","label":"","title_choices":"h2","title_align":"center","title":"Lo que dicen nuestros lectores","subtitle_choices":"h4","subtitle_align":"left","subtitle":"","paragraph_choices":"p","paragraph_align":"left","text":"","read_more_group":{"option":"no","max_chars":300,"label_choices":"rm","read_more":"Read More","show_less":"Show Less"},"text_color":"dark","box_shadow_select":"none","bg_type":"color","bg_image":false,"bg_color_type":"solid","background_color_versions":"bg-c1","gradient_versions":false},{"acf_fc_layout":"cta1","label_choices":"l1","label_align":"center","label":"Platin Casino BlackJack Bonus","title_choices":"h2","title_align":"left","title":"","operator":"top","operator_type_top":"casino","operator_type_single":false,"operator_name_casino":false,"operator_name_sport":false,"operator_name_poker":false,"operator_name_bingo":false,"operator_name_lotto":false,"bonus_description":true,"buttons":{"button_check":true,"button_type":"btn-v1","text":"Reg\u00edstrate Ahora","target_type":"operator","link_type":"direct","link":"","operators":{"operator":"top","operator_type_top":"casino","operator_type_single":false,"operator_name_casino":false,"operator_name_sport":false,"operator_name_poker":false,"operator_name_bingo":false,"operator_name_lotto":false},"internal":null,"external":"","select_border":"none","arrow":false},"disclaimer":false,"text_color":"light","box_shadow_select":"none","bg_type":"color","bg_image":false,"bg_color_type":"gradient","background_color_versions":false,"gradient_versions":"bg-gr1"}]}],"title":"Sistema Martingala para Blackjack \u00bb Qu\u00e9 es & C\u00f3mo Aplicarlo","breadcrumbs":"","description":"Seguramente alguna vez te lo hayan recomendado, sobre todo si llevas tiempo jugando, pero si no lo has escuchado nunca, te lo diremos nosotros: aplica el Sistema Martingala al Blackjack.\r\n\r\nEste m\u00e9todo se basa en un fundamento matem\u00e1tico y ha demostrado ser uno de los m\u00e1s eficientes para ganar en este juego de cartas. Por eso, te lo vamos a explicar todo sobre el m\u00e9todo para apostar. As\u00ed podr\u00e1s entenderlo, dominarlo y aprovecharlo.\r\n","seo":{"title":"Sistema Martingala para Blackjack \u00bb Qu\u00e9 es & C\u00f3mo Aplicarlo","breadcrumbs":"","description":"Seguramente alguna vez te lo hayan recomendado, sobre todo si llevas tiempo jugando, pero si no lo has escuchado nunca, te lo diremos nosotros: aplica el Sistema Martingala al Blackjack.\r\n\r\nEste m\u00e9todo se basa en un fundamento matem\u00e1tico y ha demostrado ser uno de los m\u00e1s eficientes para ganar en este juego de cartas. Por eso, te lo vamos a explicar todo sobre el m\u00e9todo para apostar. As\u00ed podr\u00e1s entenderlo, dominarlo y aprovecharlo.\r\n"},"custom_page_description":"El Sistema de apuestas Martingala procede de la ruleta, pero su origen no impide a los jugadores sacar partido de \u00e9l para maximizar sus beneficios en las partidas al Blackjack. Esta metodolog\u00eda parte de la idea de doblar las apuestas cuando se acumulan p\u00e9rdidas para ir recuperando dinero y, una vez se gana, apostar la cantidad inicial para moverse con cierta constancia. Es un planteamiento muy sencillo, que posee muchas ramificaciones cuando lo aplicamos al juego del 21, pero cuya idea principal no es m\u00e1s que esa: arriesgar m\u00e1s cuando se est\u00e1 perdiendo y tratar de asegurar cuando se empieza a ganar.<br \/>\r\n","custom_page_order":"238"},"yoast_head":"<!-- This site is optimized with the Yoast SEO plugin v26.7 - https:\/\/yoast.com\/wordpress\/plugins\/seo\/ -->\n<title>Sistema Martingala para Blackjack \u00bb Qu\u00e9 es &amp; C\u00f3mo Aplicarlo<\/title>\n<meta name=\"robots\" content=\"index, follow, max-snippet:-1, max-image-preview:large, max-video-preview:-1\" \/>\n<link rel=\"canonical\" href=\"https:\/\/black-jack.com\/es\/estrategia\/sistemas\/martingala\/\" \/>\n<meta property=\"og:locale\" content=\"es_ES\" \/>\n<meta property=\"og:type\" content=\"article\" \/>\n<meta property=\"og:title\" content=\"Sistema Martingala para Blackjack \u00bb Qu\u00e9 es &amp; C\u00f3mo Aplicarlo\" \/>\n<meta property=\"og:url\" content=\"https:\/\/black-jack.com\/es\/estrategia\/sistemas\/martingala\/\" \/>\n<meta property=\"og:site_name\" content=\"Black-Jack.com Espa\u00f1a\" \/>\n<meta property=\"article:modified_time\" content=\"2019-02-07T11:31:24+00:00\" \/>\n<meta name=\"twitter:card\" content=\"summary_large_image\" \/>\n<script type=\"application\/ld+json\" class=\"yoast-schema-graph\">{\"@context\":\"https:\/\/schema.org\",\"@graph\":[{\"@type\":\"WebPage\",\"@id\":\"https:\/\/black-jack.com\/es\/estrategia\/sistemas\/martingala\/\",\"url\":\"https:\/\/black-jack.com\/es\/estrategia\/sistemas\/martingala\/\",\"name\":\"Sistema Martingala para Blackjack \u00bb Qu\u00e9 es & C\u00f3mo Aplicarlo\",\"isPartOf\":{\"@id\":\"https:\/\/black-jack.com\/es\/#website\"},\"datePublished\":\"2018-11-19T10:01:09+00:00\",\"dateModified\":\"2019-02-07T11:31:24+00:00\",\"breadcrumb\":{\"@id\":\"https:\/\/black-jack.com\/es\/estrategia\/sistemas\/martingala\/#breadcrumb\"},\"inLanguage\":\"es\",\"potentialAction\":[{\"@type\":\"ReadAction\",\"target\":[\"https:\/\/black-jack.com\/es\/estrategia\/sistemas\/martingala\/\"]}]},{\"@type\":\"BreadcrumbList\",\"@id\":\"https:\/\/black-jack.com\/es\/estrategia\/sistemas\/martingala\/#breadcrumb\",\"itemListElement\":[{\"@type\":\"ListItem\",\"position\":1,\"name\":\"Home\",\"item\":\"https:\/\/black-jack.com\/es\/\"},{\"@type\":\"ListItem\",\"position\":2,\"name\":\"Estrategia\",\"item\":\"https:\/\/black-jack.com\/es\/estrategia\/\"},{\"@type\":\"ListItem\",\"position\":3,\"name\":\"Sistemas\",\"item\":\"https:\/\/black-jack.com\/es\/estrategia\/sistemas\/\"},{\"@type\":\"ListItem\",\"position\":4,\"name\":\"Martingala\"}]},{\"@type\":\"WebSite\",\"@id\":\"https:\/\/black-jack.com\/es\/#website\",\"url\":\"https:\/\/black-jack.com\/es\/\",\"name\":\"Black-Jack.com Espa\u00f1a\",\"description\":\"\",\"potentialAction\":[{\"@type\":\"SearchAction\",\"target\":{\"@type\":\"EntryPoint\",\"urlTemplate\":\"https:\/\/black-jack.com\/es\/?s={search_term_string}\"},\"query-input\":{\"@type\":\"PropertyValueSpecification\",\"valueRequired\":true,\"valueName\":\"search_term_string\"}}],\"inLanguage\":\"es\"}]}<\/script>\n<!-- \/ Yoast SEO plugin. -->","yoast_head_json":{"title":"Sistema Martingala para Blackjack \u00bb Qu\u00e9 es & C\u00f3mo Aplicarlo","robots":{"index":"index","follow":"follow","max-snippet":"max-snippet:-1","max-image-preview":"max-image-preview:large","max-video-preview":"max-video-preview:-1"},"canonical":"https:\/\/black-jack.com\/es\/estrategia\/sistemas\/martingala\/","og_locale":"es_ES","og_type":"article","og_title":"Sistema Martingala para Blackjack \u00bb Qu\u00e9 es & C\u00f3mo Aplicarlo","og_url":"https:\/\/black-jack.com\/es\/estrategia\/sistemas\/martingala\/","og_site_name":"Black-Jack.com Espa\u00f1a","article_modified_time":"2019-02-07T11:31:24+00:00","twitter_card":"summary_large_image","schema":{"@context":"https:\/\/schema.org","@graph":[{"@type":"WebPage","@id":"https:\/\/black-jack.com\/es\/estrategia\/sistemas\/martingala\/","url":"https:\/\/black-jack.com\/es\/estrategia\/sistemas\/martingala\/","name":"Sistema Martingala para Blackjack \u00bb Qu\u00e9 es & C\u00f3mo Aplicarlo","isPartOf":{"@id":"https:\/\/black-jack.com\/es\/#website"},"datePublished":"2018-11-19T10:01:09+00:00","dateModified":"2019-02-07T11:31:24+00:00","breadcrumb":{"@id":"https:\/\/black-jack.com\/es\/estrategia\/sistemas\/martingala\/#breadcrumb"},"inLanguage":"es","potentialAction":[{"@type":"ReadAction","target":["https:\/\/black-jack.com\/es\/estrategia\/sistemas\/martingala\/"]}]},{"@type":"BreadcrumbList","@id":"https:\/\/black-jack.com\/es\/estrategia\/sistemas\/martingala\/#breadcrumb","itemListElement":[{"@type":"ListItem","position":1,"name":"Home","item":"https:\/\/black-jack.com\/es\/"},{"@type":"ListItem","position":2,"name":"Estrategia","item":"https:\/\/black-jack.com\/es\/estrategia\/"},{"@type":"ListItem","position":3,"name":"Sistemas","item":"https:\/\/black-jack.com\/es\/estrategia\/sistemas\/"},{"@type":"ListItem","position":4,"name":"Martingala"}]},{"@type":"WebSite","@id":"https:\/\/black-jack.com\/es\/#website","url":"https:\/\/black-jack.com\/es\/","name":"Black-Jack.com Espa\u00f1a","description":"","potentialAction":[{"@type":"SearchAction","target":{"@type":"EntryPoint","urlTemplate":"https:\/\/black-jack.com\/es\/?s={search_term_string}"},"query-input":{"@type":"PropertyValueSpecification","valueRequired":true,"valueName":"search_term_string"}}],"inLanguage":"es"}]}},"_links":{"self":[{"href":"https:\/\/black-jack.com\/es\/wp-json\/wp\/v2\/pages\/1277","targetHints":{"allow":["GET"]}}],"collection":[{"href":"https:\/\/black-jack.com\/es\/wp-json\/wp\/v2\/pages"}],"about":[{"href":"https:\/\/black-jack.com\/es\/wp-json\/wp\/v2\/types\/page"}],"author":[{"embeddable":true,"href":"https:\/\/black-jack.com\/es\/wp-json\/wp\/v2\/users\/1"}],"replies":[{"embeddable":true,"href":"https:\/\/black-jack.com\/es\/wp-json\/wp\/v2\/comments?post=1277"}],"version-history":[{"count":2,"href":"https:\/\/black-jack.com\/es\/wp-json\/wp\/v2\/pages\/1277\/revisions"}],"predecessor-version":[{"id":3955,"href":"https:\/\/black-jack.com\/es\/wp-json\/wp\/v2\/pages\/1277\/revisions\/3955"}],"up":[{"embeddable":true,"href":"https:\/\/black-jack.com\/es\/wp-json\/wp\/v2\/pages\/1273"}],"wp:attachment":[{"href":"https:\/\/black-jack.com\/es\/wp-json\/wp\/v2\/media?parent=1277"}],"wp:term":[{"taxonomy":"category","embeddable":true,"href":"https:\/\/black-jack.com\/es\/wp-json\/wp\/v2\/categories?post=1277"},{"taxonomy":"post_tag","embeddable":true,"href":"https:\/\/black-jack.com\/es\/wp-json\/wp\/v2\/tags?post=1277"}],"curies":[{"name":"wp","href":"https:\/\/api.w.org\/{rel}","templated":true}]}}