{"id":1273,"date":"2018-11-19T09:59:07","date_gmt":"2018-11-19T09:59:07","guid":{"rendered":"http:\/\/black-jack.com.test\/?page_id=1273"},"modified":"2019-01-28T12:53:05","modified_gmt":"2019-01-28T12:53:05","slug":"sistemas","status":"publish","type":"page","link":"https:\/\/black-jack.com\/es\/estrategia\/sistemas\/","title":{"rendered":"Sistemas"},"content":{"rendered":"","protected":false},"excerpt":{"rendered":"","protected":false},"author":1,"featured_media":0,"parent":441,"menu_order":5,"comment_status":"closed","ping_status":"closed","template":"","meta":{"_acf_changed":false,"footnotes":""},"categories":[],"tags":[],"class_list":["post-1273","page","type-page","status-publish","hentry"],"acf":{"amp":"no","menu_type":"full","page_builder":[{"acf_fc_layout":"section_full_width","section_full_width":[{"acf_fc_layout":"hero_text","label_choices":"","label_align":"left","label":"","title_choices":"h1","title_align":"left","title":"M\u00e9todos de Apuestas <span>Los Sistemas para Rentabilizar tu Dinero en Casino<\/span>","subtitle_choices":"h4","subtitle_align":"left","subtitle":"","paragraph_choices":"p","paragraph_align":"left","text":"<p><span style=\"font-weight: 400;\">El Blackjack es considerado un juego de azar, pero la estad\u00edstica que hay detr\u00e1s de \u00e9l demuestra que se pueden sacar partido a varios m\u00e9todos de apuestas para aumentar las probabilidades de ganar.<\/span><\/p>\n<p><span style=\"font-weight: 400;\">Si quieres que tus partidas acumulen m\u00e1s victorias que derrotas, sigue leyendo, te vamos a presentar y explicar los sistemas para rentabilizar tu dinero en <a href=\"https:\/\/black-jack.com\/es\/casinos-online\/casinos-blackjack\/\">casinos con blackjack<\/a> para ganar jugando al 21.<\/span><\/p>\n","read_more_group":{"option":"yes","max_chars":"214","label_choices":"p","read_more":"Read More","show_less":"Show Less"},"text_field_size":"6","text_field_position":"left","buttons":{"button_check":false,"button_type":false,"text":"","target_type":"","link_type":"","link":"","operators":{"operator":"","operator_type_top":false,"operator_type_single":false,"operator_name_casino":false,"operator_name_sport":false,"operator_name_poker":false,"operator_name_bingo":false,"operator_name_lotto":false},"internal":null,"external":"","select_border":"none","arrow":false},"show_rich_snippet":false,"text_color":"light","box_shadow_select":"none","bg_type":"image","bg_image":"https:\/\/black-jack.com\/es\/wp-content\/uploads\/sites\/5\/2018\/12\/Blackjack-Sistemas.jpg","bg_color_type":"","background_color_versions":false,"gradient_versions":false},{"acf_fc_layout":"inner_menu","select_type":"sub","select_menu":false,"operator_main_page":false,"current_element_title":false,"current_custom_title":"","show_third_level_elements":false,"show_parent_as_first_element":true,"parent_element_title":false,"parent_custom_title":"","left_arrow":false,"static_elements":false,"first_element":"none","last_element":"none","slider_for_desktop":false},{"acf_fc_layout":"breadcrumbs","paragraph_choices":"p","breadcrumb_align":"center","breadcrumb_separator":"\/","current_element_color":"#e71546","remove_spacing_after":true,"text_color":"dark","box_shadow_select":"none","bg_type":"color","bg_image":false,"bg_color_type":"solid","background_color_versions":"bg-c1","gradient_versions":false},{"acf_fc_layout":"inner_menu_boxes","label_choices":"","label_align":"left","label":"","title_choices":"h2","title_align":"center","title":"\u00bfCu\u00e1les son los sistemas de apuestas m\u00e1s populares?","subtitle_choices":"h4","subtitle_align":"left","subtitle":"","paragraph_choices":"p","paragraph_align":"center","text":"<p><span style=\"font-weight: 400;\">A lo largo de los a\u00f1os, los profesionales e incluso muchos matem\u00e1ticos han dado forma a varios m\u00e9todos que se han acabado convirtiendo en los sistemas de apuestas m\u00e1s populares. Son conceptos te\u00f3ricos que, llevados a la mesa de juego, acaban trayendo muy buenos resultados, aunque no por ello son f\u00e1ciles de ejecutar.<\/span><\/p>\n<p><span style=\"font-weight: 400;\">A continuaci\u00f3n vamos a presentarte los principales m\u00e9todos de apuestas que hay en el campo del blackjack para que veas todo lo que puedes hacer para pulir tu <a href=\"https:\/\/black-jack.com\/es\/estrategia\/\">estrategia de blackjack.<\/a><\/span><\/p>\n","read_more_group":{"option":"yes","max_chars":"316","label_choices":"p","read_more":"Read More","show_less":"Show Less"},"boxes":{"sub_pages_level":"2","box_background":"#ffffff","show_page_title":true,"title_choices":"h5","title_align":"center","show_page_description":true,"paragraph_choices":"p","paragraph_align":"center","show_read_more_button":true,"button_type":"btn-v6","button_border_bottom":true,"button_text":"Lee M\u00e1s","show_page_likes":true,"vote_up_image":{"ID":2042,"id":2042,"title":"Pulgar-Arriba","filename":"Pulgar-Arriba.png","filesize":1741,"url":"https:\/\/black-jack.com\/es\/wp-content\/uploads\/sites\/5\/2018\/12\/Pulgar-Arriba.png","link":"https:\/\/black-jack.com\/es\/bonos\/attachment\/pulgar-arriba\/","alt":"Pulgar-Arriba","author":"1","description":"","caption":"","name":"pulgar-arriba","status":"inherit","uploaded_to":1185,"date":"2018-12-12 09:17:05","modified":"2018-12-13 08:30:26","menu_order":0,"mime_type":"image\/png","type":"image","subtype":"png","icon":"https:\/\/black-jack.com\/es\/wp-includes\/images\/media\/default.png","width":100,"height":100,"sizes":{"thumbnail":"https:\/\/black-jack.com\/es\/wp-content\/uploads\/sites\/5\/2018\/12\/Pulgar-Arriba.png","thumbnail-width":100,"thumbnail-height":100,"medium":"https:\/\/black-jack.com\/es\/wp-content\/uploads\/sites\/5\/2018\/12\/Pulgar-Arriba.png","medium-width":100,"medium-height":100,"medium_large":"https:\/\/black-jack.com\/es\/wp-content\/uploads\/sites\/5\/2018\/12\/Pulgar-Arriba.png","medium_large-width":100,"medium_large-height":100,"large":"https:\/\/black-jack.com\/es\/wp-content\/uploads\/sites\/5\/2018\/12\/Pulgar-Arriba.png","large-width":100,"large-height":100,"1536x1536":"https:\/\/black-jack.com\/es\/wp-content\/uploads\/sites\/5\/2018\/12\/Pulgar-Arriba.png","1536x1536-width":100,"1536x1536-height":100,"2048x2048":"https:\/\/black-jack.com\/es\/wp-content\/uploads\/sites\/5\/2018\/12\/Pulgar-Arriba.png","2048x2048-width":100,"2048x2048-height":100}},"vote_down_image":{"ID":2041,"id":2041,"title":"Pulgar-Abajo","filename":"Pulgar-Abajo.png","filesize":1752,"url":"https:\/\/black-jack.com\/es\/wp-content\/uploads\/sites\/5\/2018\/12\/Pulgar-Abajo.png","link":"https:\/\/black-jack.com\/es\/bonos\/attachment\/pulgar-abajo\/","alt":"Pulgar-Abajo","author":"1","description":"","caption":"","name":"pulgar-abajo","status":"inherit","uploaded_to":1185,"date":"2018-12-12 09:17:04","modified":"2018-12-13 08:30:26","menu_order":0,"mime_type":"image\/png","type":"image","subtype":"png","icon":"https:\/\/black-jack.com\/es\/wp-includes\/images\/media\/default.png","width":100,"height":100,"sizes":{"thumbnail":"https:\/\/black-jack.com\/es\/wp-content\/uploads\/sites\/5\/2018\/12\/Pulgar-Abajo.png","thumbnail-width":100,"thumbnail-height":100,"medium":"https:\/\/black-jack.com\/es\/wp-content\/uploads\/sites\/5\/2018\/12\/Pulgar-Abajo.png","medium-width":100,"medium-height":100,"medium_large":"https:\/\/black-jack.com\/es\/wp-content\/uploads\/sites\/5\/2018\/12\/Pulgar-Abajo.png","medium_large-width":100,"medium_large-height":100,"large":"https:\/\/black-jack.com\/es\/wp-content\/uploads\/sites\/5\/2018\/12\/Pulgar-Abajo.png","large-width":100,"large-height":100,"1536x1536":"https:\/\/black-jack.com\/es\/wp-content\/uploads\/sites\/5\/2018\/12\/Pulgar-Abajo.png","1536x1536-width":100,"1536x1536-height":100,"2048x2048":"https:\/\/black-jack.com\/es\/wp-content\/uploads\/sites\/5\/2018\/12\/Pulgar-Abajo.png","2048x2048-width":100,"2048x2048-height":100}},"show_page_comments":true,"comments_image":{"ID":2027,"id":2027,"title":"Blackjack-informacion","filename":"Blackjack-informacion.png","filesize":2008,"url":"https:\/\/black-jack.com\/es\/wp-content\/uploads\/sites\/5\/2018\/12\/Blackjack-informacion.png","link":"https:\/\/black-jack.com\/es\/estrategia\/sistemas\/attachment\/blackjack-informacion\/","alt":"","author":"1","description":"","caption":"","name":"blackjack-informacion","status":"inherit","uploaded_to":1273,"date":"2018-12-12 09:16:54","modified":"2019-01-11 08:42:31","menu_order":0,"mime_type":"image\/png","type":"image","subtype":"png","icon":"https:\/\/black-jack.com\/es\/wp-includes\/images\/media\/default.png","width":100,"height":100,"sizes":{"thumbnail":"https:\/\/black-jack.com\/es\/wp-content\/uploads\/sites\/5\/2018\/12\/Blackjack-informacion.png","thumbnail-width":100,"thumbnail-height":100,"medium":"https:\/\/black-jack.com\/es\/wp-content\/uploads\/sites\/5\/2018\/12\/Blackjack-informacion.png","medium-width":100,"medium-height":100,"medium_large":"https:\/\/black-jack.com\/es\/wp-content\/uploads\/sites\/5\/2018\/12\/Blackjack-informacion.png","medium_large-width":100,"medium_large-height":100,"large":"https:\/\/black-jack.com\/es\/wp-content\/uploads\/sites\/5\/2018\/12\/Blackjack-informacion.png","large-width":100,"large-height":100,"1536x1536":"https:\/\/black-jack.com\/es\/wp-content\/uploads\/sites\/5\/2018\/12\/Blackjack-informacion.png","1536x1536-width":100,"1536x1536-height":100,"2048x2048":"https:\/\/black-jack.com\/es\/wp-content\/uploads\/sites\/5\/2018\/12\/Blackjack-informacion.png","2048x2048-width":100,"2048x2048-height":100}},"comments_text":"Comentarios"},"text_color":"dark","box_shadow_select":"none","bg_type":"color","bg_image":false,"bg_color_type":"solid","background_color_versions":"bg-c1","gradient_versions":false},{"acf_fc_layout":"cta_operator","label_choices":"","label_align":"left","label":"","title_choices":"h2","title_align":"center","title":"Casino del Mes","subtitle_choices":"h4","subtitle_align":"left","subtitle":"","paragraph_choices":"p","paragraph_align":"left","text":"","read_more_group":{"option":"no","max_chars":300,"label_choices":"rm","read_more":"Read More","show_less":"Show Less"},"box_names":"Main Dark","show_rich_snippet":false,"operator":"top","operator_type_top":"casino","operator_type_single":false,"operator_name_casino":false,"operator_name_sport":false,"operator_name_poker":false,"operator_name_bingo":false,"operator_name_lotto":false,"text_color":"light","box_shadow_select":"none","bg_type":"color","bg_image":false,"bg_color_type":"gradient","background_color_versions":false,"gradient_versions":"bg-gr1"},{"acf_fc_layout":"text_box_accordion","label_choices":"","label_align":"left","label":"","title_choices":"h2","title_align":"center","title":"FAQ Sistemas de Apuestas","subtitle_choices":"h4","subtitle_align":"left","subtitle":"","paragraph_choices":"p","paragraph_align":"left","text":"","read_more_group":{"option":"no","max_chars":300,"label_choices":"rm","read_more":"Read More","show_less":"Show Less"},"accordion":[{"icon":{"ID":2018,"id":2018,"title":"Blackjack-Dinero-Real","filename":"Blackjack-Dinero-Real.png","filesize":2071,"url":"https:\/\/black-jack.com\/es\/wp-content\/uploads\/sites\/5\/2018\/12\/Blackjack-Dinero-Real.png","link":"https:\/\/black-jack.com\/es\/estrategia\/sistemas\/attachment\/blackjack-dinero-real\/","alt":"","author":"1","description":"","caption":"","name":"blackjack-dinero-real","status":"inherit","uploaded_to":1273,"date":"2018-12-12 09:16:49","modified":"2019-01-10 09:40:21","menu_order":0,"mime_type":"image\/png","type":"image","subtype":"png","icon":"https:\/\/black-jack.com\/es\/wp-includes\/images\/media\/default.png","width":100,"height":100,"sizes":{"thumbnail":"https:\/\/black-jack.com\/es\/wp-content\/uploads\/sites\/5\/2018\/12\/Blackjack-Dinero-Real.png","thumbnail-width":100,"thumbnail-height":100,"medium":"https:\/\/black-jack.com\/es\/wp-content\/uploads\/sites\/5\/2018\/12\/Blackjack-Dinero-Real.png","medium-width":100,"medium-height":100,"medium_large":"https:\/\/black-jack.com\/es\/wp-content\/uploads\/sites\/5\/2018\/12\/Blackjack-Dinero-Real.png","medium_large-width":100,"medium_large-height":100,"large":"https:\/\/black-jack.com\/es\/wp-content\/uploads\/sites\/5\/2018\/12\/Blackjack-Dinero-Real.png","large-width":100,"large-height":100,"1536x1536":"https:\/\/black-jack.com\/es\/wp-content\/uploads\/sites\/5\/2018\/12\/Blackjack-Dinero-Real.png","1536x1536-width":100,"1536x1536-height":100,"2048x2048":"https:\/\/black-jack.com\/es\/wp-content\/uploads\/sites\/5\/2018\/12\/Blackjack-Dinero-Real.png","2048x2048-width":100,"2048x2048-height":100}},"title":"\u00bfQu\u00e9 son los m\u00e9todos de apuestas?","text":"<p><span style=\"font-weight: 400;\">Los m\u00e9todos de apuestas son <a href=\"https:\/\/black-jack.com\/es\/estrategia\/\">estrategias de blackjack<\/a> que se aplican con el fin de mejorar el rendimiento de cada partida. La inmensa mayor\u00eda est\u00e1n basados en m\u00e9todos y teor\u00edas matem\u00e1ticas, por lo que tienen una base cient\u00edfica bastante s\u00f3lida y generan total confianza.<\/span><\/p>\n<p><span style=\"font-weight: 400;\">Cada uno tiene sus ventajas e inconvenientes y requiere una mayor o menor implicaci\u00f3n del jugador. Casos como el sistema Andrucci, por ejemplo, exigen memorizar muchas cartas para poder actuar en consecuencia; mientras que otros se basan en aplicar cuentas sencillas.<\/span><\/p>\n<p><span style=\"font-weight: 400;\">La idea es que estos m\u00e9todos, puestos en pr\u00e1ctica, traen siempre buenos resultados independientemente del que se use. No obstante, es el jugador el que debe terminar de decidir para quedarse con el que le resulte c\u00f3modo.<\/span><\/p>\n"},{"icon":{"ID":2025,"id":2025,"title":"Blackjack-Ganancias-Prohibidas","filename":"Blackjack-Ganancias-Prohibidas.png","filesize":3268,"url":"https:\/\/black-jack.com\/es\/wp-content\/uploads\/sites\/5\/2018\/12\/Blackjack-Ganancias-Prohibidas.png","link":"https:\/\/black-jack.com\/es\/home\/attachment\/blackjack-ganancias-prohibidas\/","alt":"Blackjack-Ganancias-Prohibidas","author":"1","description":"","caption":"","name":"blackjack-ganancias-prohibidas","status":"inherit","uploaded_to":432,"date":"2018-12-12 09:16:53","modified":"2018-12-12 09:30:47","menu_order":0,"mime_type":"image\/png","type":"image","subtype":"png","icon":"https:\/\/black-jack.com\/es\/wp-includes\/images\/media\/default.png","width":100,"height":100,"sizes":{"thumbnail":"https:\/\/black-jack.com\/es\/wp-content\/uploads\/sites\/5\/2018\/12\/Blackjack-Ganancias-Prohibidas.png","thumbnail-width":100,"thumbnail-height":100,"medium":"https:\/\/black-jack.com\/es\/wp-content\/uploads\/sites\/5\/2018\/12\/Blackjack-Ganancias-Prohibidas.png","medium-width":100,"medium-height":100,"medium_large":"https:\/\/black-jack.com\/es\/wp-content\/uploads\/sites\/5\/2018\/12\/Blackjack-Ganancias-Prohibidas.png","medium_large-width":100,"medium_large-height":100,"large":"https:\/\/black-jack.com\/es\/wp-content\/uploads\/sites\/5\/2018\/12\/Blackjack-Ganancias-Prohibidas.png","large-width":100,"large-height":100,"1536x1536":"https:\/\/black-jack.com\/es\/wp-content\/uploads\/sites\/5\/2018\/12\/Blackjack-Ganancias-Prohibidas.png","1536x1536-width":100,"1536x1536-height":100,"2048x2048":"https:\/\/black-jack.com\/es\/wp-content\/uploads\/sites\/5\/2018\/12\/Blackjack-Ganancias-Prohibidas.png","2048x2048-width":100,"2048x2048-height":100}},"title":"\u00bfPor qu\u00e9 usar los m\u00e9todos de apuesta en el blackjack?","text":"<p><span style=\"font-weight: 400;\">Jugar sin una estrategia previa es una aut\u00e9ntica locura porque, por mucho que se diga que son juegos de azar, la realidad ha demostrado que una buena base matem\u00e1tica siempre ayuda. Son muchas las razones que dejan claro por qu\u00e9 usar los m\u00e9todos de apuesta en el blackjack.<\/span><\/p>\n<p><span style=\"font-weight: 400;\">La primera es que dan buenos resultados, la segunda es que ayudan a entender mejor el juego y su comportamiento, la tercera es que siempre es mejor llevar alguna estrategia preparada en lugar de actuar sin una base. Como dec\u00edamos, razones hay m\u00e1s que de sobra, y todas apuntan al mismo camino: llevar al jugador a la victoria y las ganancias. No dudes en poner en pr\u00e1ctica estos m\u00e9todos en nuestro <a href=\"https:\/\/black-jack.com\/es\/estrategia\/calculadora-probabilidades\/\">simulador de blackjack.\u00a0<\/a><\/span><\/p>\n"}],"text_color":"dark","box_shadow_select":"none","bg_type":"color","bg_image":false,"bg_color_type":"solid","background_color_versions":"bg-c1","gradient_versions":false}]}],"title":"Sistemas de Apuestas \u00bb T\u00e1cticas para Sacar el M\u00e1ximo Rendimiento","breadcrumbs":"","description":"El Blackjack es considerado un juego de azar, pero la estad\u00edstica que hay detr\u00e1s de \u00e9l demuestra que se pueden sacar partido a varios m\u00e9todos de apuestas para aumentar las probabilidades de ganar.\r\n\r\nSi quieres que tus partidas acumulen m\u00e1s victorias que derrotas, sigue leyendo, te vamos a presentar y explicar los sistemas para rentabilizar tu dinero en casino jugando al 21.","seo":{"title":"Sistemas de Apuestas \u00bb T\u00e1cticas para Sacar el M\u00e1ximo Rendimiento","breadcrumbs":"","description":"El Blackjack es considerado un juego de azar, pero la estad\u00edstica que hay detr\u00e1s de \u00e9l demuestra que se pueden sacar partido a varios m\u00e9todos de apuestas para aumentar las probabilidades de ganar.\r\n\r\nSi quieres que tus partidas acumulen m\u00e1s victorias que derrotas, sigue leyendo, te vamos a presentar y explicar los sistemas para rentabilizar tu dinero en casino jugando al 21."},"custom_page_description":"","custom_page_order":"0"},"yoast_head":"<!-- This site is optimized with the Yoast SEO plugin v26.7 - https:\/\/yoast.com\/wordpress\/plugins\/seo\/ -->\n<title>Sistemas de Apuestas \u00bb T\u00e1cticas para Sacar el M\u00e1ximo Rendimiento<\/title>\n<meta name=\"robots\" content=\"index, follow, max-snippet:-1, max-image-preview:large, max-video-preview:-1\" \/>\n<link rel=\"canonical\" href=\"https:\/\/black-jack.com\/es\/estrategia\/sistemas\/\" \/>\n<meta property=\"og:locale\" content=\"es_ES\" \/>\n<meta property=\"og:type\" content=\"article\" \/>\n<meta property=\"og:title\" content=\"Sistemas de Apuestas \u00bb T\u00e1cticas para Sacar el M\u00e1ximo Rendimiento\" \/>\n<meta property=\"og:url\" content=\"https:\/\/black-jack.com\/es\/estrategia\/sistemas\/\" \/>\n<meta property=\"og:site_name\" content=\"Black-Jack.com Espa\u00f1a\" \/>\n<meta property=\"article:modified_time\" content=\"2019-01-28T12:53:05+00:00\" \/>\n<meta name=\"twitter:card\" content=\"summary_large_image\" \/>\n<script type=\"application\/ld+json\" class=\"yoast-schema-graph\">{\"@context\":\"https:\/\/schema.org\",\"@graph\":[{\"@type\":\"WebPage\",\"@id\":\"https:\/\/black-jack.com\/es\/estrategia\/sistemas\/\",\"url\":\"https:\/\/black-jack.com\/es\/estrategia\/sistemas\/\",\"name\":\"Sistemas de Apuestas \u00bb T\u00e1cticas para Sacar el M\u00e1ximo Rendimiento\",\"isPartOf\":{\"@id\":\"https:\/\/black-jack.com\/es\/#website\"},\"datePublished\":\"2018-11-19T09:59:07+00:00\",\"dateModified\":\"2019-01-28T12:53:05+00:00\",\"breadcrumb\":{\"@id\":\"https:\/\/black-jack.com\/es\/estrategia\/sistemas\/#breadcrumb\"},\"inLanguage\":\"es\",\"potentialAction\":[{\"@type\":\"ReadAction\",\"target\":[\"https:\/\/black-jack.com\/es\/estrategia\/sistemas\/\"]}]},{\"@type\":\"BreadcrumbList\",\"@id\":\"https:\/\/black-jack.com\/es\/estrategia\/sistemas\/#breadcrumb\",\"itemListElement\":[{\"@type\":\"ListItem\",\"position\":1,\"name\":\"Home\",\"item\":\"https:\/\/black-jack.com\/es\/\"},{\"@type\":\"ListItem\",\"position\":2,\"name\":\"Estrategia\",\"item\":\"https:\/\/black-jack.com\/es\/estrategia\/\"},{\"@type\":\"ListItem\",\"position\":3,\"name\":\"Sistemas\"}]},{\"@type\":\"WebSite\",\"@id\":\"https:\/\/black-jack.com\/es\/#website\",\"url\":\"https:\/\/black-jack.com\/es\/\",\"name\":\"Black-Jack.com Espa\u00f1a\",\"description\":\"\",\"potentialAction\":[{\"@type\":\"SearchAction\",\"target\":{\"@type\":\"EntryPoint\",\"urlTemplate\":\"https:\/\/black-jack.com\/es\/?s={search_term_string}\"},\"query-input\":{\"@type\":\"PropertyValueSpecification\",\"valueRequired\":true,\"valueName\":\"search_term_string\"}}],\"inLanguage\":\"es\"}]}<\/script>\n<!-- \/ Yoast SEO plugin. -->","yoast_head_json":{"title":"Sistemas de Apuestas \u00bb T\u00e1cticas para Sacar el M\u00e1ximo Rendimiento","robots":{"index":"index","follow":"follow","max-snippet":"max-snippet:-1","max-image-preview":"max-image-preview:large","max-video-preview":"max-video-preview:-1"},"canonical":"https:\/\/black-jack.com\/es\/estrategia\/sistemas\/","og_locale":"es_ES","og_type":"article","og_title":"Sistemas de Apuestas \u00bb T\u00e1cticas para Sacar el M\u00e1ximo Rendimiento","og_url":"https:\/\/black-jack.com\/es\/estrategia\/sistemas\/","og_site_name":"Black-Jack.com Espa\u00f1a","article_modified_time":"2019-01-28T12:53:05+00:00","twitter_card":"summary_large_image","schema":{"@context":"https:\/\/schema.org","@graph":[{"@type":"WebPage","@id":"https:\/\/black-jack.com\/es\/estrategia\/sistemas\/","url":"https:\/\/black-jack.com\/es\/estrategia\/sistemas\/","name":"Sistemas de Apuestas \u00bb T\u00e1cticas para Sacar el M\u00e1ximo Rendimiento","isPartOf":{"@id":"https:\/\/black-jack.com\/es\/#website"},"datePublished":"2018-11-19T09:59:07+00:00","dateModified":"2019-01-28T12:53:05+00:00","breadcrumb":{"@id":"https:\/\/black-jack.com\/es\/estrategia\/sistemas\/#breadcrumb"},"inLanguage":"es","potentialAction":[{"@type":"ReadAction","target":["https:\/\/black-jack.com\/es\/estrategia\/sistemas\/"]}]},{"@type":"BreadcrumbList","@id":"https:\/\/black-jack.com\/es\/estrategia\/sistemas\/#breadcrumb","itemListElement":[{"@type":"ListItem","position":1,"name":"Home","item":"https:\/\/black-jack.com\/es\/"},{"@type":"ListItem","position":2,"name":"Estrategia","item":"https:\/\/black-jack.com\/es\/estrategia\/"},{"@type":"ListItem","position":3,"name":"Sistemas"}]},{"@type":"WebSite","@id":"https:\/\/black-jack.com\/es\/#website","url":"https:\/\/black-jack.com\/es\/","name":"Black-Jack.com Espa\u00f1a","description":"","potentialAction":[{"@type":"SearchAction","target":{"@type":"EntryPoint","urlTemplate":"https:\/\/black-jack.com\/es\/?s={search_term_string}"},"query-input":{"@type":"PropertyValueSpecification","valueRequired":true,"valueName":"search_term_string"}}],"inLanguage":"es"}]}},"_links":{"self":[{"href":"https:\/\/black-jack.com\/es\/wp-json\/wp\/v2\/pages\/1273","targetHints":{"allow":["GET"]}}],"collection":[{"href":"https:\/\/black-jack.com\/es\/wp-json\/wp\/v2\/pages"}],"about":[{"href":"https:\/\/black-jack.com\/es\/wp-json\/wp\/v2\/types\/page"}],"author":[{"embeddable":true,"href":"https:\/\/black-jack.com\/es\/wp-json\/wp\/v2\/users\/1"}],"replies":[{"embeddable":true,"href":"https:\/\/black-jack.com\/es\/wp-json\/wp\/v2\/comments?post=1273"}],"version-history":[{"count":0,"href":"https:\/\/black-jack.com\/es\/wp-json\/wp\/v2\/pages\/1273\/revisions"}],"up":[{"embeddable":true,"href":"https:\/\/black-jack.com\/es\/wp-json\/wp\/v2\/pages\/441"}],"wp:attachment":[{"href":"https:\/\/black-jack.com\/es\/wp-json\/wp\/v2\/media?parent=1273"}],"wp:term":[{"taxonomy":"category","embeddable":true,"href":"https:\/\/black-jack.com\/es\/wp-json\/wp\/v2\/categories?post=1273"},{"taxonomy":"post_tag","embeddable":true,"href":"https:\/\/black-jack.com\/es\/wp-json\/wp\/v2\/tags?post=1273"}],"curies":[{"name":"wp","href":"https:\/\/api.w.org\/{rel}","templated":true}]}}