{"id":1271,"date":"2018-11-19T09:56:20","date_gmt":"2018-11-19T09:56:20","guid":{"rendered":"http:\/\/black-jack.com.test\/?page_id=1271"},"modified":"2019-03-15T11:52:06","modified_gmt":"2019-03-15T11:52:06","slug":"como-contar-cartas","status":"publish","type":"page","link":"https:\/\/black-jack.com\/es\/estrategia\/como-contar-cartas\/","title":{"rendered":"Contar Cartas"},"content":{"rendered":"","protected":false},"excerpt":{"rendered":"","protected":false},"author":1,"featured_media":0,"parent":441,"menu_order":4,"comment_status":"closed","ping_status":"closed","template":"","meta":{"_acf_changed":false,"footnotes":""},"categories":[],"tags":[],"class_list":["post-1271","page","type-page","status-publish","hentry"],"acf":{"amp":"no","menu_type":"full","page_builder":[{"acf_fc_layout":"section_full_width","section_full_width":[{"acf_fc_layout":"hero_text","label_choices":"","label_align":"left","label":"","title_choices":"h1","title_align":"center","title":"C\u00f3mo Contar Cartas en el Blackjack <span> El Conteo y sus Probabilidades<\/span>","subtitle_choices":"h4","subtitle_align":"left","subtitle":"","paragraph_choices":"p","paragraph_align":"center","text":"<p><span style=\"font-weight: 400\">Has o\u00eddo hablar de ello en multitud de ocasiones, pero no sabes qu\u00e9 es exactamente. No te preocupes, te lo vamos a explicar. Vamos a ense\u00f1arte c\u00f3mo contar cartas en el blackjack a trav\u00e9s de una potente herramienta que te ser\u00e1 sumamente \u00fatil.<\/span><\/p>\n<p><span style=\"font-weight: 400\">El conteo y sus probabilidades son algo a tener muy en cuenta dentro del blackjack, y te vamos a ayudar a familiarizarte con estos conceptos para dominarlos en tus partidas.<\/span><\/p>\n","read_more_group":{"option":"no","max_chars":"214","label_choices":"p","read_more":"Read More","show_less":"Show Less"},"text_field_size":"8","text_field_position":"center","buttons":{"button_check":true,"button_type":"btn-v2","text":"Juega a la Demo","target_type":"link","link_type":"","link":"internal","operators":{"operator":"","operator_type_top":false,"operator_type_single":false,"operator_name_casino":false,"operator_name_sport":false,"operator_name_poker":false,"operator_name_bingo":false,"operator_name_lotto":false},"internal":{"title":"","url":"https:\/\/black-jack.com\/es\/gratis\/","target":""},"external":"","select_border":"border-1","arrow":true},"show_rich_snippet":false,"text_color":"light","box_shadow_select":"none","bg_type":"image","bg_image":"https:\/\/black-jack.com\/es\/wp-content\/uploads\/sites\/5\/2018\/12\/Cabecera-Ilustracion-Estrategia-Defecto.jpg","bg_color_type":"","background_color_versions":false,"gradient_versions":false},{"acf_fc_layout":"inner_menu","select_type":"sub","select_menu":false,"operator_main_page":false,"current_element_title":false,"current_custom_title":"","show_third_level_elements":false,"show_parent_as_first_element":true,"parent_element_title":false,"parent_custom_title":"","left_arrow":false,"static_elements":false,"first_element":"none","last_element":"none","slider_for_desktop":false},{"acf_fc_layout":"breadcrumbs","paragraph_choices":"p","breadcrumb_align":"center","breadcrumb_separator":"\/","current_element_color":"#e71546","remove_spacing_after":true,"text_color":"dark","box_shadow_select":"none","bg_type":"color","bg_image":false,"bg_color_type":"solid","background_color_versions":"bg-c1","gradient_versions":false},{"acf_fc_layout":"hero_text","label_choices":"","label_align":"left","label":"","title_choices":"h2","title_align":"center","title":"C\u00f3mo contar cartas en el blackjack <span>La herramienta explicada<\/span>","subtitle_choices":"h4","subtitle_align":"left","subtitle":"","paragraph_choices":"p","paragraph_align":"center","text":"<p><span style=\"font-weight: 400\">Saber c\u00f3mo contar cartas en el blackjack es saber c\u00f3mo tener una gran ventaja sobre la competencia en cada partida. Teniendo un total control sobre la baraja, los naipes que han salido y los que est\u00e1n por salir, junto con las manos de jugador y de banca, se tienen muchas m\u00e1s probabilidades de hacer que la partida resulte todo un \u00e9xito, pero no es algo f\u00e1cil.<\/span><\/p>\n<p><span style=\"font-weight: 400\">Existen varios sistemas disponibles para aquellos que quieren saber del blackjack c\u00f3mo contar cartas, aunque el objetivo de todos es saber cu\u00e1ndo elevar la apuesta, cu\u00e1ndo plantarse o cu\u00e1ndo retirarse. B\u00e1sicamente, manejar bien toda la <a href=\"https:\/\/black-jack.com\/es\/estrategia\/\">estrategia de blackjack.\u00a0<\/a><\/span><\/p>\n<p><span style=\"font-weight: 400\">Por lo general, el jugador debe asignar un valor a todas las cartas de la baraja y, en base a eso, ver cu\u00e1les han salido y cu\u00e1les hay en las manos para hacer una valoraci\u00f3n. Puede que sea algo que se asigne mucho al campo m\u00e1s b\u00e1sico del <a href=\"https:\/\/black-jack.com\/es\/\">blackjack<\/a>, pero lo cierto es que no es nada sencillo y requiere de mucha concentraci\u00f3n.<\/span><\/p>\n<p><span style=\"font-weight: 400\">Afortunadamente, herramientas como la nuestra se encarga de hacer estas cosas m\u00e1s f\u00e1ciles. Con ella puedes ver c\u00f3mo se hace todo el proceso y c\u00f3mo este se lleva a la toma de decisiones a la hora de actuar en la partida.<\/span><\/p>\n","read_more_group":{"option":"yes","max_chars":"300","label_choices":"p","read_more":"Read More","show_less":"Show Less"},"text_field_size":"8","text_field_position":"center","buttons":{"button_check":false,"button_type":false,"text":"","target_type":"","link_type":"","link":"","operators":{"operator":"","operator_type_top":false,"operator_type_single":false,"operator_name_casino":false,"operator_name_sport":false,"operator_name_poker":false,"operator_name_bingo":false,"operator_name_lotto":false},"internal":null,"external":"","select_border":"none","arrow":false},"show_rich_snippet":false,"text_color":"dark","box_shadow_select":"none","bg_type":"color","bg_image":false,"bg_color_type":"solid","background_color_versions":"bg-c1","gradient_versions":false},{"acf_fc_layout":"game_holder","label_choices":"","label_align":"left","label":"","title_choices":"h2","title_align":"left","title":"","subtitle_choices":"h4","subtitle_align":"left","subtitle":"","paragraph_choices":"p","paragraph_align":"left","text":"","read_more_group":{"option":"no","max_chars":300,"label_choices":"rm","read_more":"Read More","show_less":"Show Less"},"select_game":"game3","game_language":"en","game_size":"full","top_arrow":false,"button_type":"btn-v1","button_text":"","select_border":"none","operator":"page","operator_type_top":false,"operator_type_single":false,"operator_name_casino":false,"operator_name_sport":false,"operator_name_poker":false,"operator_name_bingo":false,"operator_name_lotto":false,"text_color":"light","box_shadow_select":"none","bg_type":"transparent","bg_image":"https:\/\/black-jack.com\/es\/wp-content\/uploads\/sites\/5\/2018\/12\/contar-cartas-llegara-pronto.jpg","bg_color_type":"","background_color_versions":false,"gradient_versions":false},{"acf_fc_layout":"text_box_accordion","label_choices":"","label_align":"left","label":"","title_choices":"h2","title_align":"center","title":"FAQ sobre contar cartas al blackjack","subtitle_choices":"h4","subtitle_align":"left","subtitle":"","paragraph_choices":"p","paragraph_align":"center","text":"","read_more_group":{"option":"no","max_chars":300,"label_choices":"rm","read_more":"Read More","show_less":"Show Less"},"accordion":[{"icon":{"ID":2038,"id":2038,"title":"Jugar-Blackjack-Sin-Experiencia","filename":"Jugar-Blackjack-Sin-Experiencia.png","filesize":2955,"url":"https:\/\/black-jack.com\/es\/wp-content\/uploads\/sites\/5\/2018\/12\/Jugar-Blackjack-Sin-Experiencia.png","link":"https:\/\/black-jack.com\/es\/gratis\/attachment\/jugar-blackjack-sin-experiencia\/","alt":"Jugar-Blackjack-Sin-Experiencia","author":"1","description":"","caption":"","name":"jugar-blackjack-sin-experiencia","status":"inherit","uploaded_to":439,"date":"2018-12-12 09:17:03","modified":"2018-12-13 09:25:29","menu_order":0,"mime_type":"image\/png","type":"image","subtype":"png","icon":"https:\/\/black-jack.com\/es\/wp-includes\/images\/media\/default.png","width":100,"height":100,"sizes":{"thumbnail":"https:\/\/black-jack.com\/es\/wp-content\/uploads\/sites\/5\/2018\/12\/Jugar-Blackjack-Sin-Experiencia.png","thumbnail-width":100,"thumbnail-height":100,"medium":"https:\/\/black-jack.com\/es\/wp-content\/uploads\/sites\/5\/2018\/12\/Jugar-Blackjack-Sin-Experiencia.png","medium-width":100,"medium-height":100,"medium_large":"https:\/\/black-jack.com\/es\/wp-content\/uploads\/sites\/5\/2018\/12\/Jugar-Blackjack-Sin-Experiencia.png","medium_large-width":100,"medium_large-height":100,"large":"https:\/\/black-jack.com\/es\/wp-content\/uploads\/sites\/5\/2018\/12\/Jugar-Blackjack-Sin-Experiencia.png","large-width":100,"large-height":100,"1536x1536":"https:\/\/black-jack.com\/es\/wp-content\/uploads\/sites\/5\/2018\/12\/Jugar-Blackjack-Sin-Experiencia.png","1536x1536-width":100,"1536x1536-height":100,"2048x2048":"https:\/\/black-jack.com\/es\/wp-content\/uploads\/sites\/5\/2018\/12\/Jugar-Blackjack-Sin-Experiencia.png","2048x2048-width":100,"2048x2048-height":100}},"title":"\u00bfEs ilegal contar cartas en Espa\u00f1a?","text":"<p><span style=\"font-weight: 400\">No es ilegal contar cartas en Espa\u00f1a, aunque no es recomendable. Los casinos se reservan el derecho de admisi\u00f3n y, en caso de detectar que un jugador recurre a este sistema, pueden tomar medidas, dado que es algo que va en contra de sus intereses.<\/span><\/p>\n<p><span style=\"font-weight: 400\">No hay ilegalidad alguna en usar este m\u00e9todo, aunque se recomienda hacerlo con cierto disimulo para no tener problemas con la organizaci\u00f3n del juego. Si sabes bien como jugar blackjack 21 contar cartas y tienes soltura haci\u00e9ndolo, no tienes por qu\u00e9 evitarlo, de hecho es muy recomendable sacar partido a esta estrategia. No obstante, procura que no sepan que lo haces, ya que te podr\u00eda traer problemas.<\/span><\/p>\n"},{"icon":{"ID":2031,"id":2031,"title":"Blackjack-Sin-Descarga","filename":"Blackjack-Sin-Descarga.png","filesize":2468,"url":"https:\/\/black-jack.com\/es\/wp-content\/uploads\/sites\/5\/2018\/12\/Blackjack-Sin-Descarga.png","link":"https:\/\/black-jack.com\/es\/gratis\/attachment\/blackjack-sin-descarga\/","alt":"Blackjack-Sin-Descarga","author":"1","description":"","caption":"","name":"blackjack-sin-descarga","status":"inherit","uploaded_to":439,"date":"2018-12-12 09:16:59","modified":"2018-12-13 09:25:30","menu_order":0,"mime_type":"image\/png","type":"image","subtype":"png","icon":"https:\/\/black-jack.com\/es\/wp-includes\/images\/media\/default.png","width":100,"height":100,"sizes":{"thumbnail":"https:\/\/black-jack.com\/es\/wp-content\/uploads\/sites\/5\/2018\/12\/Blackjack-Sin-Descarga.png","thumbnail-width":100,"thumbnail-height":100,"medium":"https:\/\/black-jack.com\/es\/wp-content\/uploads\/sites\/5\/2018\/12\/Blackjack-Sin-Descarga.png","medium-width":100,"medium-height":100,"medium_large":"https:\/\/black-jack.com\/es\/wp-content\/uploads\/sites\/5\/2018\/12\/Blackjack-Sin-Descarga.png","medium_large-width":100,"medium_large-height":100,"large":"https:\/\/black-jack.com\/es\/wp-content\/uploads\/sites\/5\/2018\/12\/Blackjack-Sin-Descarga.png","large-width":100,"large-height":100,"1536x1536":"https:\/\/black-jack.com\/es\/wp-content\/uploads\/sites\/5\/2018\/12\/Blackjack-Sin-Descarga.png","1536x1536-width":100,"1536x1536-height":100,"2048x2048":"https:\/\/black-jack.com\/es\/wp-content\/uploads\/sites\/5\/2018\/12\/Blackjack-Sin-Descarga.png","2048x2048-width":100,"2048x2048-height":100}},"title":"\u00bfPuedo contar cartas en un casino online?","text":"<p><span style=\"font-weight: 400\">No puedes contar cartas en un casino online, o al menos no en la mayor\u00eda. El software que se encarga de dar forma a estos juegos hace que todos los naipes se barajen tras cada ronda para garantizar que la aleatoriedad esa total en cada nueva partida. Adem\u00e1s, en muchas ocasiones se usa m\u00e1s de una baraja al mismo tiempo para hacer las cosas m\u00e1s complicadas.<\/span><\/p>\n<p><span style=\"font-weight: 400\">Debido a esto, es imposible llevar un control de las cartas, ver las duras o blandas que han salido y las que quedan por salir. No es posible llevar a cabo esta estrategia tan efectiva en el plano de los <a href=\"https:\/\/black-jack.com\/es\/casinos-online\/\">casinos de internet.<\/a><\/span><\/p>\n"},{"icon":{"ID":2025,"id":2025,"title":"Blackjack-Ganancias-Prohibidas","filename":"Blackjack-Ganancias-Prohibidas.png","filesize":3268,"url":"https:\/\/black-jack.com\/es\/wp-content\/uploads\/sites\/5\/2018\/12\/Blackjack-Ganancias-Prohibidas.png","link":"https:\/\/black-jack.com\/es\/home\/attachment\/blackjack-ganancias-prohibidas\/","alt":"Blackjack-Ganancias-Prohibidas","author":"1","description":"","caption":"","name":"blackjack-ganancias-prohibidas","status":"inherit","uploaded_to":432,"date":"2018-12-12 09:16:53","modified":"2018-12-12 09:30:47","menu_order":0,"mime_type":"image\/png","type":"image","subtype":"png","icon":"https:\/\/black-jack.com\/es\/wp-includes\/images\/media\/default.png","width":100,"height":100,"sizes":{"thumbnail":"https:\/\/black-jack.com\/es\/wp-content\/uploads\/sites\/5\/2018\/12\/Blackjack-Ganancias-Prohibidas.png","thumbnail-width":100,"thumbnail-height":100,"medium":"https:\/\/black-jack.com\/es\/wp-content\/uploads\/sites\/5\/2018\/12\/Blackjack-Ganancias-Prohibidas.png","medium-width":100,"medium-height":100,"medium_large":"https:\/\/black-jack.com\/es\/wp-content\/uploads\/sites\/5\/2018\/12\/Blackjack-Ganancias-Prohibidas.png","medium_large-width":100,"medium_large-height":100,"large":"https:\/\/black-jack.com\/es\/wp-content\/uploads\/sites\/5\/2018\/12\/Blackjack-Ganancias-Prohibidas.png","large-width":100,"large-height":100,"1536x1536":"https:\/\/black-jack.com\/es\/wp-content\/uploads\/sites\/5\/2018\/12\/Blackjack-Ganancias-Prohibidas.png","1536x1536-width":100,"1536x1536-height":100,"2048x2048":"https:\/\/black-jack.com\/es\/wp-content\/uploads\/sites\/5\/2018\/12\/Blackjack-Ganancias-Prohibidas.png","2048x2048-width":100,"2048x2048-height":100}},"title":"Contar cartas en el blackjack, \u00bfmito o realidad?","text":"<p><span style=\"font-weight: 400\">El sistema de contar cartas en el blackjack tiene mucho m\u00e1s de realidad que de mito, de hecho, hay incluso actores famosos que han sido expulsados de grandes casinos porque se les ha detectado haciendo conteos. Como dec\u00edamos antes, no es algo que est\u00e9 prohibido, pero tampoco es algo que est\u00e9 bien visto por las organizaciones encargadas de las partidas.<\/span><\/p>\n<p><span style=\"font-weight: 400\">Es, de hecho, algo tan real que sus efectos est\u00e1n m\u00e1s que probados. Aunque no es una tarea f\u00e1cil, una vez se domina, saber contar cartas es algo que facilita mucho m\u00e1s el acceso a la victoria en cada partida que se juega. Eso s\u00ed, requiere bastante pr\u00e1ctica. En nuestra <a href=\"https:\/\/black-jack.com\/es\/estrategia\/calculadora-probabilidades\/\">calculadora de probabilidades de blackjack<\/a> podr\u00e1s poner en funcionamiento tu conocimiento.\u00a0<\/span><\/p>\n"},{"icon":{"ID":2033,"id":2033,"title":"Blackjack-Tres-Ases","filename":"Blackjack-Tres-Ases.png","filesize":2773,"url":"https:\/\/black-jack.com\/es\/wp-content\/uploads\/sites\/5\/2018\/12\/Blackjack-Tres-Ases.png","link":"https:\/\/black-jack.com\/es\/estrategia\/calculadora-probabilidades\/attachment\/blackjack-tres-ases\/","alt":"","author":"1","description":"","caption":"","name":"blackjack-tres-ases","status":"inherit","uploaded_to":1267,"date":"2018-12-12 09:17:00","modified":"2018-12-13 12:42:48","menu_order":0,"mime_type":"image\/png","type":"image","subtype":"png","icon":"https:\/\/black-jack.com\/es\/wp-includes\/images\/media\/default.png","width":100,"height":100,"sizes":{"thumbnail":"https:\/\/black-jack.com\/es\/wp-content\/uploads\/sites\/5\/2018\/12\/Blackjack-Tres-Ases.png","thumbnail-width":100,"thumbnail-height":100,"medium":"https:\/\/black-jack.com\/es\/wp-content\/uploads\/sites\/5\/2018\/12\/Blackjack-Tres-Ases.png","medium-width":100,"medium-height":100,"medium_large":"https:\/\/black-jack.com\/es\/wp-content\/uploads\/sites\/5\/2018\/12\/Blackjack-Tres-Ases.png","medium_large-width":100,"medium_large-height":100,"large":"https:\/\/black-jack.com\/es\/wp-content\/uploads\/sites\/5\/2018\/12\/Blackjack-Tres-Ases.png","large-width":100,"large-height":100,"1536x1536":"https:\/\/black-jack.com\/es\/wp-content\/uploads\/sites\/5\/2018\/12\/Blackjack-Tres-Ases.png","1536x1536-width":100,"1536x1536-height":100,"2048x2048":"https:\/\/black-jack.com\/es\/wp-content\/uploads\/sites\/5\/2018\/12\/Blackjack-Tres-Ases.png","2048x2048-width":100,"2048x2048-height":100}},"title":"\u00bfCu\u00e1les son las principales dificultades de contar cartas?","text":"<p><span style=\"font-weight: 400\">Una de las principales dificultades de contar cartas en partidas de blackjack es la necesidad de hacer gran uso de la memoria. El jugador debe retener la cantidad de cartas que han salido ya y la categor\u00eda a la que pertenecen (duras o blandas), los m\u00e1s avanzados adem\u00e1s son capaces de retener hasta los n\u00fameros.<\/span><\/p>\n<p><span style=\"font-weight: 400\">Esto se vuelve necesario para hacer que el m\u00e9todo sea m\u00e1s eficaz y, por tanto, hace que no sea accesible a cualquiera. Adem\u00e1s, en caso de que se use m\u00e1s de una baraja las cosas se complican m\u00e1s, ya que son m\u00e1s cartas a tener en cuenta y las probabilidades se ven muy afectadas.<\/span><\/p>\n"}],"text_color":"light","box_shadow_select":"none","bg_type":"color","bg_image":false,"bg_color_type":"gradient","background_color_versions":false,"gradient_versions":"bg-gr1"},{"acf_fc_layout":"cta_operator","label_choices":"","label_align":"left","label":"","title_choices":"h2","title_align":"center","title":"Casino del Mes","subtitle_choices":"h4","subtitle_align":"left","subtitle":"","paragraph_choices":"p","paragraph_align":"left","text":"","read_more_group":{"option":"no","max_chars":300,"label_choices":"rm","read_more":"Read More","show_less":"Show Less"},"box_names":"Main White","show_rich_snippet":false,"operator":"page","operator_type_top":false,"operator_type_single":false,"operator_name_casino":false,"operator_name_sport":false,"operator_name_poker":false,"operator_name_bingo":false,"operator_name_lotto":false,"text_color":"dark","box_shadow_select":"none","bg_type":"color","bg_image":false,"bg_color_type":"solid","background_color_versions":"bg-c1","gradient_versions":false}]}],"title":"C\u00f3mo Contar Cartas al Blackjack \u00bb \u00bfEs Legal en Espa\u00f1a?","breadcrumbs":"","description":"Has o\u00eddo hablar de ello en multitud de ocasiones, pero no sabes qu\u00e9 es exactamente. No te preocupes, te lo vamos a explicar. Vamos a ense\u00f1arte c\u00f3mo contar cartas en el Blackjack a trav\u00e9s de una potente herramienta que te ser\u00e1 sumamente \u00fatil.\r\n\r\nEl Conteo y sus probabilidades son algo a tener muy en cuenta dentro del blackjack, y te vamos a ayudar a familiarizarte con estos conceptos para dominarlos en tus partidas.\r\n","seo":{"title":"C\u00f3mo Contar Cartas al Blackjack \u00bb \u00bfEs Legal en Espa\u00f1a?","breadcrumbs":"","description":"Has o\u00eddo hablar de ello en multitud de ocasiones, pero no sabes qu\u00e9 es exactamente. No te preocupes, te lo vamos a explicar. Vamos a ense\u00f1arte c\u00f3mo contar cartas en el Blackjack a trav\u00e9s de una potente herramienta que te ser\u00e1 sumamente \u00fatil.\r\n\r\nEl Conteo y sus probabilidades son algo a tener muy en cuenta dentro del blackjack, y te vamos a ayudar a familiarizarte con estos conceptos para dominarlos en tus partidas.\r\n"},"custom_page_description":"","custom_page_order":"0"},"yoast_head":"<!-- This site is optimized with the Yoast SEO plugin v26.7 - https:\/\/yoast.com\/wordpress\/plugins\/seo\/ -->\n<title>C\u00f3mo Contar Cartas al Blackjack \u00bb \u00bfEs Legal en Espa\u00f1a?<\/title>\n<meta name=\"robots\" content=\"index, follow, max-snippet:-1, max-image-preview:large, max-video-preview:-1\" \/>\n<link rel=\"canonical\" href=\"https:\/\/black-jack.com\/es\/estrategia\/como-contar-cartas\/\" \/>\n<meta property=\"og:locale\" content=\"es_ES\" \/>\n<meta property=\"og:type\" content=\"article\" \/>\n<meta property=\"og:title\" content=\"C\u00f3mo Contar Cartas al Blackjack \u00bb \u00bfEs Legal en Espa\u00f1a?\" \/>\n<meta property=\"og:url\" content=\"https:\/\/black-jack.com\/es\/estrategia\/como-contar-cartas\/\" \/>\n<meta property=\"og:site_name\" content=\"Black-Jack.com Espa\u00f1a\" \/>\n<meta property=\"article:modified_time\" content=\"2019-03-15T11:52:06+00:00\" \/>\n<meta name=\"twitter:card\" content=\"summary_large_image\" \/>\n<script type=\"application\/ld+json\" class=\"yoast-schema-graph\">{\"@context\":\"https:\/\/schema.org\",\"@graph\":[{\"@type\":\"WebPage\",\"@id\":\"https:\/\/black-jack.com\/es\/estrategia\/como-contar-cartas\/\",\"url\":\"https:\/\/black-jack.com\/es\/estrategia\/como-contar-cartas\/\",\"name\":\"C\u00f3mo Contar Cartas al Blackjack \u00bb \u00bfEs Legal en Espa\u00f1a?\",\"isPartOf\":{\"@id\":\"https:\/\/black-jack.com\/es\/#website\"},\"datePublished\":\"2018-11-19T09:56:20+00:00\",\"dateModified\":\"2019-03-15T11:52:06+00:00\",\"breadcrumb\":{\"@id\":\"https:\/\/black-jack.com\/es\/estrategia\/como-contar-cartas\/#breadcrumb\"},\"inLanguage\":\"es\",\"potentialAction\":[{\"@type\":\"ReadAction\",\"target\":[\"https:\/\/black-jack.com\/es\/estrategia\/como-contar-cartas\/\"]}]},{\"@type\":\"BreadcrumbList\",\"@id\":\"https:\/\/black-jack.com\/es\/estrategia\/como-contar-cartas\/#breadcrumb\",\"itemListElement\":[{\"@type\":\"ListItem\",\"position\":1,\"name\":\"Home\",\"item\":\"https:\/\/black-jack.com\/es\/\"},{\"@type\":\"ListItem\",\"position\":2,\"name\":\"Estrategia\",\"item\":\"https:\/\/black-jack.com\/es\/estrategia\/\"},{\"@type\":\"ListItem\",\"position\":3,\"name\":\"Contar Cartas\"}]},{\"@type\":\"WebSite\",\"@id\":\"https:\/\/black-jack.com\/es\/#website\",\"url\":\"https:\/\/black-jack.com\/es\/\",\"name\":\"Black-Jack.com Espa\u00f1a\",\"description\":\"\",\"potentialAction\":[{\"@type\":\"SearchAction\",\"target\":{\"@type\":\"EntryPoint\",\"urlTemplate\":\"https:\/\/black-jack.com\/es\/?s={search_term_string}\"},\"query-input\":{\"@type\":\"PropertyValueSpecification\",\"valueRequired\":true,\"valueName\":\"search_term_string\"}}],\"inLanguage\":\"es\"}]}<\/script>\n<!-- \/ Yoast SEO plugin. -->","yoast_head_json":{"title":"C\u00f3mo Contar Cartas al Blackjack \u00bb \u00bfEs Legal en Espa\u00f1a?","robots":{"index":"index","follow":"follow","max-snippet":"max-snippet:-1","max-image-preview":"max-image-preview:large","max-video-preview":"max-video-preview:-1"},"canonical":"https:\/\/black-jack.com\/es\/estrategia\/como-contar-cartas\/","og_locale":"es_ES","og_type":"article","og_title":"C\u00f3mo Contar Cartas al Blackjack \u00bb \u00bfEs Legal en Espa\u00f1a?","og_url":"https:\/\/black-jack.com\/es\/estrategia\/como-contar-cartas\/","og_site_name":"Black-Jack.com Espa\u00f1a","article_modified_time":"2019-03-15T11:52:06+00:00","twitter_card":"summary_large_image","schema":{"@context":"https:\/\/schema.org","@graph":[{"@type":"WebPage","@id":"https:\/\/black-jack.com\/es\/estrategia\/como-contar-cartas\/","url":"https:\/\/black-jack.com\/es\/estrategia\/como-contar-cartas\/","name":"C\u00f3mo Contar Cartas al Blackjack \u00bb \u00bfEs Legal en Espa\u00f1a?","isPartOf":{"@id":"https:\/\/black-jack.com\/es\/#website"},"datePublished":"2018-11-19T09:56:20+00:00","dateModified":"2019-03-15T11:52:06+00:00","breadcrumb":{"@id":"https:\/\/black-jack.com\/es\/estrategia\/como-contar-cartas\/#breadcrumb"},"inLanguage":"es","potentialAction":[{"@type":"ReadAction","target":["https:\/\/black-jack.com\/es\/estrategia\/como-contar-cartas\/"]}]},{"@type":"BreadcrumbList","@id":"https:\/\/black-jack.com\/es\/estrategia\/como-contar-cartas\/#breadcrumb","itemListElement":[{"@type":"ListItem","position":1,"name":"Home","item":"https:\/\/black-jack.com\/es\/"},{"@type":"ListItem","position":2,"name":"Estrategia","item":"https:\/\/black-jack.com\/es\/estrategia\/"},{"@type":"ListItem","position":3,"name":"Contar Cartas"}]},{"@type":"WebSite","@id":"https:\/\/black-jack.com\/es\/#website","url":"https:\/\/black-jack.com\/es\/","name":"Black-Jack.com Espa\u00f1a","description":"","potentialAction":[{"@type":"SearchAction","target":{"@type":"EntryPoint","urlTemplate":"https:\/\/black-jack.com\/es\/?s={search_term_string}"},"query-input":{"@type":"PropertyValueSpecification","valueRequired":true,"valueName":"search_term_string"}}],"inLanguage":"es"}]}},"_links":{"self":[{"href":"https:\/\/black-jack.com\/es\/wp-json\/wp\/v2\/pages\/1271","targetHints":{"allow":["GET"]}}],"collection":[{"href":"https:\/\/black-jack.com\/es\/wp-json\/wp\/v2\/pages"}],"about":[{"href":"https:\/\/black-jack.com\/es\/wp-json\/wp\/v2\/types\/page"}],"author":[{"embeddable":true,"href":"https:\/\/black-jack.com\/es\/wp-json\/wp\/v2\/users\/1"}],"replies":[{"embeddable":true,"href":"https:\/\/black-jack.com\/es\/wp-json\/wp\/v2\/comments?post=1271"}],"version-history":[{"count":2,"href":"https:\/\/black-jack.com\/es\/wp-json\/wp\/v2\/pages\/1271\/revisions"}],"predecessor-version":[{"id":4400,"href":"https:\/\/black-jack.com\/es\/wp-json\/wp\/v2\/pages\/1271\/revisions\/4400"}],"up":[{"embeddable":true,"href":"https:\/\/black-jack.com\/es\/wp-json\/wp\/v2\/pages\/441"}],"wp:attachment":[{"href":"https:\/\/black-jack.com\/es\/wp-json\/wp\/v2\/media?parent=1271"}],"wp:term":[{"taxonomy":"category","embeddable":true,"href":"https:\/\/black-jack.com\/es\/wp-json\/wp\/v2\/categories?post=1271"},{"taxonomy":"post_tag","embeddable":true,"href":"https:\/\/black-jack.com\/es\/wp-json\/wp\/v2\/tags?post=1271"}],"curies":[{"name":"wp","href":"https:\/\/api.w.org\/{rel}","templated":true}]}}