{"id":12,"date":"2018-10-15T11:15:12","date_gmt":"2018-10-15T11:15:12","guid":{"rendered":"http:\/\/black-jack.com.test\/?page_id=12"},"modified":"2025-02-20T14:14:24","modified_gmt":"2025-02-20T14:14:24","slug":"condiciones-legales","status":"publish","type":"page","link":"https:\/\/black-jack.com\/es\/condiciones-legales\/","title":{"rendered":"Condiciones Legales"},"content":{"rendered":"&nbsp;\r\n<div id=\"imprint-container\"><span id=\"imprint-email\">info@black-jack.com<\/span>\r\n<img decoding=\"async\" src=\"https:\/\/black-jack.com\/wp-content\/uploads\/2018\/10\/high-roller.net-en-imprint.jpg\" id=\"imprint-image \" width=\"auto\" height=\"auto\" alt=\"Imprint\" \/><\/div>","protected":false},"excerpt":{"rendered":"&nbsp; info@black-jack.com","protected":false},"author":1,"featured_media":0,"parent":0,"menu_order":0,"comment_status":"closed","ping_status":"closed","template":"templates\/template-legal-doc.php","meta":{"_acf_changed":false,"footnotes":""},"categories":[2],"tags":[],"class_list":["post-12","page","type-page","status-publish","hentry","category-rss-exclude"],"acf":{"amp":"no","menu_type":"full","page_builder":[{"acf_fc_layout":"section_full_width","section_full_width":[{"acf_fc_layout":"text_box_image","label_choices":"","label_align":"left","label":"","title_choices":"h2","title_align":"left","title":"","subtitle_choices":"h4","subtitle_align":"left","subtitle":"","paragraph_choices":"p","paragraph_align":"left","text":"<h2 class=\"highlighted text-left\">T\u00c9RMINOS Y CONDICIONES DE USO DE LA WEB<\/h2>\n<h3 class=\"text-left\"><strong>COPYRIGHT black-jack.com<\/strong><\/h3>\n<div class=\" text-left\">Toda la informaci\u00f3n contenida en este sitio, incluida, aunque no limitada, las im\u00e1genes, v\u00eddeos o blogs son propiedad de Free-Spins.net y como tal est\u00e1 sujeta a las leyes de copyright. Ning\u00fan contenido debe ser reproducido de ninguna forma sin nuestro consentimiento escrito PREVIO.<\/div>\n<div class=\"text-left\"><\/div>\n<h3 class=\"text-left\"><strong>LIMITACI\u00d3N DE RESPONSABILIDAD<\/strong><\/h3>\n<div class=\"text-left\">Las apuestas no se producen en este sitio. Los consejos o las visiones expresadas en esta p\u00e1gina son estrictamente informativas y nosotros no nos hacemos responsables de cualquier p\u00e9rdida, ya sea real o percibida como tal.<\/div>\n<div class=\"text-left\"><\/div>\n<div class=\"text-left\">Black-jack.com no es un proveedor de apuestas y, como tal, cualquier causa de reclamaci\u00f3n despu\u00e9s de firmar un acuerdo con un tercero como, aunque no limitado, una casa de apuestas, un casino online o cualquier otro servicio mencionado en nuestra web debe ser enviado a dicha compa\u00f1\u00eda directamente.<\/div>\n<div class=\"text-left\"><\/div>\n<div class=\"text-left\">Black-jack.com no es responsable de ning\u00fan p\u00e9rdida real o percibida directa o indirectamente por virus, malware, ataques troyanos, ataques de phishing, DOS (denial of service attacks) o cualquier otro ataque de este tipo.<\/div>\n<div class=\"text-left\"><\/div>\n<div class=\"text-left\">Al acceder a nuestra web, aceptas total responsabilidad y est\u00e1s de acuerdo en los riesgos que conlleva. Como una empresa responsable, haremos todos los pasos necesarios para reducir este riesgo, pero no seremos responsables de asuntos que extralimiten nuestro control.<\/div>\n<div class=\"text-left\"><\/div>\n<h3 class=\" text-left\"><strong>RESPONSABILIDAD DE CONTENIDO O DE CONTENIDO DE TERCERAS PARTES<\/strong><\/h3>\n<div class=\" text-left\">Es tu total responsabilidad revisar la informaci\u00f3n que mostramos en nuestro site sobre sites de terceros para su absoluta correcci\u00f3n y puesta al d\u00eda. Ofrecemos esta informaci\u00f3n de buena fe y no seremos responsables por informaci\u00f3n que no est\u00e9 al d\u00eda o no s\u00f3lo sea correcta. Tambi\u00e9n es tu responsabilidad revisar los t\u00e9rminos y condiciones de las webs de terceras partes antes de que entres en cualquier acuerdo con una tercera parte, quienquiera que sea esa tercera parte.<\/div>\n<div class=\" text-left\"><\/div>\n<div class=\"text-left\">Nosotros no seremos responsables de las p\u00e9rdidas, reales o percibidas, no importa c\u00f3mo haya ocurrido como resultado del uso de un servicio de una tercera parte.<\/div>\n<div class=\"text-left\"><\/div>\n<div class=\"text-left\">Si alg\u00fan contenido de nuestra web es considerado ilegal en el pa\u00eds donde se haya visto o a nivel local o es contrario a las leyes europeas, entonces retiraremos el material tan pronto como nos demos cuenta. Nosotros, sin embargo, no somos responsables de nada de lo publicado durante el per\u00edodo anterior a ser informados. Todos los enlaces, gu\u00edas, consejos, pron\u00f3sticos y cualquier otra informaci\u00f3n contenida en nuestro site est\u00e1 hecho de buena fe y para ayudar al usuario, pero no podemos garantizar ganancias y no seremos hechos part\u00edcipes o responsables de ninguna p\u00e9rdida o da\u00f1os por usar dicha informaci\u00f3n.<\/div>\n<div class=\"text-left\"><\/div>\n<h3 class=\"text-left\"><strong>PRIVACIDAD E INFORMACI\u00d3N COMPARTIDA<\/strong><\/h3>\n<div class=\"text-left\">Tomaremos todos los pasos razonables para asegurarnos que tu informaci\u00f3n personal se segura, pero no seremos hechos responsables por acontecimientos m\u00e1s all\u00e1 de nuestro control como, pero no limitado, el acceso no autorizado de nuestro sistema de ordenador, incluyendo acceso no autorizado de nuestros servidores, no autorizada informaci\u00f3n confidencial por parte de miembros del staff actuales o previos, malware, virus o cualquier hecho relacionado con los ordenadores. Actualmente, no recolectamos ninguna informaci\u00f3n personal, pero si nos das tu email u otra informaci\u00f3n, nos reservamos el derecho de usar esta informaci\u00f3n para campa\u00f1as de marketing, tanto directo como indirecto. Nosotros podemos, si nos lo reclaman, compartir cualquier informaci\u00f3n como, pero no limitada, la direcci\u00f3n IP usada para entrar a nuestro sitio, con cualquier fuerza de la ley o una corte legal o para protegernos del fraude o acceso malicioso a nuestros servidores. Nosotros tambi\u00e9n podemos dar informaci\u00f3n a terceras partes si sospechamos que una ley ha sido infringida.<\/div>\n<div class=\"text-left\"><\/div>\n<h3 class=\"text-left\"><strong>APUESTA RESPONSABLEMENTE<\/strong><\/h3>\n<div class=\"text-left\">Nosotros no animamos a las apuestas y si tienes un historial de adicci\u00f3n al juego o crees que tienes un problema, te instamos a buscar un profesional que te ayude a evitar el acceso a nuestra web. La edad legal para el juego var\u00eda seg\u00fan el pa\u00eds, as\u00ed que te aconsejamos a hacer una b\u00fasqueda local. Si tienes menos de 18 a\u00f1os o por debajo de la edad legal para jugar en tu jurisdicci\u00f3n, debes abandonar el sitio inmediatamente. Si necesitas contactarnos, puedes hacerlo en el email <a target=\"_blank\" rel=\"noreferrer noopener\" href=\"mailto:info@black-jack.com\" class=\"PrimaryLink HighlightSol HighlightSol--core LinkBase\">info@black-jack.com<\/a> y te responderemos lo antes posible.<\/div>\n","read_more_group":{"option":"no","max_chars":300,"label_choices":"rm","read_more":"Read More","show_less":"Show Less"},"link":"","image":{"ID":3436,"id":3436,"title":"Blackjack-Preguntas-Respondidas","filename":"Blackjack-Preguntas-Respondidas.png","filesize":7456,"url":"https:\/\/black-jack.com\/es\/wp-content\/uploads\/sites\/5\/2019\/01\/Blackjack-Preguntas-Respondidas.png","link":"https:\/\/black-jack.com\/es\/?attachment_id=3436","alt":"","author":"1","description":"","caption":"","name":"blackjack-preguntas-respondidas","status":"inherit","uploaded_to":4874,"date":"2019-01-14 09:51:18","modified":"2025-02-20 14:12:30","menu_order":0,"mime_type":"image\/png","type":"image","subtype":"png","icon":"https:\/\/black-jack.com\/es\/wp-includes\/images\/media\/default.png","width":376,"height":313,"sizes":{"thumbnail":"https:\/\/black-jack.com\/es\/wp-content\/uploads\/sites\/5\/2019\/01\/Blackjack-Preguntas-Respondidas-150x150.png","thumbnail-width":150,"thumbnail-height":150,"medium":"https:\/\/black-jack.com\/es\/wp-content\/uploads\/sites\/5\/2019\/01\/Blackjack-Preguntas-Respondidas-300x250.png","medium-width":300,"medium-height":250,"medium_large":"https:\/\/black-jack.com\/es\/wp-content\/uploads\/sites\/5\/2019\/01\/Blackjack-Preguntas-Respondidas.png","medium_large-width":376,"medium_large-height":313,"large":"https:\/\/black-jack.com\/es\/wp-content\/uploads\/sites\/5\/2019\/01\/Blackjack-Preguntas-Respondidas.png","large-width":376,"large-height":313,"1536x1536":"https:\/\/black-jack.com\/es\/wp-content\/uploads\/sites\/5\/2019\/01\/Blackjack-Preguntas-Respondidas.png","1536x1536-width":376,"1536x1536-height":313,"2048x2048":"https:\/\/black-jack.com\/es\/wp-content\/uploads\/sites\/5\/2019\/01\/Blackjack-Preguntas-Respondidas.png","2048x2048-width":376,"2048x2048-height":313}},"image_position":"right","buttons":{"button_check":false,"button_type":false,"text":"","target_type":"","link_type":"","link":"","operators":{"operator":"","operator_type_top":false,"operator_type_single":false,"operator_name_casino":false,"operator_name_sport":false,"operator_name_poker":false,"operator_name_bingo":false,"operator_name_lotto":false},"internal":null,"external":"","select_border":"none","arrow":false},"text_color":"dark","box_shadow_select":"none","bg_type":"color","bg_image":false,"bg_color_type":"solid","background_color_versions":"bg-c1","gradient_versions":false}]}],"title":"Imprint","breadcrumbs":"","description":"Terms &amp; Conditions of Using the Website","seo":{"title":"Imprint","breadcrumbs":"","description":"Terms &amp; Conditions of Using the Website"},"custom_page_description":"","custom_page_order":"0"},"yoast_head":"<!-- This site is optimized with the Yoast SEO plugin v26.7 - https:\/\/yoast.com\/wordpress\/plugins\/seo\/ -->\n<title>Condiciones Legales - Black-Jack.com Espa\u00f1a<\/title>\n<meta name=\"robots\" content=\"noindex, nofollow\" \/>\n<meta property=\"og:locale\" content=\"es_ES\" \/>\n<meta property=\"og:type\" content=\"article\" \/>\n<meta property=\"og:title\" content=\"Condiciones Legales - Black-Jack.com Espa\u00f1a\" \/>\n<meta property=\"og:url\" content=\"https:\/\/black-jack.com\/es\/condiciones-legales\/\" \/>\n<meta property=\"og:site_name\" content=\"Black-Jack.com Espa\u00f1a\" \/>\n<meta property=\"article:modified_time\" content=\"2025-02-20T14:14:24+00:00\" \/>\n<meta property=\"og:image\" content=\"https:\/\/black-jack.com\/wp-content\/uploads\/2018\/10\/high-roller.net-en-imprint.jpg\" \/>\n<meta name=\"twitter:card\" content=\"summary_large_image\" \/>\n<meta name=\"twitter:label1\" content=\"Tiempo de lectura\" \/>\n\t<meta name=\"twitter:data1\" content=\"1 minuto\" \/>\n<script type=\"application\/ld+json\" class=\"yoast-schema-graph\">{\"@context\":\"https:\/\/schema.org\",\"@graph\":[{\"@type\":\"WebPage\",\"@id\":\"https:\/\/black-jack.com\/es\/condiciones-legales\/\",\"url\":\"https:\/\/black-jack.com\/es\/condiciones-legales\/\",\"name\":\"Condiciones Legales - Black-Jack.com Espa\u00f1a\",\"isPartOf\":{\"@id\":\"https:\/\/black-jack.com\/es\/#website\"},\"primaryImageOfPage\":{\"@id\":\"https:\/\/black-jack.com\/es\/condiciones-legales\/#primaryimage\"},\"image\":{\"@id\":\"https:\/\/black-jack.com\/es\/condiciones-legales\/#primaryimage\"},\"thumbnailUrl\":\"https:\/\/black-jack.com\/wp-content\/uploads\/2018\/10\/high-roller.net-en-imprint.jpg\",\"datePublished\":\"2018-10-15T11:15:12+00:00\",\"dateModified\":\"2025-02-20T14:14:24+00:00\",\"breadcrumb\":{\"@id\":\"https:\/\/black-jack.com\/es\/condiciones-legales\/#breadcrumb\"},\"inLanguage\":\"es\",\"potentialAction\":[{\"@type\":\"ReadAction\",\"target\":[\"https:\/\/black-jack.com\/es\/condiciones-legales\/\"]}]},{\"@type\":\"ImageObject\",\"inLanguage\":\"es\",\"@id\":\"https:\/\/black-jack.com\/es\/condiciones-legales\/#primaryimage\",\"url\":\"https:\/\/black-jack.com\/wp-content\/uploads\/2018\/10\/high-roller.net-en-imprint.jpg\",\"contentUrl\":\"https:\/\/black-jack.com\/wp-content\/uploads\/2018\/10\/high-roller.net-en-imprint.jpg\"},{\"@type\":\"BreadcrumbList\",\"@id\":\"https:\/\/black-jack.com\/es\/condiciones-legales\/#breadcrumb\",\"itemListElement\":[{\"@type\":\"ListItem\",\"position\":1,\"name\":\"Home\",\"item\":\"https:\/\/black-jack.com\/es\/\"},{\"@type\":\"ListItem\",\"position\":2,\"name\":\"Condiciones Legales\"}]},{\"@type\":\"WebSite\",\"@id\":\"https:\/\/black-jack.com\/es\/#website\",\"url\":\"https:\/\/black-jack.com\/es\/\",\"name\":\"Black-Jack.com Espa\u00f1a\",\"description\":\"\",\"potentialAction\":[{\"@type\":\"SearchAction\",\"target\":{\"@type\":\"EntryPoint\",\"urlTemplate\":\"https:\/\/black-jack.com\/es\/?s={search_term_string}\"},\"query-input\":{\"@type\":\"PropertyValueSpecification\",\"valueRequired\":true,\"valueName\":\"search_term_string\"}}],\"inLanguage\":\"es\"}]}<\/script>\n<!-- \/ Yoast SEO plugin. -->","yoast_head_json":{"title":"Condiciones Legales - Black-Jack.com Espa\u00f1a","robots":{"index":"noindex","follow":"nofollow"},"og_locale":"es_ES","og_type":"article","og_title":"Condiciones Legales - Black-Jack.com Espa\u00f1a","og_url":"https:\/\/black-jack.com\/es\/condiciones-legales\/","og_site_name":"Black-Jack.com Espa\u00f1a","article_modified_time":"2025-02-20T14:14:24+00:00","og_image":[{"url":"https:\/\/black-jack.com\/wp-content\/uploads\/2018\/10\/high-roller.net-en-imprint.jpg","type":"","width":"","height":""}],"twitter_card":"summary_large_image","twitter_misc":{"Tiempo de lectura":"1 minuto"},"schema":{"@context":"https:\/\/schema.org","@graph":[{"@type":"WebPage","@id":"https:\/\/black-jack.com\/es\/condiciones-legales\/","url":"https:\/\/black-jack.com\/es\/condiciones-legales\/","name":"Condiciones Legales - Black-Jack.com Espa\u00f1a","isPartOf":{"@id":"https:\/\/black-jack.com\/es\/#website"},"primaryImageOfPage":{"@id":"https:\/\/black-jack.com\/es\/condiciones-legales\/#primaryimage"},"image":{"@id":"https:\/\/black-jack.com\/es\/condiciones-legales\/#primaryimage"},"thumbnailUrl":"https:\/\/black-jack.com\/wp-content\/uploads\/2018\/10\/high-roller.net-en-imprint.jpg","datePublished":"2018-10-15T11:15:12+00:00","dateModified":"2025-02-20T14:14:24+00:00","breadcrumb":{"@id":"https:\/\/black-jack.com\/es\/condiciones-legales\/#breadcrumb"},"inLanguage":"es","potentialAction":[{"@type":"ReadAction","target":["https:\/\/black-jack.com\/es\/condiciones-legales\/"]}]},{"@type":"ImageObject","inLanguage":"es","@id":"https:\/\/black-jack.com\/es\/condiciones-legales\/#primaryimage","url":"https:\/\/black-jack.com\/wp-content\/uploads\/2018\/10\/high-roller.net-en-imprint.jpg","contentUrl":"https:\/\/black-jack.com\/wp-content\/uploads\/2018\/10\/high-roller.net-en-imprint.jpg"},{"@type":"BreadcrumbList","@id":"https:\/\/black-jack.com\/es\/condiciones-legales\/#breadcrumb","itemListElement":[{"@type":"ListItem","position":1,"name":"Home","item":"https:\/\/black-jack.com\/es\/"},{"@type":"ListItem","position":2,"name":"Condiciones Legales"}]},{"@type":"WebSite","@id":"https:\/\/black-jack.com\/es\/#website","url":"https:\/\/black-jack.com\/es\/","name":"Black-Jack.com Espa\u00f1a","description":"","potentialAction":[{"@type":"SearchAction","target":{"@type":"EntryPoint","urlTemplate":"https:\/\/black-jack.com\/es\/?s={search_term_string}"},"query-input":{"@type":"PropertyValueSpecification","valueRequired":true,"valueName":"search_term_string"}}],"inLanguage":"es"}]}},"_links":{"self":[{"href":"https:\/\/black-jack.com\/es\/wp-json\/wp\/v2\/pages\/12","targetHints":{"allow":["GET"]}}],"collection":[{"href":"https:\/\/black-jack.com\/es\/wp-json\/wp\/v2\/pages"}],"about":[{"href":"https:\/\/black-jack.com\/es\/wp-json\/wp\/v2\/types\/page"}],"author":[{"embeddable":true,"href":"https:\/\/black-jack.com\/es\/wp-json\/wp\/v2\/users\/1"}],"replies":[{"embeddable":true,"href":"https:\/\/black-jack.com\/es\/wp-json\/wp\/v2\/comments?post=12"}],"version-history":[{"count":3,"href":"https:\/\/black-jack.com\/es\/wp-json\/wp\/v2\/pages\/12\/revisions"}],"predecessor-version":[{"id":4875,"href":"https:\/\/black-jack.com\/es\/wp-json\/wp\/v2\/pages\/12\/revisions\/4875"}],"wp:attachment":[{"href":"https:\/\/black-jack.com\/es\/wp-json\/wp\/v2\/media?parent=12"}],"wp:term":[{"taxonomy":"category","embeddable":true,"href":"https:\/\/black-jack.com\/es\/wp-json\/wp\/v2\/categories?post=12"},{"taxonomy":"post_tag","embeddable":true,"href":"https:\/\/black-jack.com\/es\/wp-json\/wp\/v2\/tags?post=12"}],"curies":[{"name":"wp","href":"https:\/\/api.w.org\/{rel}","templated":true}]}}