{"id":3823,"date":"2018-10-16T09:06:57","date_gmt":"2018-10-16T09:06:57","guid":{"rendered":"http:\/\/black-jack.com.test\/?page_id=444"},"modified":"2019-01-28T12:25:50","modified_gmt":"2019-01-28T12:25:50","slug":"varianten","status":"publish","type":"page","link":"https:\/\/black-jack.com\/de\/varianten\/","title":{"rendered":"Varianten"},"content":{"rendered":"","protected":false},"excerpt":{"rendered":"","protected":false},"author":1,"featured_media":0,"parent":0,"menu_order":0,"comment_status":"closed","ping_status":"closed","template":"","meta":{"_acf_changed":false,"footnotes":""},"categories":[],"tags":[],"class_list":["post-3823","page","type-page","status-publish","hentry"],"acf":{"amp":"no","menu_type":"full","page_builder":[{"acf_fc_layout":"section_full_width","section_full_width":[{"acf_fc_layout":"hero_text","label_choices":"","label_align":"left","label":"","title_choices":"h1","title_align":"left","title":"Alle Blackjack Variationen in einer umfassenden \u00dcbersicht","subtitle_choices":"h4","subtitle_align":"left","subtitle":"","paragraph_choices":"p","paragraph_align":"left","text":"<p><span>Blackjack ist der Klassiker unter den Kartenspielen. Sie k\u00f6nnen sich f\u00fcr eine der Varianten entscheiden, die den Bankvorteil statistisch gesehen minimiert, oder einfach den Blackjack spielen, der Sie am meisten anspricht. Damit fordern Sie die Wahrscheinlichkeitsrechnung heraus und beweisen ihr K\u00f6nnen.\u00a0<\/span><span>Meistens liegen die Gewinnchancen f\u00fcr den Spieler bei 3:2, w\u00e4hrend der Bankhalter im Verh\u00e4ltnis 1:1 spielt. Vorzeitiges Aufgeben und Absicherung sind nicht bei allen Varianten m\u00f6glich.\u00a0<\/span><\/p>\n","read_more_group":{"option":"yes","max_chars":"214","label_choices":"p","read_more":"Read More","show_less":"Show Less"},"text_field_size":"6","text_field_position":"left","buttons":{"button_check":false,"button_type":false,"text":"","target_type":"","link_type":"","link":"","operators":{"operator":"","operator_type_top":false,"operator_type_single":false,"operator_name_casino":false,"operator_name_sport":false,"operator_name_poker":false,"operator_name_bingo":false,"operator_name_lotto":false},"internal":null,"external":"","select_border":"none","arrow":false},"show_rich_snippet":false,"text_color":"light","box_shadow_select":"none","bg_type":"image","bg_image":"https:\/\/black-jack.com\/de\/wp-content\/uploads\/sites\/2\/2018\/12\/Blackjack-Varianten.jpg","bg_color_type":"","background_color_versions":false,"gradient_versions":false},{"acf_fc_layout":"inner_menu","select_type":"sub","select_menu":false,"operator_main_page":false,"current_element_title":false,"current_custom_title":"All Variants","show_third_level_elements":false,"show_parent_as_first_element":true,"parent_element_title":true,"parent_custom_title":"Alle Varianten","left_arrow":false,"static_elements":false,"first_element":"none","last_element":"none","slider_for_desktop":true},{"acf_fc_layout":"breadcrumbs","paragraph_choices":"p","breadcrumb_align":"center","breadcrumb_separator":"\/","current_element_color":"#e71546","remove_spacing_after":true,"text_color":"dark","box_shadow_select":"none","bg_type":"color","bg_image":false,"bg_color_type":"solid","background_color_versions":"bg-c1","gradient_versions":false},{"acf_fc_layout":"inner_menu_boxes","label_choices":"","label_align":"left","label":"","title_choices":"h2","title_align":"center","title":"W\u00e4hlen Sie die Blackjack Variante, die am besten zu Ihnen passt","subtitle_choices":"h4","subtitle_align":"left","subtitle":"","paragraph_choices":"p","paragraph_align":"left","text":"","read_more_group":{"option":"no","max_chars":300,"label_choices":"rm","read_more":"Read More","show_less":"Show Less"},"boxes":{"sub_pages_level":"1","box_background":"#ffffff","show_page_title":true,"title_choices":"h5","title_align":"center","show_page_description":true,"paragraph_choices":"p","paragraph_align":"center","show_read_more_button":true,"button_type":"btn-v6","button_border_bottom":true,"button_text":"Mehr erfahren","show_page_likes":true,"vote_up_image":{"ID":3513,"id":3513,"title":"Daumen-hoch","filename":"Daumen-hoch.png","filesize":1741,"url":"https:\/\/black-jack.com\/de\/wp-content\/uploads\/sites\/2\/2018\/12\/Daumen-hoch.png","link":"https:\/\/black-jack.com\/de\/online-casinos\/casino-club\/bonus\/attachment\/daumen-hoch\/","alt":"","author":"1","description":"","caption":"","name":"daumen-hoch","status":"inherit","uploaded_to":1894,"date":"2018-12-13 13:12:49","modified":"2018-12-19 09:30:02","menu_order":0,"mime_type":"image\/png","type":"image","subtype":"png","icon":"https:\/\/black-jack.com\/de\/wp-includes\/images\/media\/default.png","width":100,"height":100,"sizes":{"thumbnail":"https:\/\/black-jack.com\/de\/wp-content\/uploads\/sites\/2\/2018\/12\/Daumen-hoch.png","thumbnail-width":100,"thumbnail-height":100,"medium":"https:\/\/black-jack.com\/de\/wp-content\/uploads\/sites\/2\/2018\/12\/Daumen-hoch.png","medium-width":100,"medium-height":100,"medium_large":"https:\/\/black-jack.com\/de\/wp-content\/uploads\/sites\/2\/2018\/12\/Daumen-hoch.png","medium_large-width":100,"medium_large-height":100,"large":"https:\/\/black-jack.com\/de\/wp-content\/uploads\/sites\/2\/2018\/12\/Daumen-hoch.png","large-width":100,"large-height":100,"1536x1536":"https:\/\/black-jack.com\/de\/wp-content\/uploads\/sites\/2\/2018\/12\/Daumen-hoch.png","1536x1536-width":100,"1536x1536-height":100,"2048x2048":"https:\/\/black-jack.com\/de\/wp-content\/uploads\/sites\/2\/2018\/12\/Daumen-hoch.png","2048x2048-width":100,"2048x2048-height":100}},"vote_down_image":{"ID":3514,"id":3514,"title":"Daumen-runter","filename":"Daumen-runter.png","filesize":1752,"url":"https:\/\/black-jack.com\/de\/wp-content\/uploads\/sites\/2\/2018\/12\/Daumen-runter.png","link":"https:\/\/black-jack.com\/de\/online-casinos\/casino-club\/bonus\/attachment\/daumen-runter\/","alt":"","author":"1","description":"","caption":"","name":"daumen-runter","status":"inherit","uploaded_to":1894,"date":"2018-12-13 13:12:50","modified":"2018-12-19 09:30:02","menu_order":0,"mime_type":"image\/png","type":"image","subtype":"png","icon":"https:\/\/black-jack.com\/de\/wp-includes\/images\/media\/default.png","width":100,"height":100,"sizes":{"thumbnail":"https:\/\/black-jack.com\/de\/wp-content\/uploads\/sites\/2\/2018\/12\/Daumen-runter.png","thumbnail-width":100,"thumbnail-height":100,"medium":"https:\/\/black-jack.com\/de\/wp-content\/uploads\/sites\/2\/2018\/12\/Daumen-runter.png","medium-width":100,"medium-height":100,"medium_large":"https:\/\/black-jack.com\/de\/wp-content\/uploads\/sites\/2\/2018\/12\/Daumen-runter.png","medium_large-width":100,"medium_large-height":100,"large":"https:\/\/black-jack.com\/de\/wp-content\/uploads\/sites\/2\/2018\/12\/Daumen-runter.png","large-width":100,"large-height":100,"1536x1536":"https:\/\/black-jack.com\/de\/wp-content\/uploads\/sites\/2\/2018\/12\/Daumen-runter.png","1536x1536-width":100,"1536x1536-height":100,"2048x2048":"https:\/\/black-jack.com\/de\/wp-content\/uploads\/sites\/2\/2018\/12\/Daumen-runter.png","2048x2048-width":100,"2048x2048-height":100}},"show_page_comments":true,"comments_image":{"ID":3500,"id":3500,"title":"Blackjack-Informationen","filename":"Blackjack-Informationen.png","filesize":2008,"url":"https:\/\/black-jack.com\/de\/wp-content\/uploads\/sites\/2\/2018\/12\/Blackjack-Informationen.png","link":"https:\/\/black-jack.com\/de\/online-casinos\/888-casino\/erfahrung\/attachment\/blackjack-informationen\/","alt":"","author":"1","description":"","caption":"","name":"blackjack-informationen","status":"inherit","uploaded_to":3388,"date":"2018-12-13 13:12:39","modified":"2018-12-13 13:29:06","menu_order":0,"mime_type":"image\/png","type":"image","subtype":"png","icon":"https:\/\/black-jack.com\/de\/wp-includes\/images\/media\/default.png","width":100,"height":100,"sizes":{"thumbnail":"https:\/\/black-jack.com\/de\/wp-content\/uploads\/sites\/2\/2018\/12\/Blackjack-Informationen.png","thumbnail-width":100,"thumbnail-height":100,"medium":"https:\/\/black-jack.com\/de\/wp-content\/uploads\/sites\/2\/2018\/12\/Blackjack-Informationen.png","medium-width":100,"medium-height":100,"medium_large":"https:\/\/black-jack.com\/de\/wp-content\/uploads\/sites\/2\/2018\/12\/Blackjack-Informationen.png","medium_large-width":100,"medium_large-height":100,"large":"https:\/\/black-jack.com\/de\/wp-content\/uploads\/sites\/2\/2018\/12\/Blackjack-Informationen.png","large-width":100,"large-height":100,"1536x1536":"https:\/\/black-jack.com\/de\/wp-content\/uploads\/sites\/2\/2018\/12\/Blackjack-Informationen.png","1536x1536-width":100,"1536x1536-height":100,"2048x2048":"https:\/\/black-jack.com\/de\/wp-content\/uploads\/sites\/2\/2018\/12\/Blackjack-Informationen.png","2048x2048-width":100,"2048x2048-height":100}},"comments_text":"Comments"},"text_color":"dark","box_shadow_select":"none","bg_type":"color","bg_image":false,"bg_color_type":"solid","background_color_versions":"bg-c1","gradient_versions":false},{"acf_fc_layout":"cta_operator","label_choices":"","label_align":"left","label":"","title_choices":"h2","title_align":"center","title":"Online Casino des Monats","subtitle_choices":"h4","subtitle_align":"left","subtitle":"","paragraph_choices":"p","paragraph_align":"left","text":"","read_more_group":{"option":"no","max_chars":300,"label_choices":"rm","read_more":"Read More","show_less":"Show Less"},"box_names":"Main Dark","show_rich_snippet":false,"operator":"top","operator_type_top":"casino","operator_type_single":false,"operator_name_casino":false,"operator_name_sport":false,"operator_name_poker":false,"operator_name_bingo":false,"operator_name_lotto":false,"text_color":"light","box_shadow_select":"none","bg_type":"color","bg_image":false,"bg_color_type":"gradient","background_color_versions":false,"gradient_versions":"bg-gr1"},{"acf_fc_layout":"text_box_image","label_choices":"","label_align":"left","label":"","title_choices":"h2","title_align":"left","title":"Vergleich der Varianten","subtitle_choices":"h4","subtitle_align":"left","subtitle":"","paragraph_choices":"p","paragraph_align":"left","text":"<p><span>Die grundlegenden Regeln sind bei allen Spieloptionen \u00e4hnlich. Ziel ist es dem Kartenwert 21 so nahe wie m\u00f6glich zu kommen ohne ihn zu \u00fcberschreiten. Ob der Bankhalter bei einer soften 17 noch ziehen muss oder nicht, oder nach welchen Regeln Splitten und Doppeln gehandhabt wird und wie viele Sets Karten mit wie vielen Spielkarten verwendet werden. Das Spanische Blackjack beinhaltet allein aufgrund der Anzahl der Karten f\u00fcr den Spieler einen Nachteil. Auch Double Exposure mit seinem hohen Bankvorteil reduziert die Gewinnchancen f\u00fcr Ihr Spiel deutlich. Auf der anderen Seite enthalten beide Varianten auch Vorteile zu Ihren Gunsten. Entscheidend ist schlicht und einfach auch, welche Variante Ihnen am besten liegt und Spa\u00df macht. Den geringsten Bankvorteil der Blackjack-Varianten hat der <a href=\"https:\/\/black-jack.com\/de\/varianten\/vegas-strip\/\">Vegas Strip<\/a>. Statistisch gesehen liegt er bei 0.34%.\u00a0<\/span><span>Die popul\u00e4rsten Varianten sind der europ\u00e4ische Blackjack und der Vegas Blackjack.<\/span><\/p>\n","read_more_group":{"option":"yes","max_chars":"321","label_choices":"p","read_more":"Read More","show_less":"Show Less"},"link":"","image":{"ID":3468,"id":3468,"title":"Blackjack-Systeme","filename":"Blackjack-Systeme.png","filesize":10702,"url":"https:\/\/black-jack.com\/de\/wp-content\/uploads\/sites\/2\/2018\/12\/Blackjack-Systeme.png","link":"https:\/\/black-jack.com\/de\/online-casinos\/888-casino\/live-casino\/attachment\/blackjack-systeme\/","alt":"","author":"1","description":"","caption":"","name":"blackjack-systeme","status":"inherit","uploaded_to":1850,"date":"2018-12-13 12:59:44","modified":"2018-12-13 14:15:54","menu_order":0,"mime_type":"image\/png","type":"image","subtype":"png","icon":"https:\/\/black-jack.com\/de\/wp-includes\/images\/media\/default.png","width":447,"height":308,"sizes":{"thumbnail":"https:\/\/black-jack.com\/de\/wp-content\/uploads\/sites\/2\/2018\/12\/Blackjack-Systeme-150x150.png","thumbnail-width":150,"thumbnail-height":150,"medium":"https:\/\/black-jack.com\/de\/wp-content\/uploads\/sites\/2\/2018\/12\/Blackjack-Systeme-300x207.png","medium-width":300,"medium-height":207,"medium_large":"https:\/\/black-jack.com\/de\/wp-content\/uploads\/sites\/2\/2018\/12\/Blackjack-Systeme.png","medium_large-width":447,"medium_large-height":308,"large":"https:\/\/black-jack.com\/de\/wp-content\/uploads\/sites\/2\/2018\/12\/Blackjack-Systeme.png","large-width":447,"large-height":308,"1536x1536":"https:\/\/black-jack.com\/de\/wp-content\/uploads\/sites\/2\/2018\/12\/Blackjack-Systeme.png","1536x1536-width":447,"1536x1536-height":308,"2048x2048":"https:\/\/black-jack.com\/de\/wp-content\/uploads\/sites\/2\/2018\/12\/Blackjack-Systeme.png","2048x2048-width":447,"2048x2048-height":308}},"image_position":"left","buttons":{"button_check":true,"button_type":"","text":"","target_type":"link","link_type":"","link":"internal","operators":{"operator":"page","operator_type_top":false,"operator_type_single":false,"operator_name_casino":false,"operator_name_sport":false,"operator_name_poker":false,"operator_name_bingo":false,"operator_name_lotto":false},"internal":"","external":"","select_border":"none","arrow":false},"text_color":"dark","box_shadow_select":"none","bg_type":"color","bg_image":false,"bg_color_type":"solid","background_color_versions":"bg-c1","gradient_versions":false},{"acf_fc_layout":"cta1","label_choices":"l2","label_align":"center","label":"Lex Casino Blackjack Bonus","title_choices":"h2","title_align":"left","title":"","operator":"top","operator_type_top":"casino","operator_type_single":false,"operator_name_casino":false,"operator_name_sport":false,"operator_name_poker":false,"operator_name_bingo":false,"operator_name_lotto":false,"bonus_description":true,"buttons":{"button_check":true,"button_type":"btn-v1","text":"Jetzt anmelden","target_type":"operator","link_type":"direct","link":"","operators":{"operator":"page","operator_type_top":false,"operator_type_single":false,"operator_name_casino":false,"operator_name_sport":false,"operator_name_poker":false,"operator_name_bingo":false,"operator_name_lotto":false},"internal":null,"external":"","select_border":"none","arrow":false},"disclaimer":false,"text_color":"dark","box_shadow_select":"none","bg_type":"color","bg_image":false,"bg_color_type":"solid","background_color_versions":"bg-c1","gradient_versions":"bg-gr1"}]}],"title":"Die besten Blackjack Varianten - die komplette \u00dcbersicht ","breadcrumbs":"","description":"Blackjack ist der Klassiker unter den Kartenspielen. Sie k\u00f6nnen sich f\u00fcr eine der Varianten entscheiden, die den Bankvorteil statistisch gesehen minimiert, oder einfach den Blackjack spielen, der Sie am meisten anspricht. Damit fordern Sie die Wahrscheinlichkeitsrechnung heraus und beweisen ihr K\u00f6nnen. Meistens liegen die Gewinnchancen f\u00fcr den Spieler bei 3:2, w\u00e4hrend der Bankhalter im Verh\u00e4ltnis 1:1 spielt. Vorzeitiges Aufgeben und Absicherung sind nicht bei allen Varianten m\u00f6glich. \r\n","seo":{"title":"Die besten Blackjack Varianten - die komplette \u00dcbersicht ","breadcrumbs":"","description":"Blackjack ist der Klassiker unter den Kartenspielen. Sie k\u00f6nnen sich f\u00fcr eine der Varianten entscheiden, die den Bankvorteil statistisch gesehen minimiert, oder einfach den Blackjack spielen, der Sie am meisten anspricht. Damit fordern Sie die Wahrscheinlichkeitsrechnung heraus und beweisen ihr K\u00f6nnen. Meistens liegen die Gewinnchancen f\u00fcr den Spieler bei 3:2, w\u00e4hrend der Bankhalter im Verh\u00e4ltnis 1:1 spielt. Vorzeitiges Aufgeben und Absicherung sind nicht bei allen Varianten m\u00f6glich. \r\n"},"custom_page_description":"","custom_page_order":"0"},"yoast_head":"<!-- This site is optimized with the Yoast SEO plugin v26.7 - https:\/\/yoast.com\/wordpress\/plugins\/seo\/ -->\n<title>Die besten Blackjack Varianten - die komplette \u00dcbersicht<\/title>\n<meta name=\"robots\" content=\"index, follow, max-snippet:-1, max-image-preview:large, max-video-preview:-1\" \/>\n<link rel=\"canonical\" href=\"https:\/\/black-jack.com\/de\/varianten\/\" \/>\n<meta property=\"og:locale\" content=\"de_DE\" \/>\n<meta property=\"og:type\" content=\"article\" \/>\n<meta property=\"og:title\" content=\"Die besten Blackjack Varianten - die komplette \u00dcbersicht\" \/>\n<meta property=\"og:url\" content=\"https:\/\/black-jack.com\/de\/varianten\/\" \/>\n<meta property=\"og:site_name\" content=\"Black-Jack.com Deutsch\" \/>\n<meta property=\"article:modified_time\" content=\"2019-01-28T12:25:50+00:00\" \/>\n<meta name=\"twitter:card\" content=\"summary_large_image\" \/>\n<script type=\"application\/ld+json\" class=\"yoast-schema-graph\">{\"@context\":\"https:\/\/schema.org\",\"@graph\":[{\"@type\":\"WebPage\",\"@id\":\"https:\/\/black-jack.com\/de\/varianten\/\",\"url\":\"https:\/\/black-jack.com\/de\/varianten\/\",\"name\":\"Die besten Blackjack Varianten - die komplette \u00dcbersicht\",\"isPartOf\":{\"@id\":\"https:\/\/black-jack.com\/de\/#website\"},\"datePublished\":\"2018-10-16T09:06:57+00:00\",\"dateModified\":\"2019-01-28T12:25:50+00:00\",\"breadcrumb\":{\"@id\":\"https:\/\/black-jack.com\/de\/varianten\/#breadcrumb\"},\"inLanguage\":\"de\",\"potentialAction\":[{\"@type\":\"ReadAction\",\"target\":[\"https:\/\/black-jack.com\/de\/varianten\/\"]}]},{\"@type\":\"BreadcrumbList\",\"@id\":\"https:\/\/black-jack.com\/de\/varianten\/#breadcrumb\",\"itemListElement\":[{\"@type\":\"ListItem\",\"position\":1,\"name\":\"Home\",\"item\":\"https:\/\/black-jack.com\/de\/\"},{\"@type\":\"ListItem\",\"position\":2,\"name\":\"Varianten\"}]},{\"@type\":\"WebSite\",\"@id\":\"https:\/\/black-jack.com\/de\/#website\",\"url\":\"https:\/\/black-jack.com\/de\/\",\"name\":\"Black-Jack.com Deutsch\",\"description\":\"\",\"potentialAction\":[{\"@type\":\"SearchAction\",\"target\":{\"@type\":\"EntryPoint\",\"urlTemplate\":\"https:\/\/black-jack.com\/de\/?s={search_term_string}\"},\"query-input\":{\"@type\":\"PropertyValueSpecification\",\"valueRequired\":true,\"valueName\":\"search_term_string\"}}],\"inLanguage\":\"de\"}]}<\/script>\n<!-- \/ Yoast SEO plugin. -->","yoast_head_json":{"title":"Die besten Blackjack Varianten - die komplette \u00dcbersicht","robots":{"index":"index","follow":"follow","max-snippet":"max-snippet:-1","max-image-preview":"max-image-preview:large","max-video-preview":"max-video-preview:-1"},"canonical":"https:\/\/black-jack.com\/de\/varianten\/","og_locale":"de_DE","og_type":"article","og_title":"Die besten Blackjack Varianten - die komplette \u00dcbersicht","og_url":"https:\/\/black-jack.com\/de\/varianten\/","og_site_name":"Black-Jack.com Deutsch","article_modified_time":"2019-01-28T12:25:50+00:00","twitter_card":"summary_large_image","schema":{"@context":"https:\/\/schema.org","@graph":[{"@type":"WebPage","@id":"https:\/\/black-jack.com\/de\/varianten\/","url":"https:\/\/black-jack.com\/de\/varianten\/","name":"Die besten Blackjack Varianten - die komplette \u00dcbersicht","isPartOf":{"@id":"https:\/\/black-jack.com\/de\/#website"},"datePublished":"2018-10-16T09:06:57+00:00","dateModified":"2019-01-28T12:25:50+00:00","breadcrumb":{"@id":"https:\/\/black-jack.com\/de\/varianten\/#breadcrumb"},"inLanguage":"de","potentialAction":[{"@type":"ReadAction","target":["https:\/\/black-jack.com\/de\/varianten\/"]}]},{"@type":"BreadcrumbList","@id":"https:\/\/black-jack.com\/de\/varianten\/#breadcrumb","itemListElement":[{"@type":"ListItem","position":1,"name":"Home","item":"https:\/\/black-jack.com\/de\/"},{"@type":"ListItem","position":2,"name":"Varianten"}]},{"@type":"WebSite","@id":"https:\/\/black-jack.com\/de\/#website","url":"https:\/\/black-jack.com\/de\/","name":"Black-Jack.com Deutsch","description":"","potentialAction":[{"@type":"SearchAction","target":{"@type":"EntryPoint","urlTemplate":"https:\/\/black-jack.com\/de\/?s={search_term_string}"},"query-input":{"@type":"PropertyValueSpecification","valueRequired":true,"valueName":"search_term_string"}}],"inLanguage":"de"}]}},"_links":{"self":[{"href":"https:\/\/black-jack.com\/de\/wp-json\/wp\/v2\/pages\/3823","targetHints":{"allow":["GET"]}}],"collection":[{"href":"https:\/\/black-jack.com\/de\/wp-json\/wp\/v2\/pages"}],"about":[{"href":"https:\/\/black-jack.com\/de\/wp-json\/wp\/v2\/types\/page"}],"author":[{"embeddable":true,"href":"https:\/\/black-jack.com\/de\/wp-json\/wp\/v2\/users\/1"}],"replies":[{"embeddable":true,"href":"https:\/\/black-jack.com\/de\/wp-json\/wp\/v2\/comments?post=3823"}],"version-history":[{"count":5,"href":"https:\/\/black-jack.com\/de\/wp-json\/wp\/v2\/pages\/3823\/revisions"}],"predecessor-version":[{"id":5442,"href":"https:\/\/black-jack.com\/de\/wp-json\/wp\/v2\/pages\/3823\/revisions\/5442"}],"wp:attachment":[{"href":"https:\/\/black-jack.com\/de\/wp-json\/wp\/v2\/media?parent=3823"}],"wp:term":[{"taxonomy":"category","embeddable":true,"href":"https:\/\/black-jack.com\/de\/wp-json\/wp\/v2\/categories?post=3823"},{"taxonomy":"post_tag","embeddable":true,"href":"https:\/\/black-jack.com\/de\/wp-json\/wp\/v2\/tags?post=3823"}],"curies":[{"name":"wp","href":"https:\/\/api.w.org\/{rel}","templated":true}]}}