{"id":12,"date":"2018-10-15T11:15:12","date_gmt":"2018-10-15T11:15:12","guid":{"rendered":"http:\/\/black-jack.com.test\/?page_id=12"},"modified":"2025-02-20T13:51:13","modified_gmt":"2025-02-20T13:51:13","slug":"impressum","status":"publish","type":"page","link":"https:\/\/black-jack.com\/de\/impressum\/","title":{"rendered":"Impressum"},"content":{"rendered":"&nbsp;\r\n<div id=\"imprint-container\"><span id=\"imprint-email\">info@black-jack.com<\/span>\r\n<img decoding=\"async\" src=\"https:\/\/black-jack.com\/wp-content\/uploads\/2018\/10\/high-roller.net-en-imprint.jpg\" id=\"imprint-image \" width=\"auto\" height=\"auto\" alt=\"Imprint\" \/><\/div>","protected":false},"excerpt":{"rendered":"&nbsp; info@black-jack.com","protected":false},"author":1,"featured_media":0,"parent":0,"menu_order":0,"comment_status":"closed","ping_status":"closed","template":"templates\/template-legal-doc.php","meta":{"_acf_changed":false,"footnotes":""},"categories":[2],"tags":[],"class_list":["post-12","page","type-page","status-publish","hentry","category-rss-exclude"],"acf":{"amp":"no","menu_type":"full","page_builder":[{"acf_fc_layout":"section_full_width","section_full_width":[{"acf_fc_layout":"text_box_image","label_choices":"p","label_align":"left","label":"","title_choices":"h2","title_align":"left","title":"","subtitle_choices":"h4","subtitle_align":"left","subtitle":"","paragraph_choices":"p","paragraph_align":"left","text":"<p class=\"text-center\">Anbieter im Sinne des \u00a7 6 TDG und \u00a7 2<br \/>\nFernabsatzgesetzes<\/p>\n<p class=\"highlighted text-center\">Mail: <a href=\"mailto:info@black-jack.com\">info@black-jack.com<\/a><\/p>\n<p class=\"text-center\">Erkl\u00e4rung<br \/>\nHiermit distanzieren wir uns ausdr\u00fccklich von allen Inhalten und Grafiken aller gelinkten Seiten und machen uns diese nicht zu eigen. Diese Erkl\u00e4rung gilt f\u00fcr alle auf dieser Website angebrachten Links.<\/p>\n<h3 class=\"text-center\"><strong>1. Inhalt des Onlineangebots<\/strong><\/h3>\n<p class=\"text-center\">Der Autor \u00fcbernimmt keinerlei Gew\u00e4hr f\u00fcr die Aktualit\u00e4t, Korrektheit, Vollst\u00e4ndigkeit oder Qualit\u00e4t der bereitgestellten Informationen. Haftungsanspr\u00fcche gegen den Autor, welche sich auf Sch\u00e4den materieller oder ideeller Art beziehen, die durch die Nutzung oder Nichtnutzung der dargebotenen Informationen bzw. Durch die Nutzung fehlerhafter und unvollst\u00e4ndiger Informationen verursacht wurden, sind grunds\u00e4tzlich ausgeschlossen. Alle Angebote sind freibleibend und unverbindlich. Der Autor beh\u00e4lt es sich ausdr\u00fccklich vor, Teile der Seiten oder das gesamte Angebot ohne gesonderte Ank\u00fcndigung zu ver\u00e4ndern, zu erg\u00e4nzen, zu l\u00f6schen oder die Ver\u00f6ffentlichung zeitweise oder endg\u00fcltig einzustellen.<\/p>\n<p class=\"text-center\">2. Verweise und Links<\/p>\n<p class=\"text-center\">Bei direkten oder indirekten Verweisen auf fremde Webseiten (\u201cHyperlinks\u201d), die au\u00dferhalb des Verantwortungsbereiches des Autors liegen, w\u00fcrde eine Haftungsverpflichtung ausschlie\u00dflich in dem Fall in Kraft treten, in dem der Autor von den Inhalten Kenntnis hat und es ihm technisch m\u00f6glich und zumutbar w\u00e4re, die Nutzung im Falle rechtswidriger Inhalte zu verhindern. Der Autor erkl\u00e4rt hiermit ausdr\u00fccklich, dass zum Zeitpunkt der Linksetzung keine illegalen Inhalte auf den zu verlinkenden Seiten erkennbar waren. Auf die aktuelle und zuk\u00fcnftige Gestaltung, die Inhalte oder die Urheberschaft der verlinkten\/verkn\u00fcpften Seiten hat der Autor keinerlei Einfluss. Deshalb distanziert er sich hiermit ausdr\u00fccklich von allen Inhalten aller verlinkten\/verkn\u00fcpften Seiten, die nach der Linksetzung ver\u00e4ndert wurden. Diese Feststellung gilt f\u00fcr alle innerhalb des eigenen Internetangebotes gesetzten Links und Verweise sowie f\u00fcr Fremdeintr\u00e4ge in vom Autor eingerichteten G\u00e4steb\u00fcchern, Diskussionsforen, Linkverzeichnissen, Mailinglisten und in allen anderen Formen von Datenbanken, auf deren Inhalt externe Schreibzugriffe m\u00f6glich sind. F\u00fcr illegale, fehlerhafte oder unvollst\u00e4ndige Inhalte und insbesondere f\u00fcr Sch\u00e4den, die aus der Nutzung oder Nicht-Nutzung solcherart dargebotener Informationen entstehen, haftet allein der Anbieter der Seite, auf welche verwiesen wurde, nicht derjenige, der \u00fcber Links auf die jeweilige Ver\u00f6ffentlichung lediglich verweist.<\/p>\n<h3 class=\"text-center\"><strong>3. Haftungsausschluss<\/strong><\/h3>\n<p class=\"text-center\">Trotz sorgf\u00e4ltiger inhaltlicher Kontrolle \u00fcbernehmen wir keine Haftung f\u00fcr die Inhalte externer Links. F\u00fcr den Inhalt der verlinkten Seiten sind ausschlie\u00dflich deren Betreiber verantwortlich. Die auf den gelinkten Seiten wiedergegebenen Meinungs\u00e4u\u00dferungen und\/oder Tatsachenbehauptungen liegen in der alleinigen Verantwortung des\/der jeweiligen Autors\/Autorin. In keinem Fall wird f\u00fcr die Sch\u00e4den, die sich aus der Verwendung der abgerufenen Informationen ergeben, eine Haftung \u00fcbernommen.<\/p>\n<h3 class=\"text-center\"><strong>4. Urheber- und sonstige Rechte:<\/strong><\/h3>\n<p class=\"text-center\">Das Layout der Homepage, die verwendeten Bilder und Grafiken sowie die Sammlung der Beitr\u00e4ge sind urheberrechtlich gesch\u00fctzt. Die Wiedergabe von Handelsnamen, Warenbezeichnungen und sonstigen gesch\u00e4ftlichen Bezeichnungen, von Logos und Marken in diesem Werk berechtigt auch ohne Kennzeichnung nicht zu der Annahme, dass solche Bezeichnungen im Sinne des Markenschutzgesetzes als frei zu betrachten w\u00e4ren und daher von jedermann benutzt werden d\u00fcrfen. Der Inhalt dieser Homepage darf nicht zu kommerziellen Zwecken vervielfacht, verbreitet, ver\u00e4ndert oder zum Nachteil des Betreibers Dritten zug\u00e4nglich gemacht werden. Alle Informationen auf diesem Server erfolgen ohne Gew\u00e4hr f\u00fcr ihre Richtigkeit. Alle innerhalb des Internetangebotes genannten und ggf. durch Dritte gesch\u00fctzten Marken- und Warenzeichen unterliegen uneingeschr\u00e4nkt den Bestimmungen des jeweils g\u00fcltigen Kennzeichenrechts und den Besitzrechten der jeweiligen eingetragenen Eigent\u00fcmer. Allein aufgrund der blo\u00dfen Nennung ist nicht der Schluss zu ziehen, dass Markenzeichen nicht durch Rechte Dritter gesch\u00fctzt sind! Das Copyright f\u00fcr ver\u00f6ffentlichte, vom Autor selbst erstellte Objekte bleibt allein beim Autor der Seiten. Eine Vervielf\u00e4ltigung oder Verwendung solcher Grafiken, Tondokumente, Videosequenzen und Texte in andere elektronischen oder gedruckten Publikationen ist ohne ausdr\u00fcckliche Zustimmung des Autors nicht gestattet.<\/p>\n<h3 class=\"text-center\"><strong>5. Rechtswirksamkeit dieses Haftungsausschlusses<\/strong><\/h3>\n<p class=\"text-center\">Dieser Haftungsausschluss ist als Teil des Internetangebotes zu betrachten, von dem aus auf diese Seite verwiesen wurde. Sofern Teile oder einzelne Formulierungen dieses Textes der geltenden Rechtslage nicht, nicht mehr oder nicht vollst\u00e4ndig entsprechen sollten, bleiben die \u00fcbrigen Teile des Dokumentes in ihrem Inhalt und ihrer G\u00fcltigkeit davon unber\u00fchrt.<\/p>\n","read_more_group":{"option":"no","max_chars":300,"label_choices":"rm","read_more":"Read More","show_less":"Show Less"},"link":"","image":{"ID":4965,"id":4965,"title":"Blackjack-Fragen-Beantwortet","filename":"Blackjack-Fragen-Beantwortet.png","filesize":7510,"url":"https:\/\/black-jack.com\/de\/wp-content\/uploads\/sites\/2\/2019\/01\/Blackjack-Fragen-Beantwortet.png","link":"https:\/\/black-jack.com\/de\/vergleich\/roulette\/attachment\/blackjack-fragen-beantwortet\/","alt":"","author":"1","description":"","caption":"","name":"blackjack-fragen-beantwortet","status":"inherit","uploaded_to":3623,"date":"2019-01-10 14:41:36","modified":"2019-01-10 16:04:27","menu_order":0,"mime_type":"image\/png","type":"image","subtype":"png","icon":"https:\/\/black-jack.com\/de\/wp-includes\/images\/media\/default.png","width":376,"height":313,"sizes":{"thumbnail":"https:\/\/black-jack.com\/de\/wp-content\/uploads\/sites\/2\/2019\/01\/Blackjack-Fragen-Beantwortet-150x150.png","thumbnail-width":150,"thumbnail-height":150,"medium":"https:\/\/black-jack.com\/de\/wp-content\/uploads\/sites\/2\/2019\/01\/Blackjack-Fragen-Beantwortet-300x250.png","medium-width":300,"medium-height":250,"medium_large":"https:\/\/black-jack.com\/de\/wp-content\/uploads\/sites\/2\/2019\/01\/Blackjack-Fragen-Beantwortet.png","medium_large-width":376,"medium_large-height":313,"large":"https:\/\/black-jack.com\/de\/wp-content\/uploads\/sites\/2\/2019\/01\/Blackjack-Fragen-Beantwortet.png","large-width":376,"large-height":313,"1536x1536":"https:\/\/black-jack.com\/de\/wp-content\/uploads\/sites\/2\/2019\/01\/Blackjack-Fragen-Beantwortet.png","1536x1536-width":376,"1536x1536-height":313,"2048x2048":"https:\/\/black-jack.com\/de\/wp-content\/uploads\/sites\/2\/2019\/01\/Blackjack-Fragen-Beantwortet.png","2048x2048-width":376,"2048x2048-height":313}},"image_position":"right","buttons":{"button_check":false,"button_type":"","text":"","target_type":"link","link_type":"","link":"internal","operators":{"operator":"","operator_type_top":false,"operator_type_single":false,"operator_name_casino":false,"operator_name_sport":false,"operator_name_poker":false,"operator_name_bingo":false,"operator_name_lotto":false},"internal":"","external":"","select_border":"none","arrow":false},"text_color":"dark","box_shadow_select":"none","bg_type":"color","bg_image":false,"bg_color_type":"solid","background_color_versions":"bg-c1","gradient_versions":false}]}],"title":"Imprint","breadcrumbs":"","description":"Terms &amp; Conditions of Using the Website","seo":{"title":"Imprint","breadcrumbs":"","description":"Terms &amp; Conditions of Using the Website"},"custom_page_description":"","custom_page_order":"0"},"yoast_head":"<!-- This site is optimized with the Yoast SEO plugin v26.7 - https:\/\/yoast.com\/wordpress\/plugins\/seo\/ -->\n<title>Impressum - Black-Jack.com Deutsch<\/title>\n<meta name=\"robots\" content=\"noindex, nofollow\" \/>\n<meta property=\"og:locale\" content=\"de_DE\" \/>\n<meta property=\"og:type\" content=\"article\" \/>\n<meta property=\"og:title\" content=\"Impressum - Black-Jack.com Deutsch\" \/>\n<meta property=\"og:url\" content=\"https:\/\/black-jack.com\/de\/impressum\/\" \/>\n<meta property=\"og:site_name\" content=\"Black-Jack.com Deutsch\" \/>\n<meta property=\"article:modified_time\" content=\"2025-02-20T13:51:13+00:00\" \/>\n<meta property=\"og:image\" content=\"https:\/\/black-jack.com\/wp-content\/uploads\/2018\/10\/high-roller.net-en-imprint.jpg\" \/>\n<meta name=\"twitter:card\" content=\"summary_large_image\" \/>\n<meta name=\"twitter:label1\" content=\"Gesch\u00e4tzte Lesezeit\" \/>\n\t<meta name=\"twitter:data1\" content=\"1\u00a0Minute\" \/>\n<script type=\"application\/ld+json\" class=\"yoast-schema-graph\">{\"@context\":\"https:\/\/schema.org\",\"@graph\":[{\"@type\":\"WebPage\",\"@id\":\"https:\/\/black-jack.com\/de\/impressum\/\",\"url\":\"https:\/\/black-jack.com\/de\/impressum\/\",\"name\":\"Impressum - Black-Jack.com Deutsch\",\"isPartOf\":{\"@id\":\"https:\/\/black-jack.com\/de\/#website\"},\"primaryImageOfPage\":{\"@id\":\"https:\/\/black-jack.com\/de\/impressum\/#primaryimage\"},\"image\":{\"@id\":\"https:\/\/black-jack.com\/de\/impressum\/#primaryimage\"},\"thumbnailUrl\":\"https:\/\/black-jack.com\/wp-content\/uploads\/2018\/10\/high-roller.net-en-imprint.jpg\",\"datePublished\":\"2018-10-15T11:15:12+00:00\",\"dateModified\":\"2025-02-20T13:51:13+00:00\",\"breadcrumb\":{\"@id\":\"https:\/\/black-jack.com\/de\/impressum\/#breadcrumb\"},\"inLanguage\":\"de\",\"potentialAction\":[{\"@type\":\"ReadAction\",\"target\":[\"https:\/\/black-jack.com\/de\/impressum\/\"]}]},{\"@type\":\"ImageObject\",\"inLanguage\":\"de\",\"@id\":\"https:\/\/black-jack.com\/de\/impressum\/#primaryimage\",\"url\":\"https:\/\/black-jack.com\/wp-content\/uploads\/2018\/10\/high-roller.net-en-imprint.jpg\",\"contentUrl\":\"https:\/\/black-jack.com\/wp-content\/uploads\/2018\/10\/high-roller.net-en-imprint.jpg\"},{\"@type\":\"BreadcrumbList\",\"@id\":\"https:\/\/black-jack.com\/de\/impressum\/#breadcrumb\",\"itemListElement\":[{\"@type\":\"ListItem\",\"position\":1,\"name\":\"Home\",\"item\":\"https:\/\/black-jack.com\/de\/\"},{\"@type\":\"ListItem\",\"position\":2,\"name\":\"Impressum\"}]},{\"@type\":\"WebSite\",\"@id\":\"https:\/\/black-jack.com\/de\/#website\",\"url\":\"https:\/\/black-jack.com\/de\/\",\"name\":\"Black-Jack.com Deutsch\",\"description\":\"\",\"potentialAction\":[{\"@type\":\"SearchAction\",\"target\":{\"@type\":\"EntryPoint\",\"urlTemplate\":\"https:\/\/black-jack.com\/de\/?s={search_term_string}\"},\"query-input\":{\"@type\":\"PropertyValueSpecification\",\"valueRequired\":true,\"valueName\":\"search_term_string\"}}],\"inLanguage\":\"de\"}]}<\/script>\n<!-- \/ Yoast SEO plugin. -->","yoast_head_json":{"title":"Impressum - Black-Jack.com Deutsch","robots":{"index":"noindex","follow":"nofollow"},"og_locale":"de_DE","og_type":"article","og_title":"Impressum - Black-Jack.com Deutsch","og_url":"https:\/\/black-jack.com\/de\/impressum\/","og_site_name":"Black-Jack.com Deutsch","article_modified_time":"2025-02-20T13:51:13+00:00","og_image":[{"url":"https:\/\/black-jack.com\/wp-content\/uploads\/2018\/10\/high-roller.net-en-imprint.jpg","type":"","width":"","height":""}],"twitter_card":"summary_large_image","twitter_misc":{"Gesch\u00e4tzte Lesezeit":"1\u00a0Minute"},"schema":{"@context":"https:\/\/schema.org","@graph":[{"@type":"WebPage","@id":"https:\/\/black-jack.com\/de\/impressum\/","url":"https:\/\/black-jack.com\/de\/impressum\/","name":"Impressum - Black-Jack.com Deutsch","isPartOf":{"@id":"https:\/\/black-jack.com\/de\/#website"},"primaryImageOfPage":{"@id":"https:\/\/black-jack.com\/de\/impressum\/#primaryimage"},"image":{"@id":"https:\/\/black-jack.com\/de\/impressum\/#primaryimage"},"thumbnailUrl":"https:\/\/black-jack.com\/wp-content\/uploads\/2018\/10\/high-roller.net-en-imprint.jpg","datePublished":"2018-10-15T11:15:12+00:00","dateModified":"2025-02-20T13:51:13+00:00","breadcrumb":{"@id":"https:\/\/black-jack.com\/de\/impressum\/#breadcrumb"},"inLanguage":"de","potentialAction":[{"@type":"ReadAction","target":["https:\/\/black-jack.com\/de\/impressum\/"]}]},{"@type":"ImageObject","inLanguage":"de","@id":"https:\/\/black-jack.com\/de\/impressum\/#primaryimage","url":"https:\/\/black-jack.com\/wp-content\/uploads\/2018\/10\/high-roller.net-en-imprint.jpg","contentUrl":"https:\/\/black-jack.com\/wp-content\/uploads\/2018\/10\/high-roller.net-en-imprint.jpg"},{"@type":"BreadcrumbList","@id":"https:\/\/black-jack.com\/de\/impressum\/#breadcrumb","itemListElement":[{"@type":"ListItem","position":1,"name":"Home","item":"https:\/\/black-jack.com\/de\/"},{"@type":"ListItem","position":2,"name":"Impressum"}]},{"@type":"WebSite","@id":"https:\/\/black-jack.com\/de\/#website","url":"https:\/\/black-jack.com\/de\/","name":"Black-Jack.com Deutsch","description":"","potentialAction":[{"@type":"SearchAction","target":{"@type":"EntryPoint","urlTemplate":"https:\/\/black-jack.com\/de\/?s={search_term_string}"},"query-input":{"@type":"PropertyValueSpecification","valueRequired":true,"valueName":"search_term_string"}}],"inLanguage":"de"}]}},"_links":{"self":[{"href":"https:\/\/black-jack.com\/de\/wp-json\/wp\/v2\/pages\/12","targetHints":{"allow":["GET"]}}],"collection":[{"href":"https:\/\/black-jack.com\/de\/wp-json\/wp\/v2\/pages"}],"about":[{"href":"https:\/\/black-jack.com\/de\/wp-json\/wp\/v2\/types\/page"}],"author":[{"embeddable":true,"href":"https:\/\/black-jack.com\/de\/wp-json\/wp\/v2\/users\/1"}],"replies":[{"embeddable":true,"href":"https:\/\/black-jack.com\/de\/wp-json\/wp\/v2\/comments?post=12"}],"version-history":[{"count":11,"href":"https:\/\/black-jack.com\/de\/wp-json\/wp\/v2\/pages\/12\/revisions"}],"predecessor-version":[{"id":6958,"href":"https:\/\/black-jack.com\/de\/wp-json\/wp\/v2\/pages\/12\/revisions\/6958"}],"wp:attachment":[{"href":"https:\/\/black-jack.com\/de\/wp-json\/wp\/v2\/media?parent=12"}],"wp:term":[{"taxonomy":"category","embeddable":true,"href":"https:\/\/black-jack.com\/de\/wp-json\/wp\/v2\/categories?post=12"},{"taxonomy":"post_tag","embeddable":true,"href":"https:\/\/black-jack.com\/de\/wp-json\/wp\/v2\/tags?post=12"}],"curies":[{"name":"wp","href":"https:\/\/api.w.org\/{rel}","templated":true}]}}