{"id":1133,"date":"2018-11-07T10:44:49","date_gmt":"2018-11-07T10:44:49","guid":{"rendered":"http:\/\/black-jack.com.test\/?page_id=1133"},"modified":"2019-02-08T10:23:25","modified_gmt":"2019-02-08T10:23:25","slug":"confirm","status":"publish","type":"page","link":"https:\/\/black-jack.com\/de\/subscribe\/confirm\/","title":{"rendered":"Confirm"},"content":{"rendered":"","protected":false},"excerpt":{"rendered":"","protected":false},"author":1,"featured_media":0,"parent":1129,"menu_order":0,"comment_status":"closed","ping_status":"closed","template":"templates\/template-subscribe.php","meta":{"_acf_changed":false,"footnotes":""},"categories":[2],"tags":[],"class_list":["post-1133","page","type-page","status-publish","hentry","category-rss-exclude"],"acf":{"amp":"no","menu_type":"full","page_builder":[{"acf_fc_layout":"section_full_width","section_full_width":[{"acf_fc_layout":"title_text_and_button","label_choices":"","label_align":"left","label":"","title_choices":"h2","title_align":"center","title":"Fast am Ziel! <\/br> Best\u00e4tigen Sie Ihre Anmeldung","subtitle_choices":"h4","subtitle_align":"left","subtitle":"","paragraph_choices":"p","paragraph_align":"center","text":"<p>Wir haben\u00a0Ihnen gerade\u00a0eine\u00a0Email geschickt, in welcher Sie den Best\u00e4tigungslink finden. Um Ihre Registrierung abzuschlie\u00dfen, folgen Sie bitte den Anweisungen in der Email. \u00dcberpr\u00fcfen Sie bitte auch Ihren Spam Ordner, falls die Mail nicht in ihrem Postfach angekommen ist.<\/p>\n","read_more_group":{"option":"no","max_chars":300,"label_choices":"rm","read_more":"Read More","show_less":"Show Less"},"buttons":{"button_check":true,"button_type":"btn-v1","text":"Back to Home","target_type":"link","link_type":"","link":"internal","operators":{"operator":"","operator_type_top":false,"operator_type_single":false,"operator_name_casino":false,"operator_name_sport":false,"operator_name_poker":false,"operator_name_bingo":false,"operator_name_lotto":false},"internal":{"title":"","url":"\/","target":""},"external":"","select_border":"none","arrow":false},"text_color":"dark","box_shadow_select":"none","bg_type":"color","bg_image":false,"bg_color_type":"solid","background_color_versions":"bg-c1","gradient_versions":false}]}],"title":"Almost there! Activate your subscription","breadcrumbs":"","description":"We have just sent you an email that includes an activation link.To confirm your registration, please follow the instructions in the email we sent you. Please also check your spam folder if you can not find the email in your inbox.","seo":{"title":"Almost there! Activate your subscription","breadcrumbs":"","description":"We have just sent you an email that includes an activation link.To confirm your registration, please follow the instructions in the email we sent you. Please also check your spam folder if you can not find the email in your inbox."},"custom_page_description":"","custom_page_order":"0"},"yoast_head":"<!-- This site is optimized with the Yoast SEO plugin v26.7 - https:\/\/yoast.com\/wordpress\/plugins\/seo\/ -->\n<title>Best\u00e4tigung Ihrer Anmeldung - Black-jack.com<\/title>\n<meta name=\"description\" content=\"We have just sent you an email that includes an activation link.To confirm your registration, please follow the instructions in the email we sent you. Please also check your spam folder if you can not find the email in your inbox.\" \/>\n<meta name=\"robots\" content=\"noindex, nofollow\" \/>\n<meta property=\"og:locale\" content=\"de_DE\" \/>\n<meta property=\"og:type\" content=\"article\" \/>\n<meta property=\"og:title\" content=\"Best\u00e4tigung Ihrer Anmeldung - Black-jack.com\" \/>\n<meta property=\"og:url\" content=\"https:\/\/black-jack.com\/de\/subscribe\/confirm\/\" \/>\n<meta property=\"og:site_name\" content=\"Black-Jack.com Deutsch\" \/>\n<meta property=\"article:modified_time\" content=\"2019-02-08T10:23:25+00:00\" \/>\n<meta name=\"twitter:card\" content=\"summary_large_image\" \/>\n<script type=\"application\/ld+json\" class=\"yoast-schema-graph\">{\"@context\":\"https:\/\/schema.org\",\"@graph\":[{\"@type\":\"WebPage\",\"@id\":\"https:\/\/black-jack.com\/de\/subscribe\/confirm\/\",\"url\":\"https:\/\/black-jack.com\/de\/subscribe\/confirm\/\",\"name\":\"Best\u00e4tigung Ihrer Anmeldung - Black-jack.com\",\"isPartOf\":{\"@id\":\"https:\/\/black-jack.com\/de\/#website\"},\"datePublished\":\"2018-11-07T10:44:49+00:00\",\"dateModified\":\"2019-02-08T10:23:25+00:00\",\"description\":\"We have just sent you an email that includes an activation link.To confirm your registration, please follow the instructions in the email we sent you. Please also check your spam folder if you can not find the email in your inbox.\",\"breadcrumb\":{\"@id\":\"https:\/\/black-jack.com\/de\/subscribe\/confirm\/#breadcrumb\"},\"inLanguage\":\"de\",\"potentialAction\":[{\"@type\":\"ReadAction\",\"target\":[\"https:\/\/black-jack.com\/de\/subscribe\/confirm\/\"]}]},{\"@type\":\"BreadcrumbList\",\"@id\":\"https:\/\/black-jack.com\/de\/subscribe\/confirm\/#breadcrumb\",\"itemListElement\":[{\"@type\":\"ListItem\",\"position\":1,\"name\":\"Home\",\"item\":\"https:\/\/black-jack.com\/de\/\"},{\"@type\":\"ListItem\",\"position\":2,\"name\":\"Subscribe\",\"item\":\"https:\/\/black-jack.com\/de\/subscribe\/\"},{\"@type\":\"ListItem\",\"position\":3,\"name\":\"Confirm\"}]},{\"@type\":\"WebSite\",\"@id\":\"https:\/\/black-jack.com\/de\/#website\",\"url\":\"https:\/\/black-jack.com\/de\/\",\"name\":\"Black-Jack.com Deutsch\",\"description\":\"\",\"potentialAction\":[{\"@type\":\"SearchAction\",\"target\":{\"@type\":\"EntryPoint\",\"urlTemplate\":\"https:\/\/black-jack.com\/de\/?s={search_term_string}\"},\"query-input\":{\"@type\":\"PropertyValueSpecification\",\"valueRequired\":true,\"valueName\":\"search_term_string\"}}],\"inLanguage\":\"de\"}]}<\/script>\n<!-- \/ Yoast SEO plugin. -->","yoast_head_json":{"title":"Best\u00e4tigung Ihrer Anmeldung - Black-jack.com","description":"We have just sent you an email that includes an activation link.To confirm your registration, please follow the instructions in the email we sent you. Please also check your spam folder if you can not find the email in your inbox.","robots":{"index":"noindex","follow":"nofollow"},"og_locale":"de_DE","og_type":"article","og_title":"Best\u00e4tigung Ihrer Anmeldung - Black-jack.com","og_url":"https:\/\/black-jack.com\/de\/subscribe\/confirm\/","og_site_name":"Black-Jack.com Deutsch","article_modified_time":"2019-02-08T10:23:25+00:00","twitter_card":"summary_large_image","schema":{"@context":"https:\/\/schema.org","@graph":[{"@type":"WebPage","@id":"https:\/\/black-jack.com\/de\/subscribe\/confirm\/","url":"https:\/\/black-jack.com\/de\/subscribe\/confirm\/","name":"Best\u00e4tigung Ihrer Anmeldung - Black-jack.com","isPartOf":{"@id":"https:\/\/black-jack.com\/de\/#website"},"datePublished":"2018-11-07T10:44:49+00:00","dateModified":"2019-02-08T10:23:25+00:00","description":"We have just sent you an email that includes an activation link.To confirm your registration, please follow the instructions in the email we sent you. Please also check your spam folder if you can not find the email in your inbox.","breadcrumb":{"@id":"https:\/\/black-jack.com\/de\/subscribe\/confirm\/#breadcrumb"},"inLanguage":"de","potentialAction":[{"@type":"ReadAction","target":["https:\/\/black-jack.com\/de\/subscribe\/confirm\/"]}]},{"@type":"BreadcrumbList","@id":"https:\/\/black-jack.com\/de\/subscribe\/confirm\/#breadcrumb","itemListElement":[{"@type":"ListItem","position":1,"name":"Home","item":"https:\/\/black-jack.com\/de\/"},{"@type":"ListItem","position":2,"name":"Subscribe","item":"https:\/\/black-jack.com\/de\/subscribe\/"},{"@type":"ListItem","position":3,"name":"Confirm"}]},{"@type":"WebSite","@id":"https:\/\/black-jack.com\/de\/#website","url":"https:\/\/black-jack.com\/de\/","name":"Black-Jack.com Deutsch","description":"","potentialAction":[{"@type":"SearchAction","target":{"@type":"EntryPoint","urlTemplate":"https:\/\/black-jack.com\/de\/?s={search_term_string}"},"query-input":{"@type":"PropertyValueSpecification","valueRequired":true,"valueName":"search_term_string"}}],"inLanguage":"de"}]}},"_links":{"self":[{"href":"https:\/\/black-jack.com\/de\/wp-json\/wp\/v2\/pages\/1133","targetHints":{"allow":["GET"]}}],"collection":[{"href":"https:\/\/black-jack.com\/de\/wp-json\/wp\/v2\/pages"}],"about":[{"href":"https:\/\/black-jack.com\/de\/wp-json\/wp\/v2\/types\/page"}],"author":[{"embeddable":true,"href":"https:\/\/black-jack.com\/de\/wp-json\/wp\/v2\/users\/1"}],"replies":[{"embeddable":true,"href":"https:\/\/black-jack.com\/de\/wp-json\/wp\/v2\/comments?post=1133"}],"version-history":[{"count":1,"href":"https:\/\/black-jack.com\/de\/wp-json\/wp\/v2\/pages\/1133\/revisions"}],"predecessor-version":[{"id":5625,"href":"https:\/\/black-jack.com\/de\/wp-json\/wp\/v2\/pages\/1133\/revisions\/5625"}],"up":[{"embeddable":true,"href":"https:\/\/black-jack.com\/de\/wp-json\/wp\/v2\/pages\/1129"}],"wp:attachment":[{"href":"https:\/\/black-jack.com\/de\/wp-json\/wp\/v2\/media?parent=1133"}],"wp:term":[{"taxonomy":"category","embeddable":true,"href":"https:\/\/black-jack.com\/de\/wp-json\/wp\/v2\/categories?post=1133"},{"taxonomy":"post_tag","embeddable":true,"href":"https:\/\/black-jack.com\/de\/wp-json\/wp\/v2\/tags?post=1133"}],"curies":[{"name":"wp","href":"https:\/\/api.w.org\/{rel}","templated":true}]}}